{"id":5692,"date":"2026-02-03T16:02:58","date_gmt":"2026-02-03T14:02:58","guid":{"rendered":"https:\/\/demo8.izveide.id.lv\/?post_type=product&#038;p=5692"},"modified":"2026-02-18T17:16:34","modified_gmt":"2026-02-18T15:16:34","slug":"flore-gleisbahnfett","status":"publish","type":"product","link":"https:\/\/e-flore.store\/de\/produkt\/flore-gleisbahnfett\/","title":{"rendered":"Flore Gleisbahnfett"},"content":{"rendered":"<p><img decoding=\"async\" style=\"width: 100%; height: auto; display: block;\" src=\"\/wp-content\/uploads\/2026\/01\/0865-PARENT_desc.jpg\" \/><\/p>\n<div id=\"eflore-spacer-v55\" style=\"height: 0px; clear: both; width: 100%; display: block;\"><\/div>\n<p style=\"margin-bottom: 10px; margin-top: 30px;\"><strong>CALCIUMVERSEIFTES SCHMIERFETT<\/strong><\/p>\n<p style=\"margin-bottom: 10px; margin-top: 30px;\"><strong>FLORE GLEISBAHNFETT<\/strong><\/p>\n<p style=\"margin-bottom: 10px; margin-top: 30px;\">ist ein calciumverseiftes Schmierfett, auf Basis biologisch abbaubarer Grund\u00f6le, verg\u00fctet mit Graphit. Flore Gleisbahnfett zeichnet sich durch nachstehende Eigenschaften aus:<\/p>\n<p style=\"margin-bottom: 8px; margin-top: 0px; line-height: 1.6;\">&#8211; wasserbest\u00e4ndig<\/p>\n<p style=\"margin-bottom: 8px; margin-top: 0px; line-height: 1.6;\">&#8211; sehr leicht f\u00f6rderbar<\/p>\n<p style=\"margin-bottom: 8px; margin-top: 0px; line-height: 1.6;\">&#8211; pump- und spr\u00fchf\u00e4hig im Temperaturbereich von -25 \u00b0C und + 80 \u00b0C<\/p>\n<p style=\"margin-bottom: 8px; margin-top: 0px; line-height: 1.6;\">&#8211; ausgezeichnetes Haftverm\u00f6gen<\/p>\n<p style=\"margin-bottom: 10px; margin-top: 30px;\"><strong>ANWENDUNGSBEREICHE<\/strong><\/p>\n<p style=\"margin-bottom: 8px; margin-top: 0px; line-height: 1.6;\">Flore Gleisbahnfett eignet sich zur Schmierung der Ber\u00fchrungsfl\u00e4chen Radspurkranz \/ Schienenflanke von Fahrzeugen aller Art, sowie zur Schmierung der Gleitfl\u00e4chen an Weichen, Zug- und Sto\u00dfeinrichtungen, wo eine schnelle biologische Abbaubarkeit gew\u00fcnscht ist. Greift Metalle, Kunststoffe und Gummi nicht an und bietet einen angemessenen Korrosionsschutz. Das Produkt entspricht den Anforderungen der Deutschen Bahn AG.<\/p>\n<p style=\"margin-bottom: 10px; margin-top: 30px;\"><strong>VERARBEITUNSHINWEISE<\/strong><\/p>\n<p style=\"margin-bottom: 8px; margin-top: 0px; line-height: 1.6;\">Flore Gleisbahnfett ist aufgrund seiner weichen Konsistenz f\u00fcr automatische Schmierger\u00e4te hervorragend geeignet.<\/p>\n<p style=\"margin-bottom: 10px; margin-top: 30px;\"><strong>TECHNISCHE DATEN<\/strong><\/p>\n<p style=\"margin-bottom: 8px; margin-top: 0px; line-height: 1.6;\"><strong>Gebrauchstemperaturbereich bei Dauerschmierung<\/strong>: -30 bis +85 \u00b0C<\/p>\n<p style=\"margin-bottom: 8px; margin-top: 0px; line-height: 1.6;\"><strong>Tropfpunkt<\/strong>: + 175 \u00b0C (DIN 2176)<\/p>\n<p style=\"margin-bottom: 8px; margin-top: 0px; line-height: 1.6;\"><strong>Wasserbest\u00e4ndigkeit<\/strong>: 1-90 (DIN 51 807)<\/p>\n<p style=\"margin-bottom: 8px; margin-top: 0px; line-height: 1.6;\"><strong>Seifenbasis<\/strong>: Calcium<\/p>\n<p style=\"margin-bottom: 8px; margin-top: 0px; line-height: 1.6;\"><strong>Grund\u00f6lviskosit\u00e4t bei 40 \u00b0C<\/strong>: 25 mm\u00b2\/s (DIN 51 562)<\/p>\n<p style=\"margin-bottom: 8px; margin-top: 0px; line-height: 1.6;\"><strong>Grund\u00f6lviskosit\u00e4t bei 100 \u00b0C<\/strong>: 6 mm\u00b2\/s (DIN 51 562)<\/p>\n<p style=\"margin-bottom: 8px; margin-top: 0px; line-height: 1.6;\"><strong>Bezeichnung<\/strong>: MFE 00 E-300 (DIN 51 502)<\/p>\n<p style=\"margin-bottom: 8px; margin-top: 0px; line-height: 1.6;\"><strong>NLGI- Klasse<\/strong>: 000<\/p>\n<p style=\"margin-bottom: 8px; margin-top: 0px; line-height: 1.6;\"><strong>Biologische Abbaubarkeit<\/strong>: &gt;90% (21 Tage)<\/p>\n<p style=\"margin-bottom: 8px; margin-top: 0px; line-height: 1.6;\"><strong>INHALTSSTOFFE<\/strong>: synthetische und native Ester, Graphit<\/p>\n","protected":false},"excerpt":{"rendered":"<p>CALCIUMVERSEIFTES SCHMIERFETT FLORE GLEISBAHNFETT ist ein calciumverseiftes Schmierfett, auf Basis biologisch abbaubarer Grund\u00f6le, verg\u00fctet mit Graphit. Flore Gleisbahnfett zeichnet sich durch nachstehende Eigenschaften aus: &#8211; wasserbest\u00e4ndig &#8211; sehr leicht f\u00f6rderbar &#8211; pump- und spr\u00fchf\u00e4hig im Temperaturbereich von -25 \u00b0C und + 80 \u00b0C &#8211; ausgezeichnetes Haftverm\u00f6gen ANWENDUNGSBEREICHE Flore Gleisbahnfett eignet sich zur Schmierung der Ber\u00fchrungsfl\u00e4chen&#8230;<\/p>\n","protected":false},"featured_media":5693,"template":"","meta":[],"product_brand":[337],"product_cat":[354,399,393],"product_tag":[],"class_list":{"0":"post-5692","1":"product","2":"type-product","3":"status-publish","4":"has-post-thumbnail","6":"product_brand-flore-chemie","7":"product_cat-flore-chemie-produkte","8":"product_cat-schmiermittel-lagerfett","9":"product_cat-hochwirksame-reinigungs-und-schmiermittel","11":"first","12":"instock","13":"shipping-taxable","14":"purchasable","15":"product-type-simple"},"_links":{"self":[{"href":"https:\/\/e-flore.store\/de\/wp-json\/wp\/v2\/product\/5692","targetHints":{"allow":["GET"]}}],"collection":[{"href":"https:\/\/e-flore.store\/de\/wp-json\/wp\/v2\/product"}],"about":[{"href":"https:\/\/e-flore.store\/de\/wp-json\/wp\/v2\/types\/product"}],"wp:featuredmedia":[{"embeddable":true,"href":"https:\/\/e-flore.store\/de\/wp-json\/wp\/v2\/media\/5693"}],"wp:attachment":[{"href":"https:\/\/e-flore.store\/de\/wp-json\/wp\/v2\/media?parent=5692"}],"wp:term":[{"taxonomy":"product_brand","embeddable":true,"href":"https:\/\/e-flore.store\/de\/wp-json\/wp\/v2\/product_brand?post=5692"},{"taxonomy":"product_cat","embeddable":true,"href":"https:\/\/e-flore.store\/de\/wp-json\/wp\/v2\/product_cat?post=5692"},{"taxonomy":"product_tag","embeddable":true,"href":"https:\/\/e-flore.store\/de\/wp-json\/wp\/v2\/product_tag?post=5692"}],"curies":[{"name":"wp","href":"https:\/\/api.w.org\/{rel}","templated":true}]}}