{"id":5694,"date":"2026-02-03T16:02:58","date_gmt":"2026-02-03T14:02:58","guid":{"rendered":"https:\/\/demo8.izveide.id.lv\/?post_type=product&#038;p=5694"},"modified":"2026-02-18T17:15:47","modified_gmt":"2026-02-18T15:15:47","slug":"flor-plus-super-grease-1400-spray-gleitmittel-as-1400","status":"publish","type":"product","link":"https:\/\/e-flore.store\/de\/produkt\/flor-plus-super-grease-1400-spray-gleitmittel-as-1400\/","title":{"rendered":"Flor Plus Super Grease 1400 Spray \/ Gleitmittel AS 1400"},"content":{"rendered":"<p><img decoding=\"async\" style=\"width: 100%; height: auto; display: block;\" src=\"\/wp-content\/uploads\/2026\/01\/0187-PARENT_desc.jpg\" \/><\/p>\n<div id=\"eflore-spacer-v55\" style=\"height: 0px; clear: both; width: 100%; display: block;\"><\/div>\n<p style=\"margin-bottom: 10px; margin-top: 30px;\"><strong>NICHTMETALLISCHER HOCHTEMPERATUR- UND DRUCKBEST\u00c4NDIGES HOCHLEISTUNGSSCHMIERSTOFF. KERAMIKBASIS<\/strong><\/p>\n<p style=\"margin-bottom: 10px; margin-top: 30px;\"><strong>FLOR\u00ae PLUS SUPER GREASE 1400<\/strong><\/p>\n<p style=\"margin-bottom: 8px; margin-top: 0px; line-height: 1.6;\">ist ein wei\u00dfer keramischer Festschmierstoff, der \u00fcberall eingesetzt werden kann, wo dunkelfarbige oder metallpulverhaltige Mittel nicht verwendet werden d\u00fcrfen. Temperaturbest\u00e4ndig von -20 \u00b0C bis +1400 \u00b0C und geeignet f\u00fcr Drehgeschwindigkeiten bis max. 150 U\/min., verhindert FLOR\u00ae PLUS SUPER GREASE 1400 sowohl die galvanische als auch die Graphitkorrosion und Kaltverschwei\u00dfung. Dank dieses salzwasserfesten und s\u00e4ure- sowie laugenbest\u00e4ndigen Produktes k\u00f6nnen behandelte Teile auch nach Jahren noch leicht und sicher gel\u00f6st werden.<\/p>\n<p style=\"margin-bottom: 10px; margin-top: 30px;\"><strong>ANWENDUNGSBEREICHE<\/strong><\/p>\n<p style=\"margin-bottom: 8px; margin-top: 0px; line-height: 1.6;\">FLOR\u00ae PLUS SUPER GREASE 1400\u00a0 verhindert Oxidation, Korrosion und Metallverschwei\u00dfung durch Wasser, Laugen, S\u00e4uren, Streusalz, aggressives Klima, hohe Temperaturen bei gleichzeitig hoher Druckbelastung. Gewinde, Flansche, Flachdichtungen, Pumpengeh\u00e4use, Zylinderk\u00f6pfe etc.<\/p>\n<p style=\"margin-bottom: 10px; margin-top: 30px;\"><strong>VERARBEITUNGSHINWEISE<\/strong><\/p>\n<p style=\"margin-bottom: 8px; margin-top: 0px; line-height: 1.6;\">Vor Gebrauch ca. 1 Min. sch\u00fctteln. FLOR\u00ae PLUS SUPER GREASE 1400\u00a0 d\u00fcnn und gleichm\u00e4\u00dfig aus beliebiger Entfernung aufspr\u00fchen. Das verl\u00e4ngerte Spr\u00fchrohr garantiert ausreichenden Sicherheitsabstand f\u00fcr die H\u00e4nde bei laufenden Maschinen.<\/p>\n<p style=\"margin-bottom: 10px; margin-top: 30px;\"><strong>TECHNISCHE DATEN<\/strong><\/p>\n<p style=\"margin-bottom: 8px; margin-top: 0px; line-height: 1.6;\"><strong>Form<\/strong>: Aerosol<\/p>\n<p style=\"margin-bottom: 8px; margin-top: 0px; line-height: 1.6;\"><strong>Dichte (20 \u00b0C)<\/strong>: ca. 0,64 g\/cm\u00b3 \/ 1,01 g\/ml<\/p>\n<p style=\"margin-bottom: 8px; margin-top: 0px; line-height: 1.6;\"><strong>Druckbest\u00e4ndigkeit<\/strong>: bis Materialflu\u00dfgrenze (= \u00fcber 20.000 bar)<\/p>\n<p style=\"margin-bottom: 8px; margin-top: 0px; line-height: 1.6;\"><strong>Treibgas<\/strong>: Propan\/Butan<\/p>\n<p style=\"margin-bottom: 8px; margin-top: 0px; line-height: 1.6;\"><strong>INHALTSSTOFFE<\/strong>: metallverseiftes Fett, Gelfett, mineralische Selektivraffinate, naphthenisches Kohlenwasserstoffgemisch, Hydrophobierungsmittel, nichtmetallische Festschmierstoffe<\/p>\n<p style=\"margin-bottom: 10px; margin-top: 30px;\"><strong>Ebenfalls erh<\/strong><strong>\u00e4<\/strong><strong>ltlich als<\/strong>: pastos<\/p>\n","protected":false},"excerpt":{"rendered":"<p>NICHTMETALLISCHER HOCHTEMPERATUR- UND DRUCKBEST\u00c4NDIGES HOCHLEISTUNGSSCHMIERSTOFF. KERAMIKBASIS FLOR\u00ae PLUS SUPER GREASE 1400 ist ein wei\u00dfer keramischer Festschmierstoff, der \u00fcberall eingesetzt werden kann, wo dunkelfarbige oder metallpulverhaltige Mittel nicht verwendet werden d\u00fcrfen. Temperaturbest\u00e4ndig von -20 \u00b0C bis +1400 \u00b0C und geeignet f\u00fcr Drehgeschwindigkeiten bis max. 150 U\/min., verhindert FLOR\u00ae PLUS SUPER GREASE 1400 sowohl die galvanische als&#8230;<\/p>\n","protected":false},"featured_media":5695,"template":"","meta":[],"product_brand":[337],"product_cat":[354,399,393],"product_tag":[],"class_list":{"0":"post-5694","1":"product","2":"type-product","3":"status-publish","4":"has-post-thumbnail","6":"product_brand-flore-chemie","7":"product_cat-flore-chemie-produkte","8":"product_cat-schmiermittel-lagerfett","9":"product_cat-hochwirksame-reinigungs-und-schmiermittel","11":"first","12":"instock","13":"shipping-taxable","14":"purchasable","15":"product-type-variable","16":"has-default-attributes"},"_links":{"self":[{"href":"https:\/\/e-flore.store\/de\/wp-json\/wp\/v2\/product\/5694","targetHints":{"allow":["GET"]}}],"collection":[{"href":"https:\/\/e-flore.store\/de\/wp-json\/wp\/v2\/product"}],"about":[{"href":"https:\/\/e-flore.store\/de\/wp-json\/wp\/v2\/types\/product"}],"wp:featuredmedia":[{"embeddable":true,"href":"https:\/\/e-flore.store\/de\/wp-json\/wp\/v2\/media\/5695"}],"wp:attachment":[{"href":"https:\/\/e-flore.store\/de\/wp-json\/wp\/v2\/media?parent=5694"}],"wp:term":[{"taxonomy":"product_brand","embeddable":true,"href":"https:\/\/e-flore.store\/de\/wp-json\/wp\/v2\/product_brand?post=5694"},{"taxonomy":"product_cat","embeddable":true,"href":"https:\/\/e-flore.store\/de\/wp-json\/wp\/v2\/product_cat?post=5694"},{"taxonomy":"product_tag","embeddable":true,"href":"https:\/\/e-flore.store\/de\/wp-json\/wp\/v2\/product_tag?post=5694"}],"curies":[{"name":"wp","href":"https:\/\/api.w.org\/{rel}","templated":true}]}}