{"id":5700,"date":"2026-02-03T16:02:59","date_gmt":"2026-02-03T14:02:59","guid":{"rendered":"https:\/\/demo8.izveide.id.lv\/?post_type=product&#038;p=5700"},"modified":"2026-02-18T17:18:14","modified_gmt":"2026-02-18T15:18:14","slug":"flor-plus-super-grease-1000-spray-gleitmetall-as-1000-extra-fest","status":"publish","type":"product","link":"https:\/\/e-flore.store\/de\/produkt\/flor-plus-super-grease-1000-spray-gleitmetall-as-1000-extra-fest\/","title":{"rendered":"Flor Plus Super Grease 1000 spray \/ Gleitmetall AS 1000 extra fest"},"content":{"rendered":"<p><img decoding=\"async\" style=\"width: 100%; height: auto; display: block;\" src=\"\/wp-content\/uploads\/2026\/01\/0056-PARENT_desc.jpg\" \/><\/p>\n<div id=\"eflore-spacer-v55\" style=\"height: 0px; clear: both; width: 100%; display: block;\"><\/div>\n<p style=\"margin-bottom: 10px; margin-top: 30px;\"><strong>SPEZIALSCHMIERMITTEL AUF ALUMINIUMBASIS<\/strong><\/p>\n<p style=\"margin-bottom: 10px; margin-top: 30px;\"><strong>FLOR\u00ae PLUS SUPER GREASE 1000<\/strong><\/p>\n<p style=\"margin-bottom: 8px; margin-top: 0px; line-height: 1.6;\">Verhindert das Festfressen von Schrauben, Bolzen, Rollen etc., die normalerweise durch Kaltverschwei\u00dfung, Schlag, Sto\u00df, Korrosion, Rost oder Temperatureinfl\u00fcsse nicht mehr l\u00f6sbar sind. FLOR\u00ae PLUS SUPER GREASE 1000 ist best\u00e4ndig gegen S\u00e4uren, Laugen, aggressive D\u00e4mpfe und Feuchtigkeit und verh\u00e4lt sich neutral gegen\u00fcber Metallen, Gummi und Kunststoff.<\/p>\n<p style=\"margin-bottom: 10px; margin-top: 30px;\"><strong>ANWENDUNGSBEREICHE<\/strong><\/p>\n<p style=\"margin-bottom: 8px; margin-top: 0px; line-height: 1.6;\">Werkzeugmontage, Spritzguss- und Pr\u00e4gemaschinen, Spannschrauben, Bolzen, Zahnr\u00e4der, Ketten, Brenner, Kesselarmaturen, Rohrleitungen, Drucklufth\u00e4mmer, Gelenkwellen, Elektromotorb\u00fcrsten.<\/p>\n<p style=\"margin-bottom: 10px; margin-top: 30px;\"><strong>VERARBEITUNGSHINWEISE<\/strong><\/p>\n<p style=\"margin-bottom: 8px; margin-top: 0px; line-height: 1.6;\">FLOR\u00ae PLUS SUPER GREASE 1000 vor Gebrauch gut sch\u00fctteln und direkt auf die zu schmierende Verbindung spr\u00fchen.<\/p>\n<p style=\"margin-bottom: 10px; margin-top: 30px;\"><strong>TECHNISCHE DATEN<\/strong><\/p>\n<p style=\"margin-bottom: 8px; margin-top: 0px; line-height: 1.6;\"><strong>Form<\/strong>: Aerosol<\/p>\n<p style=\"margin-bottom: 8px; margin-top: 0px; line-height: 1.6;\"><strong>Dichte (20 \u00b0C)<\/strong>: 0,868 g\/cm\u00b3 (Wirkstoff)<\/p>\n<p style=\"margin-bottom: 8px; margin-top: 0px; line-height: 1.6;\"><strong>Temperaturbest\u00e4ndigkeit<\/strong>: -180 \u00b0C bis +1000 \u00b0C (Wirkstoff)<\/p>\n<p style=\"margin-bottom: 8px; margin-top: 0px; line-height: 1.6;\"><strong>Treibgas<\/strong>: Propan\/Butan<\/p>\n<p style=\"margin-bottom: 8px; margin-top: 0px; line-height: 1.6;\"><strong>INHALTSSTOFFE<\/strong>: mineralselektive Raffinate, Geliermittel, Additive, aliphatische Kohlenwasserstoffe, Festschmierstoffe<\/p>\n<p style=\"margin-bottom: 10px; margin-top: 30px;\"><strong>Auch <\/strong><strong>erh\u00e4ltlich <\/strong><strong>als<\/strong>: Pastos<\/p>\n","protected":false},"excerpt":{"rendered":"<p>SPEZIALSCHMIERMITTEL AUF ALUMINIUMBASIS FLOR\u00ae PLUS SUPER GREASE 1000 Verhindert das Festfressen von Schrauben, Bolzen, Rollen etc., die normalerweise durch Kaltverschwei\u00dfung, Schlag, Sto\u00df, Korrosion, Rost oder Temperatureinfl\u00fcsse nicht mehr l\u00f6sbar sind. FLOR\u00ae PLUS SUPER GREASE 1000 ist best\u00e4ndig gegen S\u00e4uren, Laugen, aggressive D\u00e4mpfe und Feuchtigkeit und verh\u00e4lt sich neutral gegen\u00fcber Metallen, Gummi und Kunststoff. ANWENDUNGSBEREICHE Werkzeugmontage,&#8230;<\/p>\n","protected":false},"featured_media":5701,"template":"","meta":[],"product_brand":[337],"product_cat":[354,399,393],"product_tag":[],"class_list":{"0":"post-5700","1":"product","2":"type-product","3":"status-publish","4":"has-post-thumbnail","6":"product_brand-flore-chemie","7":"product_cat-flore-chemie-produkte","8":"product_cat-schmiermittel-lagerfett","9":"product_cat-hochwirksame-reinigungs-und-schmiermittel","11":"first","12":"instock","13":"shipping-taxable","14":"purchasable","15":"product-type-variable","16":"has-default-attributes"},"_links":{"self":[{"href":"https:\/\/e-flore.store\/de\/wp-json\/wp\/v2\/product\/5700","targetHints":{"allow":["GET"]}}],"collection":[{"href":"https:\/\/e-flore.store\/de\/wp-json\/wp\/v2\/product"}],"about":[{"href":"https:\/\/e-flore.store\/de\/wp-json\/wp\/v2\/types\/product"}],"wp:featuredmedia":[{"embeddable":true,"href":"https:\/\/e-flore.store\/de\/wp-json\/wp\/v2\/media\/5701"}],"wp:attachment":[{"href":"https:\/\/e-flore.store\/de\/wp-json\/wp\/v2\/media?parent=5700"}],"wp:term":[{"taxonomy":"product_brand","embeddable":true,"href":"https:\/\/e-flore.store\/de\/wp-json\/wp\/v2\/product_brand?post=5700"},{"taxonomy":"product_cat","embeddable":true,"href":"https:\/\/e-flore.store\/de\/wp-json\/wp\/v2\/product_cat?post=5700"},{"taxonomy":"product_tag","embeddable":true,"href":"https:\/\/e-flore.store\/de\/wp-json\/wp\/v2\/product_tag?post=5700"}],"curies":[{"name":"wp","href":"https:\/\/api.w.org\/{rel}","templated":true}]}}