{"id":5706,"date":"2026-02-03T16:03:00","date_gmt":"2026-02-03T14:03:00","guid":{"rendered":"https:\/\/demo8.izveide.id.lv\/?post_type=product&#038;p=5706"},"modified":"2026-03-26T15:05:10","modified_gmt":"2026-03-26T13:05:10","slug":"florin-white-grease","status":"publish","type":"product","link":"https:\/\/e-flore.store\/de\/produkt\/florin-white-grease\/","title":{"rendered":"Florin White Grease"},"content":{"rendered":"<p><img decoding=\"async\" style=\"width: 100%; height: auto; display: block;\" src=\"\/wp-content\/uploads\/2026\/01\/0449-PARENT_desc.jpg\" \/><\/p>\n<div id=\"eflore-spacer-v55\" style=\"height: 0px; clear: both; width: 100%; display: block;\"><\/div>\n<p style=\"margin-bottom: 10px; margin-top: 30px;\"><strong>FLIE\u00dfFETT<\/strong><\/p>\n<p style=\"margin-bottom: 10px; margin-top: 30px;\"><strong>FLORIN\u00ae WHITE GREASE SPRAY<\/strong><\/p>\n<p style=\"margin-bottom: 8px; margin-top: 0px; line-height: 1.6;\">ist extrem oxidations- und walkstabil, wasserabweisend und korrosionshemmend; weist eine starke Haftf\u00e4higkeit auf und tropft nicht. FLORIN\u00ae WHITE GREASE SPRAY ist dauerbest\u00e4ndig bis 150 \u00b0C und kurzfristig bis 250 \u00b0C belastbar (nach Verdunsten des L\u00f6semittels).<\/p>\n<p style=\"margin-bottom: 10px; margin-top: 30px;\"><strong>ANWENDUNGSBEREICHE<\/strong><\/p>\n<p style=\"margin-bottom: 8px; margin-top: 0px; line-height: 1.6;\">Hei\u00dfluftgebl\u00e4se, Ofenwagen, Krananlagen in Gie\u00dfereien und Betrieben, in denen hohe Temperaturen oder agressive Luft herrschen; W\u00e4lz- und Gleitlager, Gleitschienen, Rohrbahnen, Ketten- und Zahnr\u00e4der<\/p>\n<p style=\"margin-bottom: 10px; margin-top: 30px;\"><strong>VERARBEITUNGSHINWEISE<\/strong><\/p>\n<p style=\"margin-bottom: 8px; margin-top: 0px; line-height: 1.6;\">Nach Entfernung des alten Schmierstoffs gut einspr\u00fchen, dabei \u00dcbersch\u00fcsse vermeiden.<\/p>\n<p style=\"margin-bottom: 10px; margin-top: 30px;\"><strong>WEITERER HINWEIS<\/strong><\/p>\n<p style=\"margin-bottom: 8px; margin-top: 0px; line-height: 1.6;\">Zum Erhalt der Produkteigenschaften FLORIN\u00ae WHITE GREASE SPRAY frostfrei lagern.<\/p>\n<p style=\"margin-bottom: 10px; margin-top: 30px;\"><strong>TECHNISCHE DATEN<\/strong><\/p>\n<p style=\"margin-bottom: 8px; margin-top: 0px; line-height: 1.6;\"><strong>Form<\/strong>: Aerosol<\/p>\n<p style=\"margin-bottom: 8px; margin-top: 0px; line-height: 1.6;\"><strong>Dichte (20 \u00b0C)<\/strong>: 0,839 g\/m\u00b3 (Wirkstoff)<\/p>\n<p style=\"margin-bottom: 8px; margin-top: 0px; line-height: 1.6;\"><strong>Treibgas<\/strong>: Propan \/ Butan<\/p>\n<p style=\"margin-bottom: 8px; margin-top: 0px; line-height: 1.6;\"><strong>INHALTSSTOFFE<\/strong>: raffinierte Mineral\u00f6le, Seifenverdickungsmittel, Additive<\/p>\n","protected":false},"excerpt":{"rendered":"<p>FLIE\u00dfFETT FLORIN\u00ae WHITE GREASE SPRAY ist extrem oxidations- und walkstabil, wasserabweisend und korrosionshemmend; weist eine starke Haftf\u00e4higkeit auf und tropft nicht. FLORIN\u00ae WHITE GREASE SPRAY ist dauerbest\u00e4ndig bis 150 \u00b0C und kurzfristig bis 250 \u00b0C belastbar (nach Verdunsten des L\u00f6semittels). ANWENDUNGSBEREICHE Hei\u00dfluftgebl\u00e4se, Ofenwagen, Krananlagen in Gie\u00dfereien und Betrieben, in denen hohe Temperaturen oder agressive Luft&#8230;<\/p>\n","protected":false},"featured_media":5707,"template":"","meta":[],"product_brand":[337],"product_cat":[396,354,393],"product_tag":[],"class_list":{"0":"post-5706","1":"product","2":"type-product","3":"status-publish","4":"has-post-thumbnail","6":"product_brand-flore-chemie","7":"product_cat-schmieroele-kriechoele","8":"product_cat-flore-chemie-produkte","9":"product_cat-hochwirksame-reinigungs-und-schmiermittel","11":"first","12":"instock","13":"shipping-taxable","14":"purchasable","15":"product-type-variable","16":"has-default-attributes"},"_links":{"self":[{"href":"https:\/\/e-flore.store\/de\/wp-json\/wp\/v2\/product\/5706","targetHints":{"allow":["GET"]}}],"collection":[{"href":"https:\/\/e-flore.store\/de\/wp-json\/wp\/v2\/product"}],"about":[{"href":"https:\/\/e-flore.store\/de\/wp-json\/wp\/v2\/types\/product"}],"wp:featuredmedia":[{"embeddable":true,"href":"https:\/\/e-flore.store\/de\/wp-json\/wp\/v2\/media\/5707"}],"wp:attachment":[{"href":"https:\/\/e-flore.store\/de\/wp-json\/wp\/v2\/media?parent=5706"}],"wp:term":[{"taxonomy":"product_brand","embeddable":true,"href":"https:\/\/e-flore.store\/de\/wp-json\/wp\/v2\/product_brand?post=5706"},{"taxonomy":"product_cat","embeddable":true,"href":"https:\/\/e-flore.store\/de\/wp-json\/wp\/v2\/product_cat?post=5706"},{"taxonomy":"product_tag","embeddable":true,"href":"https:\/\/e-flore.store\/de\/wp-json\/wp\/v2\/product_tag?post=5706"}],"curies":[{"name":"wp","href":"https:\/\/api.w.org\/{rel}","templated":true}]}}