{"id":5710,"date":"2026-02-03T16:03:00","date_gmt":"2026-02-03T14:03:00","guid":{"rendered":"https:\/\/demo8.izveide.id.lv\/?post_type=product&#038;p=5710"},"modified":"2026-04-01T17:59:09","modified_gmt":"2026-04-01T14:59:09","slug":"florin-sl-spray-florin-sl-fluessig","status":"publish","type":"product","link":"https:\/\/e-flore.store\/de\/produkt\/florin-sl-spray-florin-sl-fluessig\/","title":{"rendered":"Florin SL Spray \/ Florin SL fl\u00fcssig"},"content":{"rendered":"<p><img decoding=\"async\" style=\"width: 100%; height: auto; display: block;\" src=\"\/wp-content\/uploads\/2026\/01\/0035-PARENT_desc.jpg\" \/><\/p>\n<div id=\"eflore-spacer-v55\" style=\"height: 0px; clear: both; width: 100%; display: block;\"><\/div>\n<p style=\"margin-bottom: 10px; margin-top: 30px;\"><strong>SCHMIER-\u00a0UND TRENNMITTEL\u00a0AUF SILIKONBASIS<\/strong><\/p>\n<p style=\"margin-bottom: 10px; margin-top: 30px;\"><strong>FLORIN\u00ae SL<\/strong><\/p>\n<p style=\"margin-bottom: 8px; margin-top: 0px; line-height: 1.6;\">ist ein fettfreier Hochleistungs-Trenn- und Gleitwirkstoff mit multifunktionaler Wirkung, physiologisch unbedenklich, umweltentlastend und mild im Geruch. Elektrostatisch nicht leitend, antistatisch in der Wirkung (so verhindert es z.B. das Aufladen von Papier, Kunststoffen und Glas durch Reibung), verl\u00e4ngert FLORIN\u00ae SL Schmierintervalle auf das 4- bis 6-fache und ist somit sehr wirtschaftlich im Einsatz, wenn es darum geht, diverse Komponenten zu sch\u00fctzen, zu schmieren, deren Gleiteigenschaften zu verbessern, deren Reinigung zu erleichtern sowie deren Verschmutzung und Verkleben zu verhindern und sie vor Hitze, N\u00e4sse und Frost zu sch\u00fctzen ohne zu verharzen. FLORIN\u00ae SL ist extrem temperaturbest\u00e4ndig, eine konstante Temperaturbelastung von -40 \u00b0C bis +210 \u00b0C (kurzzeitig bis +300 \u00b0C) ist nach Verdampfen des L\u00f6semittels m\u00f6glich. FLORIN\u00ae SL ist hochaktiv: es gelangt aufgrund seiner Konsistenz auch an schwer zug\u00e4ngliche Stellen und besitzt hervorragende Trenneigenschaften f\u00fcr Fertigungsformen (z.B. in der Kautschuk- und Kunststofffabrikation) und wird daher gern u.a. in den folgenden Bereichen eingesetzt: Druckereien, erzeugende und verarbeitende Industrie, Kfz, Kunststofftechnik, Schiffsbau, Maschinenbau, Fensterbau, Feinmechanik und Elektrotechnik; B\u00fcros, Postabfertigung.<\/p>\n<p style=\"margin-bottom: 10px; margin-top: 30px;\"><strong>ANWENDUNGSBEREICHE<\/strong><\/p>\n<p style=\"margin-bottom: 8px; margin-top: 0px; line-height: 1.6;\">feinmechanische Teile, Metall, Holz- und Kunststoffmechanismen, Maschinen und Werkzeuge zur Bearbeitung von NE-Metallen, Holz, Gummi, Papier, Bekleidung, Leder und Textilien; Schubladen, Schiebet\u00fcren, T\u00fcrschl\u00f6sser, Materialf\u00fchrungsfl\u00e4chen an S\u00e4ge-, Schneide-, Stanz-, Fr\u00e4s- und Hobelmaschinen; Folien und Papier auf Druck-, Sortier-, Kuvertier-, Kopier-, Falz- und Verpackungsmaschinen aller Art; Synthetikgarne bei der Maschinenvern\u00e4hung; Kunststoffe, Fahrzeugplanen und Tapezierungen, Gummi- und Kunststoffdichtungen, Chromteile und Zierleisten, Funk- und Radarausr\u00fcstungen, Batteriepole, Z\u00fcndanlagen<\/p>\n<p style=\"margin-bottom: 10px; margin-top: 30px;\"><strong>VERARBEITUNGSHINWEISE<\/strong><\/p>\n<p style=\"margin-bottom: 8px; margin-top: 0px; line-height: 1.6;\">FLORIN\u00ae SL hauchd\u00fcnn auftragen oder aufspr\u00fchen, dabei \u00dcbersch\u00fcsse vermeiden.<\/p>\n<p style=\"margin-bottom: 10px; margin-top: 30px;\"><strong>WEITERER HINWEIS<\/strong><\/p>\n<p style=\"margin-bottom: 8px; margin-top: 0px; line-height: 1.6;\">Um die Produkteigenschaften zu erhalten, FLORIN\u00ae SL frostfrei lagern.<\/p>\n<p style=\"margin-bottom: 10px; margin-top: 30px;\"><strong>TECHNISCHE DATEN<\/strong><\/p>\n<p style=\"margin-bottom: 8px; margin-top: 0px; line-height: 1.6;\"><strong>Form<\/strong>:\u00a0\u00a0\u00a0\u00a0\u00a0\u00a0\u00a0\u00a0\u00a0\u00a0\u00a0\u00a0\u00a0\u00a0\u00a0\u00a0\u00a0\u00a0\u00a0 fl\u00fcssig\u00a0\u00a0\u00a0\u00a0\u00a0\u00a0\u00a0\u00a0\u00a0\u00a0\u00a0\u00a0\u00a0\u00a0\u00a0\u00a0\u00a0\u00a0\u00a0\u00a0\u00a0\u00a0\u00a0\u00a0 Aerosol<\/p>\n<p style=\"margin-bottom: 8px; margin-top: 0px; line-height: 1.6;\"><strong>Dichte (15 \u00b0C)<\/strong>:\u00a0\u00a0\u00a0\u00a0\u00a0\u00a0 0,72 g\/ml\u00a0\u00a0\u00a0\u00a0\u00a0\u00a0\u00a0\u00a0\u00a0\u00a0\u00a0\u00a0\u00a0\u00a0\u00a0\u00a0\u00a0\u00a0\u00a0\u00a00,654 g\/cm\u00b3<\/p>\n<p style=\"margin-bottom: 8px; margin-top: 0px; line-height: 1.6;\"><strong>Flammpunkt<\/strong>:\u00a0\u00a0\u00a0\u00a0\u00a0\u00a0\u00a0 ca. -25\u00b0C\u00a0\u00a0\u00a0\u00a0\u00a0\u00a0\u00a0\u00a0\u00a0\u00a0\u00a0\u00a0\u00a0\u00a0\u00a0\u00a0\u00a0\u00a0\u00a0\u00a0nicht anwendbar<\/p>\n<p style=\"margin-bottom: 8px; margin-top: 0px; line-height: 1.6;\"><strong>Treibgas<\/strong>:\u00a0\u00a0\u00a0\u00a0\u00a0\u00a0\u00a0\u00a0\u00a0\u00a0\u00a0\u00a0\u00a0\u00a0 nicht anwendbar\u00a0\u00a0\u00a0\u00a0\u00a0\u00a0\u00a0 Propan\/Butan<\/p>\n<p style=\"margin-bottom: 8px; margin-top: 0px; line-height: 1.6;\"><strong>INHALTSSTOFFE<\/strong>: Silikon\u00f6l, entaromatisierte aliphatische Kohlenwasserstoffe<\/p>\n","protected":false},"excerpt":{"rendered":"<p>SCHMIER-\u00a0UND TRENNMITTEL\u00a0AUF SILIKONBASIS FLORIN\u00ae SL ist ein fettfreier Hochleistungs-Trenn- und Gleitwirkstoff mit multifunktionaler Wirkung, physiologisch unbedenklich, umweltentlastend und mild im Geruch. Elektrostatisch nicht leitend, antistatisch in der Wirkung (so verhindert es z.B. das Aufladen von Papier, Kunststoffen und Glas durch Reibung), verl\u00e4ngert FLORIN\u00ae SL Schmierintervalle auf das 4- bis 6-fache und ist somit sehr wirtschaftlich&#8230;<\/p>\n","protected":false},"featured_media":8319,"template":"","meta":[],"product_brand":[],"product_cat":[354,396,393],"product_tag":[],"class_list":{"0":"post-5710","1":"product","2":"type-product","3":"status-publish","4":"has-post-thumbnail","6":"product_cat-flore-chemie-produkte","7":"product_cat-schmieroele-kriechoele","8":"product_cat-hochwirksame-reinigungs-und-schmiermittel","10":"first","11":"instock","12":"shipping-taxable","13":"purchasable","14":"product-type-variable","15":"has-default-attributes"},"_links":{"self":[{"href":"https:\/\/e-flore.store\/de\/wp-json\/wp\/v2\/product\/5710","targetHints":{"allow":["GET"]}}],"collection":[{"href":"https:\/\/e-flore.store\/de\/wp-json\/wp\/v2\/product"}],"about":[{"href":"https:\/\/e-flore.store\/de\/wp-json\/wp\/v2\/types\/product"}],"wp:featuredmedia":[{"embeddable":true,"href":"https:\/\/e-flore.store\/de\/wp-json\/wp\/v2\/media\/8319"}],"wp:attachment":[{"href":"https:\/\/e-flore.store\/de\/wp-json\/wp\/v2\/media?parent=5710"}],"wp:term":[{"taxonomy":"product_brand","embeddable":true,"href":"https:\/\/e-flore.store\/de\/wp-json\/wp\/v2\/product_brand?post=5710"},{"taxonomy":"product_cat","embeddable":true,"href":"https:\/\/e-flore.store\/de\/wp-json\/wp\/v2\/product_cat?post=5710"},{"taxonomy":"product_tag","embeddable":true,"href":"https:\/\/e-flore.store\/de\/wp-json\/wp\/v2\/product_tag?post=5710"}],"curies":[{"name":"wp","href":"https:\/\/api.w.org\/{rel}","templated":true}]}}