{"id":5714,"date":"2026-02-03T16:03:01","date_gmt":"2026-02-03T14:03:01","guid":{"rendered":"https:\/\/demo8.izveide.id.lv\/?post_type=product&#038;p=5714"},"modified":"2026-02-18T17:20:31","modified_gmt":"2026-02-18T15:20:31","slug":"florin-ks-spray-florin-ks-fluessig","status":"publish","type":"product","link":"https:\/\/e-flore.store\/de\/produkt\/florin-ks-spray-florin-ks-fluessig\/","title":{"rendered":"Florin KS Spray \/ Florin KS fl\u00fcssig"},"content":{"rendered":"<p><img decoding=\"async\" style=\"width: 100%; height: auto; display: block;\" src=\"\/wp-content\/uploads\/2026\/01\/0031-PARENT_desc.jpg\" \/><\/p>\n<div id=\"eflore-spacer-v55\" style=\"height: 0px; clear: both; width: 100%; display: block;\"><\/div>\n<p style=\"margin-bottom: 10px; margin-top: 30px;\"><strong>HOCHLEISTUNGSSCHMIERSTOFF\u00a0F\u00dcR KETTEN<\/strong><\/p>\n<p style=\"margin-bottom: 10px; margin-top: 30px;\"><strong>EIGENSCHAFTEN<\/strong><\/p>\n<p style=\"margin-bottom: 8px; margin-top: 0px; line-height: 1.6;\">&#8211; besitzt hervorragende Kriecheigenschaften<\/p>\n<p style=\"margin-bottom: 8px; margin-top: 0px; line-height: 1.6;\">&#8211; dringt rasch bis ins Innerste von Seilen, Ketten, Scharnieren, etc.<\/p>\n<p style=\"margin-bottom: 8px; margin-top: 0px; line-height: 1.6;\">&#8211; sch\u00fctzt und schmiert sofort, verdr\u00e4ngt Wasser und Feuchtigkeit<\/p>\n<p style=\"margin-bottom: 8px; margin-top: 0px; line-height: 1.6;\">&#8211; trocknet zu einer glatten, grifffesten, halb fettigen Schicht<\/p>\n<p style=\"margin-bottom: 8px; margin-top: 0px; line-height: 1.6;\">&#8211; best\u00e4ndig gegen Wasser, S\u00e4uren, Laugen und Salz<\/p>\n<p style=\"margin-bottom: 8px; margin-top: 0px; line-height: 1.6;\">&#8211; auch als Unterbodenschutz zu verwenden<\/p>\n<p style=\"margin-bottom: 10px; margin-top: 30px;\"><strong>EINSATZGEBIETE<\/strong><\/p>\n<p style=\"margin-bottom: 8px; margin-top: 0px; line-height: 1.6;\">Hochleistungsschmierstoff mit Korrosionsschutz f\u00fcr Ketten, Seile, Zahnr\u00e4der, Scharniere etc.<\/p>\n<p style=\"margin-bottom: 10px; margin-top: 30px;\"><strong>ANWENDUNG<\/strong><\/p>\n<p style=\"margin-bottom: 8px; margin-top: 0px; line-height: 1.6;\">&#8211; je nach Bedarf auftragen und trocknen lassen<\/p>\n<p style=\"margin-bottom: 8px; margin-top: 0px; line-height: 1.6;\">&#8211; zur Rostentfernung empfehlen wir Flor Plus SRP Super (Prod.-Nr. 0021\/0022)<\/p>\n<p style=\"margin-bottom: 8px; margin-top: 0px; line-height: 1.6;\">&#8211; zur Kettenschmierung unter Wasser ist Flor Plus Super Visco Stabil (Prod.-Nr. 0032\/0033) geeignet<\/p>\n<p style=\"margin-bottom: 10px; margin-top: 30px;\"><strong>TECHNISCHE DATEN<\/strong><\/p>\n<p style=\"margin-bottom: 8px; margin-top: 0px; line-height: 1.6;\"><strong>Form<\/strong>:\u00a0\u00a0\u00a0\u00a0\u00a0\u00a0\u00a0\u00a0\u00a0\u00a0\u00a0\u00a0\u00a0\u00a0\u00a0\u00a0\u00a0\u00a0\u00a0\u00a0\u00a0\u00a0fl\u00fcssig\u00a0\u00a0\u00a0\u00a0\u00a0\u00a0\u00a0\u00a0\u00a0\u00a0\u00a0\u00a0\u00a0\u00a0\u00a0\u00a0\u00a0\u00a0\u00a0Aerolsol<\/p>\n<p style=\"margin-bottom: 8px; margin-top: 0px; line-height: 1.6;\"><strong>Dichte (20 \u00b0C)<\/strong>:\u00a0\u00a0\u00a0\u00a0\u00a0\u00a0\u00a0\u00a0ca. 0,95 g\/ml \u00a0\u00a0\u00a0\u00a0\u00a0\u00a0\u00a0&#8212;<\/p>\n<p style=\"margin-bottom: 8px; margin-top: 0px; line-height: 1.6;\"><strong>Flammpunkt<\/strong>:\u00a0\u00a0\u00a0\u00a0\u00a0\u00a0\u00a0\u00a0\u00a0 &gt; 62 \u00b0C \u00a0\u00a0\u00a0\u00a0\u00a0\u00a0\u00a0\u00a0\u00a0\u00a0\u00a0\u00a0\u00a0\u00a0\u00a0\u00a0&#8212;<\/p>\n<p style=\"margin-bottom: 8px; margin-top: 0px; line-height: 1.6;\"><strong>Flammpunkt<\/strong>:\u00a0\u00a0\u00a0\u00a0\u00a0\u00a0\u00a0\u00a0\u00a0 &#8212;\u00a0\u00a0\u00a0\u00a0\u00a0\u00a0\u00a0\u00a0\u00a0\u00a0\u00a0\u00a0\u00a0\u00a0\u00a0\u00a0\u00a0\u00a0\u00a0\u00a0\u00a0\u00a0\u00a0\u00a0\u00a0\u00a0&lt; 0 \u00b0C<\/p>\n<p style=\"margin-bottom: 8px; margin-top: 0px; line-height: 1.6;\"><strong>Treibmittel<\/strong>:\u00a0\u00a0\u00a0\u00a0\u00a0\u00a0\u00a0\u00a0\u00a0\u00a0\u00a0\u00a0 &#8212;\u00a0\u00a0\u00a0\u00a0\u00a0\u00a0\u00a0\u00a0\u00a0\u00a0\u00a0\u00a0\u00a0\u00a0\u00a0\u00a0\u00a0\u00a0\u00a0\u00a0\u00a0\u00a0\u00a0\u00a0\u00a0\u00a0Propan\/Butan<\/p>\n<p style=\"margin-bottom: 8px; margin-top: 0px; line-height: 1.6;\"><strong>INHALTSSTOFFE<\/strong>: L\u00f6sungsmittelnaphtha, Verschlei\u00dfschutz- und Korrosionsschutzadditive, Bitumen, Geliermittel<\/p>\n","protected":false},"excerpt":{"rendered":"<p>HOCHLEISTUNGSSCHMIERSTOFF\u00a0F\u00dcR KETTEN EIGENSCHAFTEN &#8211; besitzt hervorragende Kriecheigenschaften &#8211; dringt rasch bis ins Innerste von Seilen, Ketten, Scharnieren, etc. &#8211; sch\u00fctzt und schmiert sofort, verdr\u00e4ngt Wasser und Feuchtigkeit &#8211; trocknet zu einer glatten, grifffesten, halb fettigen Schicht &#8211; best\u00e4ndig gegen Wasser, S\u00e4uren, Laugen und Salz &#8211; auch als Unterbodenschutz zu verwenden EINSATZGEBIETE Hochleistungsschmierstoff mit Korrosionsschutz f\u00fcr&#8230;<\/p>\n","protected":false},"featured_media":5715,"template":"","meta":[],"product_brand":[337],"product_cat":[354,399,393],"product_tag":[],"class_list":{"0":"post-5714","1":"product","2":"type-product","3":"status-publish","4":"has-post-thumbnail","6":"product_brand-flore-chemie","7":"product_cat-flore-chemie-produkte","8":"product_cat-schmiermittel-lagerfett","9":"product_cat-hochwirksame-reinigungs-und-schmiermittel","11":"first","12":"instock","13":"shipping-taxable","14":"purchasable","15":"product-type-variable","16":"has-default-attributes"},"_links":{"self":[{"href":"https:\/\/e-flore.store\/de\/wp-json\/wp\/v2\/product\/5714","targetHints":{"allow":["GET"]}}],"collection":[{"href":"https:\/\/e-flore.store\/de\/wp-json\/wp\/v2\/product"}],"about":[{"href":"https:\/\/e-flore.store\/de\/wp-json\/wp\/v2\/types\/product"}],"wp:featuredmedia":[{"embeddable":true,"href":"https:\/\/e-flore.store\/de\/wp-json\/wp\/v2\/media\/5715"}],"wp:attachment":[{"href":"https:\/\/e-flore.store\/de\/wp-json\/wp\/v2\/media?parent=5714"}],"wp:term":[{"taxonomy":"product_brand","embeddable":true,"href":"https:\/\/e-flore.store\/de\/wp-json\/wp\/v2\/product_brand?post=5714"},{"taxonomy":"product_cat","embeddable":true,"href":"https:\/\/e-flore.store\/de\/wp-json\/wp\/v2\/product_cat?post=5714"},{"taxonomy":"product_tag","embeddable":true,"href":"https:\/\/e-flore.store\/de\/wp-json\/wp\/v2\/product_tag?post=5714"}],"curies":[{"name":"wp","href":"https:\/\/api.w.org\/{rel}","templated":true}]}}