{"id":5721,"date":"2026-02-03T16:03:07","date_gmt":"2026-02-03T14:03:07","guid":{"rendered":"https:\/\/demo8.izveide.id.lv\/?post_type=product&#038;p=5721"},"modified":"2026-04-01T17:56:52","modified_gmt":"2026-04-01T14:56:52","slug":"florin-ik-spray-florin-ik-fluessig","status":"publish","type":"product","link":"https:\/\/e-flore.store\/de\/produkt\/florin-ik-spray-florin-ik-fluessig\/","title":{"rendered":"Florin IK Spray \/ Florin IK fl\u00fcssig"},"content":{"rendered":"<p><img decoding=\"async\" style=\"width: 100%; height: auto; display: block;\" src=\"\/wp-content\/uploads\/2026\/01\/0086-PARENT_desc.jpg\" \/><\/p>\n<div id=\"eflore-spacer-v55\" style=\"height: 0px; clear: both; width: 100%; display: block;\"><\/div>\n<p style=\"margin-bottom: 10px; margin-top: 30px;\"><strong>INNENLAGER-KRIECH\u00d6L<\/strong><\/p>\n<p style=\"margin-bottom: 10px; margin-top: 30px;\"><strong>FLORIN\u00ae IK<\/strong><\/p>\n<p style=\"margin-bottom: 8px; margin-top: 0px; line-height: 1.6;\">\u00f6lt und reinigt in einem Arbeitsgang; l\u00f6st alte \u00d6le und unterwandert Schmutzschichten. Es wirkt schonend und pflegend auf alle beweglichen Teile; erm\u00f6glicht durch seine hohe Kriechf\u00e4higkeit problemloses Schmieren, selbst in Grenzbereichen; verringert die Reibung sowie den Verschlei\u00df, spart somit Energie; bildet einen nicht trocknenden, wasserabweisenden Film, der Metallfl\u00e4chen wirkungsvoll schmiert, so dass sie mit weit geringerer Abnutzung ruhig laufen. FLORIN\u00ae IK ist frei von Graphit sowie Molybd\u00e4ndisulfid (MoS2), transparent und alterungsbest\u00e4ndig.<\/p>\n<p style=\"margin-bottom: 10px; margin-top: 30px;\"><strong>ANWENDUNGSBEREICHE<\/strong><\/p>\n<p style=\"margin-bottom: 8px; margin-top: 0px; line-height: 1.6;\">Hochgeschwindigkeitswellen, Nadel- und Kugellager, Bagger, Kr\u00e4ne, Gabelstapler, F\u00f6rderanlagen, Antriebsketten, Schleppseile etc.<\/p>\n<p style=\"margin-bottom: 10px; margin-top: 30px;\"><strong>VERARBEITUNGSHINWEISE<\/strong><\/p>\n<p style=\"margin-bottom: 8px; margin-top: 0px; line-height: 1.6;\">FLORIN\u00ae IK mittels Pinsel, Spr\u00fch- \/Tropfverfahren oder Tauchbad anwenden.<\/p>\n<p style=\"margin-bottom: 10px; margin-top: 30px;\"><strong>WEITERER HINWEIS<\/strong><\/p>\n<p style=\"margin-bottom: 8px; margin-top: 0px; line-height: 1.6;\">Zum Erhalt der Produkteigenschaften FLORIN\u00ae IK frostfrei lagern.<\/p>\n<p style=\"margin-bottom: 10px; margin-top: 30px;\"><strong>TECHNISCHE DATEN<\/strong><\/p>\n<p style=\"margin-bottom: 8px; margin-top: 0px; line-height: 1.6;\"><strong>Form<\/strong>:\u00a0\u00a0\u00a0\u00a0\u00a0\u00a0\u00a0\u00a0\u00a0\u00a0\u00a0\u00a0\u00a0\u00a0\u00a0\u00a0\u00a0\u00a0 fl\u00fcssig\u00a0\u00a0\u00a0\u00a0\u00a0\u00a0\u00a0\u00a0\u00a0\u00a0\u00a0\u00a0\u00a0\u00a0\u00a0\u00a0\u00a0\u00a0\u00a0\u00a0\u00a0\u00a0\u00a0\u00a0\u00a0\u00a0\u00a0\u00a0\u00a0\u00a0\u00a0\u00a0\u00a0\u00a0\u00a0 Aerosol<\/p>\n<p style=\"margin-bottom: 8px; margin-top: 0px; line-height: 1.6;\"><strong>Dichte (20 \u00b0C)<\/strong>:\u00a0 \u00a0 \u00a00,84 g\/ml\u00a0\u00a0\u00a0\u00a0\u00a0\u00a0\u00a0\u00a0\u00a0\u00a0\u00a0\u00a0\u00a0\u00a0\u00a0\u00a0\u00a0\u00a0\u00a0\u00a0\u00a0\u00a0\u00a0\u00a0\u00a0\u00a0\u00a0\u00a0\u00a0\u00a0\u00a00,84 g\/ml (Wirkstoff)<\/p>\n<p style=\"margin-bottom: 8px; margin-top: 0px; line-height: 1.6;\"><strong>Flammpunkt<\/strong>:\u00a0 \u00a0 \u00a0 &gt; 61 \u00b0C\u00a0\u00a0\u00a0\u00a0\u00a0\u00a0\u00a0\u00a0\u00a0\u00a0\u00a0\u00a0\u00a0\u00a0\u00a0\u00a0\u00a0\u00a0\u00a0\u00a0\u00a0\u00a0\u00a0\u00a0\u00a0\u00a0\u00a0\u00a0\u00a0\u00a0\u00a0\u00a0\u00a0\u00a0\u00a0nicht anwendbar<\/p>\n<p style=\"margin-bottom: 8px; margin-top: 0px; line-height: 1.6;\"><strong>Viskosit\u00e4t<\/strong>:\u00a0 \u00a0 \u00a0 \u00a0 \u00a0 15 mm\u00b2\/s (kinematisch)\u00a0\u00a0\u00a0\u00a0\u00a0\u00a0\u00a0 14,5 mm\u00b2\/s (DIN 51562\/T1) (\u00d6l, 20 \u00b0C)<\/p>\n<p style=\"margin-bottom: 8px; margin-top: 0px; line-height: 1.6;\"><strong>Treibgas<\/strong>:\u00a0 \u00a0 \u00a0 \u00a0 \u00a0 \u00a0 \u00a0nicht anwendbar\u00a0\u00a0\u00a0\u00a0\u00a0\u00a0\u00a0\u00a0\u00a0\u00a0\u00a0\u00a0\u00a0\u00a0\u00a0\u00a0\u00a0\u00a0 Propan\/Butan<\/p>\n<p style=\"margin-bottom: 8px; margin-top: 0px; line-height: 1.6;\"><strong>INHALTSSTOFFE<\/strong>: mineralische Selektivraffinate, aliphatisch-aromatisches Kohlenwasserstoffgemisch, paraffinische Kohlenwasserstoffe, Additive, Synthese\u00f6le<\/p>\n","protected":false},"excerpt":{"rendered":"<p>INNENLAGER-KRIECH\u00d6L FLORIN\u00ae IK \u00f6lt und reinigt in einem Arbeitsgang; l\u00f6st alte \u00d6le und unterwandert Schmutzschichten. Es wirkt schonend und pflegend auf alle beweglichen Teile; erm\u00f6glicht durch seine hohe Kriechf\u00e4higkeit problemloses Schmieren, selbst in Grenzbereichen; verringert die Reibung sowie den Verschlei\u00df, spart somit Energie; bildet einen nicht trocknenden, wasserabweisenden Film, der Metallfl\u00e4chen wirkungsvoll schmiert, so dass&#8230;<\/p>\n","protected":false},"featured_media":8315,"template":"","meta":[],"product_brand":[],"product_cat":[354,396,393],"product_tag":[],"class_list":{"0":"post-5721","1":"product","2":"type-product","3":"status-publish","4":"has-post-thumbnail","6":"product_cat-flore-chemie-produkte","7":"product_cat-schmieroele-kriechoele","8":"product_cat-hochwirksame-reinigungs-und-schmiermittel","10":"first","11":"instock","12":"shipping-taxable","13":"purchasable","14":"product-type-variable","15":"has-default-attributes"},"_links":{"self":[{"href":"https:\/\/e-flore.store\/de\/wp-json\/wp\/v2\/product\/5721","targetHints":{"allow":["GET"]}}],"collection":[{"href":"https:\/\/e-flore.store\/de\/wp-json\/wp\/v2\/product"}],"about":[{"href":"https:\/\/e-flore.store\/de\/wp-json\/wp\/v2\/types\/product"}],"wp:featuredmedia":[{"embeddable":true,"href":"https:\/\/e-flore.store\/de\/wp-json\/wp\/v2\/media\/8315"}],"wp:attachment":[{"href":"https:\/\/e-flore.store\/de\/wp-json\/wp\/v2\/media?parent=5721"}],"wp:term":[{"taxonomy":"product_brand","embeddable":true,"href":"https:\/\/e-flore.store\/de\/wp-json\/wp\/v2\/product_brand?post=5721"},{"taxonomy":"product_cat","embeddable":true,"href":"https:\/\/e-flore.store\/de\/wp-json\/wp\/v2\/product_cat?post=5721"},{"taxonomy":"product_tag","embeddable":true,"href":"https:\/\/e-flore.store\/de\/wp-json\/wp\/v2\/product_tag?post=5721"}],"curies":[{"name":"wp","href":"https:\/\/api.w.org\/{rel}","templated":true}]}}