{"id":5728,"date":"2026-02-03T16:03:08","date_gmt":"2026-02-03T14:03:08","guid":{"rendered":"https:\/\/demo8.izveide.id.lv\/?post_type=product&#038;p=5728"},"modified":"2026-02-18T17:03:35","modified_gmt":"2026-02-18T15:03:35","slug":"floral-94","status":"publish","type":"product","link":"https:\/\/e-flore.store\/de\/produkt\/floral-94\/","title":{"rendered":"Floral 94"},"content":{"rendered":"<p><img decoding=\"async\" style=\"width: 100%; height: auto; display: block;\" src=\"\/wp-content\/uploads\/2026\/01\/0094-PARENT_desc.jpg\" \/><\/p>\n<div id=\"eflore-spacer-v55\" style=\"height: 0px; clear: both; width: 100%; display: block;\"><\/div>\n<p style=\"margin-bottom: 10px; margin-top: 30px;\"><strong>KORROSIONSCHUTZ\u00d6L<\/strong><\/p>\n<p style=\"margin-bottom: 10px; margin-top: 30px;\"><strong>FLORAL\u00ae 94<\/strong><\/p>\n<p style=\"margin-bottom: 8px; margin-top: 0px; line-height: 1.6;\">ist ein hochwirksamer Korrosionsschutz auf Mineral\u00f6lbasis, frei von Silikonen und Chlorkohlenwasserstoffen. FLORAL\u00ae 94 sch\u00fctzt Stahl und Nichteisenmetalle je nach Bewitterung bis zu 12 Monate. FLORAL\u00ae 94 besitzt eine geringe Viskosit\u00e4t, ist leicht zu verarbeiten bzw. zu entfernen, hochergiebig und daher sparsam im Verbrauch.<\/p>\n<p style=\"margin-bottom: 10px; margin-top: 30px;\"><strong>ANWENDUNGSBEREICHE<\/strong><\/p>\n<p style=\"margin-bottom: 8px; margin-top: 0px; line-height: 1.6;\">FLORAL\u00ae 94 wird \u00fcberall dort eingesetzt, wo metallische Bauteile jeglicher Art bei Lagerung oder Zwischenlagerung vor Korrosion gesch\u00fctzt werden m\u00fcssen.<\/p>\n<p style=\"margin-bottom: 10px; margin-top: 30px;\"><strong>VERARBEITUNGSHINWEISE<\/strong><\/p>\n<p style=\"margin-bottom: 8px; margin-top: 0px; line-height: 1.6;\">FLORAL\u00ae 94 kann im Tauch-, Spr\u00fch- oder Flutverfahren eingesetzt werden, ca. 50 g\/m2 sind ausreichend f\u00fcr einen optimalen Korrosionsschutz.<\/p>\n<p style=\"margin-bottom: 10px; margin-top: 30px;\"><strong>WEITERE HINWEISE<\/strong><\/p>\n<p style=\"margin-bottom: 8px; margin-top: 0px; line-height: 1.6;\">Von Z\u00fcndquellen fernhalten! Zum Erhalt der Produkteigenschaften FLORAL\u00ae 94 frostfrei lagern.<\/p>\n<p style=\"margin-bottom: 10px; margin-top: 30px;\"><strong>TECHNISCHE DATEN<\/strong><\/p>\n<p style=\"margin-bottom: 8px; margin-top: 0px; line-height: 1.6;\"><strong>Form<\/strong>: fl\u00fcssig<\/p>\n<p style=\"margin-bottom: 8px; margin-top: 0px; line-height: 1.6;\"><strong>Dichte (20 \u00b0C)<\/strong>: 0,802 &#8211; 0,822 g\/cm3<\/p>\n<p style=\"margin-bottom: 8px; margin-top: 0px; line-height: 1.6;\"><strong>Siedebereich<\/strong>: 155 &#8211; 190 \u00b0C<\/p>\n<p style=\"margin-bottom: 8px; margin-top: 0px; line-height: 1.6;\"><strong>Flammpunkt<\/strong>: 40 \u00b0C<\/p>\n<p style=\"margin-bottom: 8px; margin-top: 0px; line-height: 1.6;\"><strong>INHALTSSTOFFE<\/strong>: Kohlenwasserstoffe, Korrosionsschutz- und Filmbildner, Alterungszus\u00e4tze, Verschlei\u00dfschutzadditive<\/p>\n","protected":false},"excerpt":{"rendered":"<p>KORROSIONSCHUTZ\u00d6L FLORAL\u00ae 94 ist ein hochwirksamer Korrosionsschutz auf Mineral\u00f6lbasis, frei von Silikonen und Chlorkohlenwasserstoffen. FLORAL\u00ae 94 sch\u00fctzt Stahl und Nichteisenmetalle je nach Bewitterung bis zu 12 Monate. FLORAL\u00ae 94 besitzt eine geringe Viskosit\u00e4t, ist leicht zu verarbeiten bzw. zu entfernen, hochergiebig und daher sparsam im Verbrauch. ANWENDUNGSBEREICHE FLORAL\u00ae 94 wird \u00fcberall dort eingesetzt, wo metallische&#8230;<\/p>\n","protected":false},"featured_media":5729,"template":"","meta":[],"product_brand":[337],"product_cat":[396,354,393],"product_tag":[],"class_list":{"0":"post-5728","1":"product","2":"type-product","3":"status-publish","4":"has-post-thumbnail","6":"product_brand-flore-chemie","7":"product_cat-schmieroele-kriechoele","8":"product_cat-flore-chemie-produkte","9":"product_cat-hochwirksame-reinigungs-und-schmiermittel","11":"first","12":"instock","13":"shipping-taxable","14":"purchasable","15":"product-type-variable","16":"has-default-attributes"},"_links":{"self":[{"href":"https:\/\/e-flore.store\/de\/wp-json\/wp\/v2\/product\/5728","targetHints":{"allow":["GET"]}}],"collection":[{"href":"https:\/\/e-flore.store\/de\/wp-json\/wp\/v2\/product"}],"about":[{"href":"https:\/\/e-flore.store\/de\/wp-json\/wp\/v2\/types\/product"}],"wp:featuredmedia":[{"embeddable":true,"href":"https:\/\/e-flore.store\/de\/wp-json\/wp\/v2\/media\/5729"}],"wp:attachment":[{"href":"https:\/\/e-flore.store\/de\/wp-json\/wp\/v2\/media?parent=5728"}],"wp:term":[{"taxonomy":"product_brand","embeddable":true,"href":"https:\/\/e-flore.store\/de\/wp-json\/wp\/v2\/product_brand?post=5728"},{"taxonomy":"product_cat","embeddable":true,"href":"https:\/\/e-flore.store\/de\/wp-json\/wp\/v2\/product_cat?post=5728"},{"taxonomy":"product_tag","embeddable":true,"href":"https:\/\/e-flore.store\/de\/wp-json\/wp\/v2\/product_tag?post=5728"}],"curies":[{"name":"wp","href":"https:\/\/api.w.org\/{rel}","templated":true}]}}