{"id":5733,"date":"2026-02-03T16:03:08","date_gmt":"2026-02-03T14:03:08","guid":{"rendered":"https:\/\/demo8.izveide.id.lv\/?post_type=product&#038;p=5733"},"modified":"2026-03-26T15:04:55","modified_gmt":"2026-03-26T13:04:55","slug":"flore-lub","status":"publish","type":"product","link":"https:\/\/e-flore.store\/de\/produkt\/flore-lub\/","title":{"rendered":"Flore Lub"},"content":{"rendered":"<p><img decoding=\"async\" style=\"width: 100%; height: auto; display: block;\" src=\"\/wp-content\/uploads\/2026\/01\/0408-PARENT_desc.jpg\" \/><\/p>\n<div id=\"eflore-spacer-v55\" style=\"height: 0px; clear: both; width: 100%; display: block;\"><\/div>\n<p style=\"margin-bottom: 10px; margin-top: 30px;\"><strong>EDELSTAHLPFLEGE\u00a0UND SCHMIERMITTEL IM LEBENSMITTELBEREICH<\/strong><\/p>\n<p style=\"margin-bottom: 10px; margin-top: 30px;\"><strong>FLORE\u00ae LUB<\/strong><\/p>\n<p style=\"margin-bottom: 8px; margin-top: 0px; line-height: 1.6;\">unbrennbar und physiologisch unbedenklich, entspricht den Anforderungen des LMBG und des DAB nur im Originalgebinde.<\/p>\n<p style=\"margin-bottom: 10px; margin-top: 30px;\"><strong>ANWENDUNGSBEREICHE<\/strong><\/p>\n<p style=\"margin-bottom: 8px; margin-top: 0px; line-height: 1.6;\">Lebensmittelbetriebe, Lebensmittelaufz\u00fcge u.\u00e4.; \u00d6lschmierstellen im Lebensmittelbereich, die technisch unvermeidbaren Kontakt mit Lebensmitteln haben.<\/p>\n<p style=\"margin-bottom: 10px; margin-top: 30px;\"><strong>VERARBEITUNGSHINWEISE<\/strong><\/p>\n<p style=\"margin-bottom: 8px; margin-top: 0px; line-height: 1.6;\">Der Einsatztemperaturbereich liegt zwischen (-40 \u00b0C) und (+60 \u00b0C). FLORE\u00ae LUB in geringer Menge aufbringen, mit einem saugf\u00e4higen Tuch verreiben und Sie erfreuen sich einer langanhaltenden Wirkung!<\/p>\n<p style=\"margin-bottom: 10px; margin-top: 30px;\"><strong>WEITERER HINWEIS<\/strong><\/p>\n<p style=\"margin-bottom: 8px; margin-top: 0px; line-height: 1.6;\">Zum Erhalt der Produkteigenschaften FLORE\u00ae LUB frostfrei lagern.<\/p>\n<p style=\"margin-bottom: 10px; margin-top: 30px;\"><strong>TECHNISCHE DATEN<\/strong><\/p>\n<p style=\"margin-bottom: 8px; margin-top: 0px; line-height: 1.6;\"><strong>Form<\/strong>: fl\u00fcssig<\/p>\n<p style=\"margin-bottom: 8px; margin-top: 0px; line-height: 1.6;\"><strong>Dichte (15 \u00b0C)<\/strong>: 0,85 g\/cm\u00b3<\/p>\n<p style=\"margin-bottom: 8px; margin-top: 0px; line-height: 1.6;\"><strong>Flammpunkt<\/strong>: 182 \u00b0C kin.<\/p>\n<p style=\"margin-bottom: 8px; margin-top: 0px; line-height: 1.6;\"><strong>Viskosit\u00e4t von<\/strong>: 14,5 mm\u00b2\/s kin.<\/p>\n<p style=\"margin-bottom: 8px; margin-top: 0px; line-height: 1.6;\"><strong>Viskosit\u00e4t bis<\/strong>: 17,5 mm\u00b2\/s<\/p>\n<p style=\"margin-bottom: 8px; margin-top: 0px; line-height: 1.6;\"><strong>INHALTSSTOFFE<\/strong>: Wei\u00df\u00f6l gem. DAB 10<\/p>\n","protected":false},"excerpt":{"rendered":"<p>EDELSTAHLPFLEGE\u00a0UND SCHMIERMITTEL IM LEBENSMITTELBEREICH FLORE\u00ae LUB unbrennbar und physiologisch unbedenklich, entspricht den Anforderungen des LMBG und des DAB nur im Originalgebinde. ANWENDUNGSBEREICHE Lebensmittelbetriebe, Lebensmittelaufz\u00fcge u.\u00e4.; \u00d6lschmierstellen im Lebensmittelbereich, die technisch unvermeidbaren Kontakt mit Lebensmitteln haben. VERARBEITUNGSHINWEISE Der Einsatztemperaturbereich liegt zwischen (-40 \u00b0C) und (+60 \u00b0C). FLORE\u00ae LUB in geringer Menge aufbringen, mit einem saugf\u00e4higen Tuch&#8230;<\/p>\n","protected":false},"featured_media":5734,"template":"","meta":[],"product_brand":[337],"product_cat":[354,396,393],"product_tag":[],"class_list":{"0":"post-5733","1":"product","2":"type-product","3":"status-publish","4":"has-post-thumbnail","6":"product_brand-flore-chemie","7":"product_cat-flore-chemie-produkte","8":"product_cat-schmieroele-kriechoele","9":"product_cat-hochwirksame-reinigungs-und-schmiermittel","11":"first","12":"instock","13":"shipping-taxable","14":"purchasable","15":"product-type-variable","16":"has-default-attributes"},"_links":{"self":[{"href":"https:\/\/e-flore.store\/de\/wp-json\/wp\/v2\/product\/5733","targetHints":{"allow":["GET"]}}],"collection":[{"href":"https:\/\/e-flore.store\/de\/wp-json\/wp\/v2\/product"}],"about":[{"href":"https:\/\/e-flore.store\/de\/wp-json\/wp\/v2\/types\/product"}],"wp:featuredmedia":[{"embeddable":true,"href":"https:\/\/e-flore.store\/de\/wp-json\/wp\/v2\/media\/5734"}],"wp:attachment":[{"href":"https:\/\/e-flore.store\/de\/wp-json\/wp\/v2\/media?parent=5733"}],"wp:term":[{"taxonomy":"product_brand","embeddable":true,"href":"https:\/\/e-flore.store\/de\/wp-json\/wp\/v2\/product_brand?post=5733"},{"taxonomy":"product_cat","embeddable":true,"href":"https:\/\/e-flore.store\/de\/wp-json\/wp\/v2\/product_cat?post=5733"},{"taxonomy":"product_tag","embeddable":true,"href":"https:\/\/e-flore.store\/de\/wp-json\/wp\/v2\/product_tag?post=5733"}],"curies":[{"name":"wp","href":"https:\/\/api.w.org\/{rel}","templated":true}]}}