{"id":5738,"date":"2026-02-03T16:03:09","date_gmt":"2026-02-03T14:03:09","guid":{"rendered":"https:\/\/demo8.izveide.id.lv\/?post_type=product&#038;p=5738"},"modified":"2026-04-01T18:00:52","modified_gmt":"2026-04-01T15:00:52","slug":"florin-so-spray-florin-so-fluessig","status":"publish","type":"product","link":"https:\/\/e-flore.store\/de\/produkt\/florin-so-spray-florin-so-fluessig\/","title":{"rendered":"Florin SO Spray \/ Florin SO fl\u00fcssig"},"content":{"rendered":"<p><img decoding=\"async\" style=\"width: 100%; height: auto; display: block;\" src=\"\/wp-content\/uploads\/2026\/01\/0305-PARENT_desc.jpg\" \/><\/p>\n<div id=\"eflore-spacer-v55\" style=\"height: 0px; clear: both; width: 100%; display: block;\"><\/div>\n<p style=\"margin-bottom: 10px; margin-top: 30px;\"><strong>SCHNEID\u00d6L<\/strong><\/p>\n<p style=\"margin-bottom: 10px; margin-top: 30px;\"><strong>FLORIN\u00ae SO<\/strong><\/p>\n<p style=\"margin-bottom: 8px; margin-top: 0px; line-height: 1.6;\">ist ein hoch belastbares Schneid\u00f6l, das alle Schneidevorg\u00e4nge erleichtert, f\u00fcr ein ausgezeichnetes Schnittbild sorgt und dabei frei von chlor- und silikonhaltigen Verbindungen ist. FLORIN\u00ae SO dient der Verbesserung der Standzeit von Metallbearbeitungswerkzeugen. Es kann gezielt und sparsam eingesetzt werden, denn durch den speziellen Anteil von Additiven verf\u00fcgt FLORIN\u00ae SO \u00fcber ausgepr\u00e4gte Schmier- und Gleiteigenschaften. FLORIN\u00ae SO ist sowohl f\u00fcr manuelle als auch f\u00fcr maschinelle Zerspanungsvorg\u00e4nge wie Bohren, Ausbohren, Kernbohren, Gewindebohren, Plansenken, Formsenken, Drehen und Fr\u00e4sen einsetzbar.<\/p>\n<p style=\"margin-bottom: 10px; margin-top: 30px;\"><strong>ANWENDUNGSBEREICHE<\/strong><\/p>\n<p style=\"margin-bottom: 8px; margin-top: 0px; line-height: 1.6;\">Eisen, Stahl, Zink, Aluminium, V2A- und V4A-Edelst\u00e4hle. ! Nicht f\u00fcr die Bearbeitung von Buntmetallen geeignet !<\/p>\n<p style=\"margin-bottom: 10px; margin-top: 30px;\"><strong>VERARBEITUNGSHINWEISE<\/strong><\/p>\n<p style=\"margin-bottom: 8px; margin-top: 0px; line-height: 1.6;\">FLORIN\u00ae SO ist gezielt auf den zu bearbeitenden Bereich aufzutragen. Eventuelle R\u00fcckst\u00e4nde k\u00f6nnen mit organischen L\u00f6semitteln oder alkalischen Industriereinigern entfernt werden.<\/p>\n<p style=\"margin-bottom: 10px; margin-top: 30px;\"><strong>TECHNISCHE DATEN<\/strong><\/p>\n<p style=\"margin-bottom: 8px; margin-top: 0px; line-height: 1.6;\"><strong>Form<\/strong>:\u00a0 \u00a0 \u00a0 \u00a0 \u00a0 \u00a0 \u00a0 \u00a0 \u00a0 \u00a0 \u00a0 \u00a0 \u00a0 \u00a0 fl\u00fcssig\u00a0\u00a0\u00a0\u00a0\u00a0\u00a0\u00a0\u00a0\u00a0\u00a0\u00a0\u00a0\u00a0\u00a0\u00a0\u00a0\u00a0\u00a0\u00a0\u00a0\u00a0\u00a0\u00a0\u00a0\u00a0\u00a0\u00a0\u00a0\u00a0\u00a0\u00a0\u00a0\u00a0 Aerosol<\/p>\n<p style=\"margin-bottom: 8px; margin-top: 0px; line-height: 1.6;\"><strong>Dichte (20 \u00b0C)<\/strong>:\u00a0 \u00a0 \u00a0 \u00a0 \u00a0 \u00a0 \u00a0 0,9 g\/cm\u00b3\u00a0\u00a0\u00a0\u00a0\u00a0\u00a0\u00a0\u00a0\u00a0\u00a0\u00a0\u00a0\u00a0\u00a0\u00a0\u00a0\u00a0\u00a0\u00a0\u00a0\u00a0\u00a0\u00a0\u00a0\u00a0\u00a0\u00a0\u00a0 0,9 g\/cm\u00b3 (Wirkstoff)<\/p>\n<p style=\"margin-bottom: 8px; margin-top: 0px; line-height: 1.6;\"><strong>Flammpunkt<\/strong>:\u00a0 \u00a0 \u00a0 \u00a0 \u00a0 \u00a0 \u00a0 \u00a0 &gt; 150 \u00b0C\u00a0 \u00a0 \u00a0 \u00a0 \u00a0 \u00a0 \u00a0 \u00a0 \u00a0 \u00a0 \u00a0 \u00a0 \u00a0 \u00a0 \u00a0 nicht anwendbar<\/p>\n<p style=\"margin-bottom: 8px; margin-top: 0px; line-height: 1.6;\"><strong>Treibgas<\/strong>:\u00a0 \u00a0 \u00a0 \u00a0 \u00a0 \u00a0 \u00a0 \u00a0 \u00a0 \u00a0 \u00a0 nicht anwendbar\u00a0\u00a0\u00a0\u00a0\u00a0\u00a0\u00a0\u00a0\u00a0\u00a0\u00a0\u00a0\u00a0\u00a0\u00a0\u00a0\u00a0 Propan \/ Butan<\/p>\n<p style=\"margin-bottom: 8px; margin-top: 0px; line-height: 1.6;\"><strong>Kinem. Viskosit\u00e4t<\/strong>:\u00a0 \u00a0 \u00a0 \u00a025 mm2 \/s bei 40 \u00b0C\u00a0 \u00a0 \u00a0 \u00a0 \u00a0 \u00a0 nicht anwendbar<\/p>\n<p style=\"margin-bottom: 8px; margin-top: 0px; line-height: 1.6;\"><strong>Kupferkorrosion<\/strong>:\u00a0 \u00a0 \u00a0 \u00a0 \u00a0Note 4\u00a0\u00a0\u00a0\u00a0\u00a0\u00a0\u00a0\u00a0\u00a0\u00a0\u00a0\u00a0\u00a0\u00a0\u00a0\u00a0\u00a0\u00a0\u00a0\u00a0\u00a0\u00a0\u00a0\u00a0\u00a0\u00a0\u00a0\u00a0\u00a0\u00a0\u00a0\u00a0\u00a0 nicht anwendbar<\/p>\n<p style=\"margin-bottom: 8px; margin-top: 0px; line-height: 1.6;\"><strong>INHALTSSTOFFE<\/strong>: Mineral\u00f6l, Additive Mineral\u00f6l, Additive<\/p>\n","protected":false},"excerpt":{"rendered":"<p>SCHNEID\u00d6L FLORIN\u00ae SO ist ein hoch belastbares Schneid\u00f6l, das alle Schneidevorg\u00e4nge erleichtert, f\u00fcr ein ausgezeichnetes Schnittbild sorgt und dabei frei von chlor- und silikonhaltigen Verbindungen ist. FLORIN\u00ae SO dient der Verbesserung der Standzeit von Metallbearbeitungswerkzeugen. Es kann gezielt und sparsam eingesetzt werden, denn durch den speziellen Anteil von Additiven verf\u00fcgt FLORIN\u00ae SO \u00fcber ausgepr\u00e4gte Schmier-&#8230;<\/p>\n","protected":false},"featured_media":8319,"template":"","meta":[],"product_brand":[],"product_cat":[354,396,393],"product_tag":[],"class_list":{"0":"post-5738","1":"product","2":"type-product","3":"status-publish","4":"has-post-thumbnail","6":"product_cat-flore-chemie-produkte","7":"product_cat-schmieroele-kriechoele","8":"product_cat-hochwirksame-reinigungs-und-schmiermittel","10":"first","11":"instock","12":"shipping-taxable","13":"purchasable","14":"product-type-variable","15":"has-default-attributes"},"_links":{"self":[{"href":"https:\/\/e-flore.store\/de\/wp-json\/wp\/v2\/product\/5738","targetHints":{"allow":["GET"]}}],"collection":[{"href":"https:\/\/e-flore.store\/de\/wp-json\/wp\/v2\/product"}],"about":[{"href":"https:\/\/e-flore.store\/de\/wp-json\/wp\/v2\/types\/product"}],"wp:featuredmedia":[{"embeddable":true,"href":"https:\/\/e-flore.store\/de\/wp-json\/wp\/v2\/media\/8319"}],"wp:attachment":[{"href":"https:\/\/e-flore.store\/de\/wp-json\/wp\/v2\/media?parent=5738"}],"wp:term":[{"taxonomy":"product_brand","embeddable":true,"href":"https:\/\/e-flore.store\/de\/wp-json\/wp\/v2\/product_brand?post=5738"},{"taxonomy":"product_cat","embeddable":true,"href":"https:\/\/e-flore.store\/de\/wp-json\/wp\/v2\/product_cat?post=5738"},{"taxonomy":"product_tag","embeddable":true,"href":"https:\/\/e-flore.store\/de\/wp-json\/wp\/v2\/product_tag?post=5738"}],"curies":[{"name":"wp","href":"https:\/\/api.w.org\/{rel}","templated":true}]}}