{"id":5749,"date":"2026-02-03T16:03:11","date_gmt":"2026-02-03T14:03:11","guid":{"rendered":"https:\/\/demo8.izveide.id.lv\/?post_type=product&#038;p=5749"},"modified":"2026-03-26T15:04:44","modified_gmt":"2026-03-26T13:04:44","slug":"florin-2000","status":"publish","type":"product","link":"https:\/\/e-flore.store\/de\/produkt\/florin-2000\/","title":{"rendered":"Florin 2000"},"content":{"rendered":"<p><img decoding=\"async\" style=\"width: 100%; height: auto; display: block;\" src=\"\/wp-content\/uploads\/2026\/01\/0020-PARENT_desc.jpg\" \/><\/p>\n<div id=\"eflore-spacer-v55\" style=\"height: 0px; clear: both; width: 100%; display: block;\"><\/div>\n<p style=\"margin-bottom: 10px; margin-top: 30px;\"><strong>KALTREINIGER\u00a0F\u00dcR\u00a0ELEKTRISCHE\u00a0UND MECHANISCHE GER\u00c4TE,\u00a0ANLAGEN\u00a0UND SCHIFFSMOTOREN<\/strong><\/p>\n<p style=\"margin-bottom: 10px; margin-top: 30px;\"><strong>FLORIN\u00ae 2000<\/strong><\/p>\n<p style=\"margin-bottom: 8px; margin-top: 0px; line-height: 1.6;\">entfernt Staub, Fett, \u00d6l, Ru\u00df und andere hartn\u00e4ckige Verschmutzungen. Es ist wasserfrei und elektrisch nicht leitend. FLORIN\u00ae 2000 reinigt r\u00fcckstandslos ohne R\u00fcckfettung alle g\u00e4ngigen Materialien wie Eisen, Buntmetalle, Aluminium und lackierte Oberfl\u00e4chen. Gummi und Kunststoffe werden bei bestimmungsgem\u00e4\u00dfer Anwendung nicht angegriffen. FLORIN\u00ae 2000 erf\u00fcllt in hohem Ma\u00dfe technische Anforderungen, ist f\u00fcr alle Ent\u00f6ler geeignet und sch\u00fctzt Kleinteile vor Rost und Fingerabdr\u00fccken w\u00e4hrend der Verarbeitung.<\/p>\n<p style=\"margin-bottom: 10px; margin-top: 30px;\"><strong>ANWENDUNGSBEREICHE<\/strong><\/p>\n<p style=\"margin-bottom: 8px; margin-top: 0px; line-height: 1.6;\">Motoren und Schaltschr\u00e4nke, Autoelektrik, Schiffsmotoren, Maschinenraum, Getriebe, Ketten, Seile, Ampel- und Signalanlagen, Druckereimaschinen, Walzen, Bleisatz.<\/p>\n<p style=\"margin-bottom: 10px; margin-top: 30px;\"><strong>VERARBEITUNGSHINWEIS<\/strong><\/p>\n<p style=\"margin-bottom: 8px; margin-top: 0px; line-height: 1.6;\">FLORIN\u00ae 2000 wird konzentriert im Spr\u00fch-, Wisch-, Pinsel- oder Tauchverfahren verarbeitet.<\/p>\n<p style=\"margin-bottom: 10px; margin-top: 30px;\"><strong>WEITERE HINWEISE<\/strong><\/p>\n<p style=\"margin-bottom: 8px; margin-top: 0px; line-height: 1.6;\">Zum Erhalt der Produkteigenschaften FLORIN\u00ae 2000 frostfrei lagern. Vor dem Einsatz auf nicht genannten Materialien Vortest an verdeckter Stelle durchf\u00fchren.<\/p>\n<p style=\"margin-bottom: 10px; margin-top: 30px;\"><strong>TECHNISCHE DATEN<\/strong><\/p>\n<p style=\"margin-bottom: 8px; margin-top: 0px; line-height: 1.6;\"><strong>Form<\/strong>: fl\u00fcssig<\/p>\n<p style=\"margin-bottom: 8px; margin-top: 0px; line-height: 1.6;\"><strong>Dichte (20 \u00b0C)<\/strong>: ca. 0,76 g\/ml<\/p>\n<p style=\"margin-bottom: 8px; margin-top: 0px; line-height: 1.6;\"><strong>Flammpunkt<\/strong>: ca. 66 \u00b0C<\/p>\n<p style=\"margin-bottom: 8px; margin-top: 0px; line-height: 1.6;\"><strong>Verdunstungszahl<\/strong>: 150 (diethylether=1)<\/p>\n<p style=\"margin-bottom: 8px; margin-top: 0px; line-height: 1.6;\"><strong>Durchschlagsfestigkeit<\/strong>: 16 kV\/mm (vgl. Luft=2 kV\/mm, Glas, Emaille ca. 10 kV\/mm)<\/p>\n<p style=\"margin-bottom: 8px; margin-top: 0px; line-height: 1.6;\"><strong>INHALTSSTOFFE<\/strong>: isoparaffinisches Kohlenwasserstoffgemisch<\/p>\n","protected":false},"excerpt":{"rendered":"<p>KALTREINIGER\u00a0F\u00dcR\u00a0ELEKTRISCHE\u00a0UND MECHANISCHE GER\u00c4TE,\u00a0ANLAGEN\u00a0UND SCHIFFSMOTOREN FLORIN\u00ae 2000 entfernt Staub, Fett, \u00d6l, Ru\u00df und andere hartn\u00e4ckige Verschmutzungen. Es ist wasserfrei und elektrisch nicht leitend. FLORIN\u00ae 2000 reinigt r\u00fcckstandslos ohne R\u00fcckfettung alle g\u00e4ngigen Materialien wie Eisen, Buntmetalle, Aluminium und lackierte Oberfl\u00e4chen. Gummi und Kunststoffe werden bei bestimmungsgem\u00e4\u00dfer Anwendung nicht angegriffen. FLORIN\u00ae 2000 erf\u00fcllt in hohem Ma\u00dfe technische Anforderungen,&#8230;<\/p>\n","protected":false},"featured_media":5750,"template":"","meta":[],"product_brand":[337],"product_cat":[354,378,390],"product_tag":[],"class_list":{"0":"post-5749","1":"product","2":"type-product","3":"status-publish","4":"has-post-thumbnail","6":"product_brand-flore-chemie","7":"product_cat-flore-chemie-produkte","8":"product_cat-industrie-technik-maschinenbau-elektroanlagen","9":"product_cat-schutz-und-pflege-fuer-technik-rostentferner-elektroreiniger","11":"first","12":"instock","13":"shipping-taxable","14":"purchasable","15":"product-type-variable","16":"has-default-attributes"},"_links":{"self":[{"href":"https:\/\/e-flore.store\/de\/wp-json\/wp\/v2\/product\/5749","targetHints":{"allow":["GET"]}}],"collection":[{"href":"https:\/\/e-flore.store\/de\/wp-json\/wp\/v2\/product"}],"about":[{"href":"https:\/\/e-flore.store\/de\/wp-json\/wp\/v2\/types\/product"}],"wp:featuredmedia":[{"embeddable":true,"href":"https:\/\/e-flore.store\/de\/wp-json\/wp\/v2\/media\/5750"}],"wp:attachment":[{"href":"https:\/\/e-flore.store\/de\/wp-json\/wp\/v2\/media?parent=5749"}],"wp:term":[{"taxonomy":"product_brand","embeddable":true,"href":"https:\/\/e-flore.store\/de\/wp-json\/wp\/v2\/product_brand?post=5749"},{"taxonomy":"product_cat","embeddable":true,"href":"https:\/\/e-flore.store\/de\/wp-json\/wp\/v2\/product_cat?post=5749"},{"taxonomy":"product_tag","embeddable":true,"href":"https:\/\/e-flore.store\/de\/wp-json\/wp\/v2\/product_tag?post=5749"}],"curies":[{"name":"wp","href":"https:\/\/api.w.org\/{rel}","templated":true}]}}