{"id":5761,"date":"2026-02-03T16:03:14","date_gmt":"2026-02-03T14:03:14","guid":{"rendered":"https:\/\/demo8.izveide.id.lv\/?post_type=product&#038;p=5761"},"modified":"2026-03-26T15:04:35","modified_gmt":"2026-03-26T13:04:35","slug":"florin-rs","status":"publish","type":"product","link":"https:\/\/e-flore.store\/de\/produkt\/florin-rs\/","title":{"rendered":"Florin RS"},"content":{"rendered":"<p><img decoding=\"async\" style=\"width: 100%; height: auto; display: block;\" src=\"\/wp-content\/uploads\/2026\/01\/0041-PARENT_desc.jpg\" \/><\/p>\n<div id=\"eflore-spacer-v55\" style=\"height: 0px; clear: both; width: 100%; display: block;\"><\/div>\n<p style=\"margin-bottom: 10px; margin-top: 30px;\"><strong>ROSTSTABILISATOR<\/strong><\/p>\n<p style=\"margin-bottom: 10px; margin-top: 30px;\"><strong>EIGENSCHAFTEN<\/strong><\/p>\n<p style=\"margin-bottom: 8px; margin-top: 0px; line-height: 1.6;\">&#8211; stoppt Rost, verbessert die Lackhaftung.<\/p>\n<p style=\"margin-bottom: 8px; margin-top: 0px; line-height: 1.6;\">&#8211; grifffest, elastisch, witterungsbest\u00e4ndig.<\/p>\n<p style=\"margin-bottom: 8px; margin-top: 0px; line-height: 1.6;\">&#8211; verhindert Rostneubildung.<\/p>\n<p style=\"margin-bottom: 8px; margin-top: 0px; line-height: 1.6;\">&#8211; erspart ein mechanisches Abschleifen der Metallteile und greift gesunde Lacke nicht an.<\/p>\n<p style=\"margin-bottom: 8px; margin-top: 0px; line-height: 1.6;\">&#8211; umweltfreundlich, da blei- und chromatfrei.<\/p>\n<p style=\"margin-bottom: 8px; margin-top: 0px; line-height: 1.6;\">&#8211; Freibewitterung ohne Decklack bis zu 6 Monaten.<\/p>\n<p style=\"margin-bottom: 8px; margin-top: 0px; line-height: 1.6;\">&#8211; mit den meisten handels\u00fcblichen Lacken \u00fcberlackierbar.<\/p>\n<p style=\"margin-bottom: 10px; margin-top: 30px;\"><strong>EINSATZGEBIETE<\/strong><\/p>\n<p style=\"margin-bottom: 8px; margin-top: 0px; line-height: 1.6;\">&#8211; Rostreparaturen im Pkw- und Lkw-Bereich.<\/p>\n<p style=\"margin-bottom: 8px; margin-top: 0px; line-height: 1.6;\">&#8211; Kesselanlagen, Rohrleitungen, Gitterroste.<\/p>\n<p style=\"margin-bottom: 8px; margin-top: 0px; line-height: 1.6;\">&#8211; Krananlagen, F\u00f6rderb\u00e4nder, Baumaschinen.<\/p>\n<p style=\"margin-bottom: 8px; margin-top: 0px; line-height: 1.6;\">&#8211; Kl\u00e4ranlagen, Gro\u00dfw\u00e4schereien, Schrott- und M\u00fcllcontainer.<\/p>\n<p style=\"margin-bottom: 8px; margin-top: 0px; line-height: 1.6;\">&#8211; Blechbedachungen, Z\u00e4une etc.<\/p>\n<p style=\"margin-bottom: 10px; margin-top: 30px;\"><strong>ANWENDUNG<\/strong><\/p>\n<p style=\"margin-bottom: 8px; margin-top: 0px; line-height: 1.6;\">&#8211; Untergrundvorbehandlung: losen Rost mechanisch entfernen.<\/p>\n<p style=\"margin-bottom: 8px; margin-top: 0px; line-height: 1.6;\">&#8211; Oberfl\u00e4chen gr\u00fcndlich entfetten.<\/p>\n<p style=\"margin-bottom: 8px; margin-top: 0px; line-height: 1.6;\">&#8211; mittels Pinsel, Lammfellrolle oder im Spritzverfahren Florin RS je nach Rostst\u00e4rke ein- bis zweimal auftragen.<\/p>\n<p style=\"margin-bottom: 8px; margin-top: 0px; line-height: 1.6;\">&#8211; nach 16 bis 24 Stunden Trockenzeit kann lackiert werden.<\/p>\n<p style=\"margin-bottom: 10px; margin-top: 30px;\"><strong>HINWEISE<\/strong><\/p>\n<p style=\"margin-bottom: 8px; margin-top: 0px; line-height: 1.6;\">&#8211; Vor dem \u00dcberlackieren Florin RS-Schicht ganz abtrocknen lassen und unbedingt Lackhaftungstest in ausreagiertem Zustand durchf\u00fchren!<\/p>\n<p style=\"margin-bottom: 8px; margin-top: 0px; line-height: 1.6;\">&#8211; Untergrund, Pinsel und Topf m\u00fcssen absolut fettfrei sein, da sonst die Leistung des Produkts wesentlich beeintr\u00e4chtigt wird.<\/p>\n<p style=\"margin-bottom: 8px; margin-top: 0px; line-height: 1.6;\">&#8211;\u00a0 Vor Verwendung aufr\u00fchren.<\/p>\n<p style=\"margin-bottom: 10px; margin-top: 30px;\"><strong>TECHNISCHE DATEN<\/strong><\/p>\n<p style=\"margin-bottom: 8px; margin-top: 0px; line-height: 1.6;\"><strong>Form<\/strong>: fl\u00fcssig<\/p>\n<p style=\"margin-bottom: 8px; margin-top: 0px; line-height: 1.6;\"><strong>pH-Wert<\/strong>: 7,3 &#8211; 8,5<\/p>\n<p style=\"margin-bottom: 8px; margin-top: 0px; line-height: 1.6;\"><strong>Dichte (20 \u00b0C)<\/strong>: ca. 0.98 g\/cm\u00b3<\/p>\n<p style=\"margin-bottom: 8px; margin-top: 0px; line-height: 1.6;\"><strong>Siedepunkt<\/strong>: 78 &#8211; 118 \u00b0C<\/p>\n","protected":false},"excerpt":{"rendered":"<p>ROSTSTABILISATOR EIGENSCHAFTEN &#8211; stoppt Rost, verbessert die Lackhaftung. &#8211; grifffest, elastisch, witterungsbest\u00e4ndig. &#8211; verhindert Rostneubildung. &#8211; erspart ein mechanisches Abschleifen der Metallteile und greift gesunde Lacke nicht an. &#8211; umweltfreundlich, da blei- und chromatfrei. &#8211; Freibewitterung ohne Decklack bis zu 6 Monaten. &#8211; mit den meisten handels\u00fcblichen Lacken \u00fcberlackierbar. EINSATZGEBIETE &#8211; Rostreparaturen im Pkw- und&#8230;<\/p>\n","protected":false},"featured_media":5762,"template":"","meta":[],"product_brand":[337],"product_cat":[354,378,390],"product_tag":[],"class_list":{"0":"post-5761","1":"product","2":"type-product","3":"status-publish","4":"has-post-thumbnail","6":"product_brand-flore-chemie","7":"product_cat-flore-chemie-produkte","8":"product_cat-industrie-technik-maschinenbau-elektroanlagen","9":"product_cat-schutz-und-pflege-fuer-technik-rostentferner-elektroreiniger","11":"first","12":"instock","13":"shipping-taxable","14":"purchasable","15":"product-type-variable","16":"has-default-attributes"},"_links":{"self":[{"href":"https:\/\/e-flore.store\/de\/wp-json\/wp\/v2\/product\/5761","targetHints":{"allow":["GET"]}}],"collection":[{"href":"https:\/\/e-flore.store\/de\/wp-json\/wp\/v2\/product"}],"about":[{"href":"https:\/\/e-flore.store\/de\/wp-json\/wp\/v2\/types\/product"}],"wp:featuredmedia":[{"embeddable":true,"href":"https:\/\/e-flore.store\/de\/wp-json\/wp\/v2\/media\/5762"}],"wp:attachment":[{"href":"https:\/\/e-flore.store\/de\/wp-json\/wp\/v2\/media?parent=5761"}],"wp:term":[{"taxonomy":"product_brand","embeddable":true,"href":"https:\/\/e-flore.store\/de\/wp-json\/wp\/v2\/product_brand?post=5761"},{"taxonomy":"product_cat","embeddable":true,"href":"https:\/\/e-flore.store\/de\/wp-json\/wp\/v2\/product_cat?post=5761"},{"taxonomy":"product_tag","embeddable":true,"href":"https:\/\/e-flore.store\/de\/wp-json\/wp\/v2\/product_tag?post=5761"}],"curies":[{"name":"wp","href":"https:\/\/api.w.org\/{rel}","templated":true}]}}