{"id":5767,"date":"2026-02-03T16:03:15","date_gmt":"2026-02-03T14:03:15","guid":{"rendered":"https:\/\/demo8.izveide.id.lv\/?post_type=product&#038;p=5767"},"modified":"2026-03-26T15:04:31","modified_gmt":"2026-03-26T13:04:31","slug":"floranin-c","status":"publish","type":"product","link":"https:\/\/e-flore.store\/de\/produkt\/floranin-c\/","title":{"rendered":"Floranin C"},"content":{"rendered":"<p><img decoding=\"async\" style=\"width: 100%; height: auto; display: block;\" src=\"\/wp-content\/uploads\/2026\/01\/0158-PARENT_desc.jpg\" \/><\/p>\n<div id=\"eflore-spacer-v55\" style=\"height: 0px; clear: both; width: 100%; display: block;\"><\/div>\n<p style=\"margin-bottom: 10px; margin-top: 30px;\"><strong>WASSERMISCHBARES K\u00dcHLSCHMIERMITTEL<\/strong><\/p>\n<p style=\"margin-bottom: 10px; margin-top: 30px;\"><strong>FLORANIN C<\/strong><\/p>\n<p style=\"margin-bottom: 8px; margin-top: 0px; line-height: 1.6;\">ist ein vollsynthetisches K\u00fchlschmiermittel. Es enth\u00e4lt weder Mineral\u00f6l noch Nitrit oder Nitrat und ist daher sehr gut biologisch abbaubar. FLORANIN C ist wassermischbar, hochergiebig und bietet verbesserten Korrosionsschutz. Es ist transparent und erm\u00f6glicht dadurch ein genaueres Arbeiten. FLORANIN C senkt den Verbrauch bei langen Emulsionsstandzeiten und schont die Werkzeuge. Es ist ideal zur spanabhebenden Bearbeitung von Stahl und Guss und auch f\u00fcr Aluminiumlegierungen geeignet. FLORANIN C erf\u00fcllt die Anforderungen der TRGS 611 und ist frei von NTA und EDTA.<\/p>\n<p style=\"margin-bottom: 10px; margin-top: 30px;\"><strong>ANWENDUNGSBEREICHE<\/strong><\/p>\n<p style=\"margin-bottom: 8px; margin-top: 0px; line-height: 1.6;\">Zum Bohren, Fr\u00e4sen, Schleifen, Schneiden und S\u00e4gen; als synthetische Schmierung und K\u00fchlschmierung.<\/p>\n<p style=\"margin-bottom: 10px; margin-top: 30px;\"><strong>VERARBEITUNGSHINWEISE<\/strong><\/p>\n<p style=\"margin-bottom: 10px; margin-top: 30px;\">FLORANIN C muss je nach Anwendung mit Wasser verd\u00fcnnt werden:<\/p>\n<p style=\"margin-bottom: 8px; margin-top: 0px; line-height: 1.6;\">Schleifen: 1:30 bis 1:60<\/p>\n<p style=\"margin-bottom: 8px; margin-top: 0px; line-height: 1.6;\">Drehen: 1:20 bis 1:50<\/p>\n<p style=\"margin-bottom: 8px; margin-top: 0px; line-height: 1.6;\">Bohren: 1:20 bis 1:50<\/p>\n<p style=\"margin-bottom: 8px; margin-top: 0px; line-height: 1.6;\">Fr\u00e4sen: 1:20 bis 1:50<\/p>\n<p style=\"margin-bottom: 8px; margin-top: 0px; line-height: 1.6;\">Schneiden: 1:20 bis 1:60<\/p>\n<p style=\"margin-bottom: 8px; margin-top: 0px; line-height: 1.6;\">S\u00e4gen: 1:20 bis 1:30<\/p>\n<p style=\"margin-bottom: 8px; margin-top: 0px; line-height: 1.6;\">Schmieren: 1:20 bis 1:60<\/p>\n<p style=\"margin-bottom: 8px; margin-top: 0px; line-height: 1.6;\">oder je nach Anwendung in einer Konzentration von 2 &#8211; 5 % FLORANIN C ist auch in Automaten verarbeitbar.<\/p>\n<p style=\"margin-bottom: 10px; margin-top: 30px;\"><strong>WEITERE HINWEISE<\/strong><\/p>\n<p style=\"margin-bottom: 8px; margin-top: 0px; line-height: 1.6;\">Vor dem Einsatz auf nicht genannten Materialien Vortest an verdeckter Stelle durchf\u00fchren. Zum Erhalt der Produkteigenschaften FLORANIN C frostfrei lagern.<\/p>\n<p style=\"margin-bottom: 10px; margin-top: 30px;\"><strong>TECHNISCHE DATEN<\/strong><\/p>\n<p style=\"margin-bottom: 8px; margin-top: 0px; line-height: 1.6;\"><strong>Form<\/strong>: fl\u00fcssig<\/p>\n<p style=\"margin-bottom: 8px; margin-top: 0px; line-height: 1.6;\"><strong>Dichte (20 \u00b0C)<\/strong>: ca. 1,126 g\/cm\u00b3<\/p>\n<p style=\"margin-bottom: 8px; margin-top: 0px; line-height: 1.6;\"><strong>pH-Wert<\/strong>: 9,0 &#8211; 9,4<\/p>\n<p style=\"margin-bottom: 8px; margin-top: 0px; line-height: 1.6;\"><strong>Refraktormeterfaktor<\/strong>: 1,5<\/p>\n<p style=\"margin-bottom: 8px; margin-top: 0px; line-height: 1.6;\"><strong>INHALTSSTOFFE<\/strong>: alkanolaminneutralisierte Polycarbons\u00e4ure, Korrosionsinhibitoren, Buntmetallinhibitor, Nitrosierungsinhibitor<\/p>\n","protected":false},"excerpt":{"rendered":"<p>WASSERMISCHBARES K\u00dcHLSCHMIERMITTEL FLORANIN C ist ein vollsynthetisches K\u00fchlschmiermittel. Es enth\u00e4lt weder Mineral\u00f6l noch Nitrit oder Nitrat und ist daher sehr gut biologisch abbaubar. FLORANIN C ist wassermischbar, hochergiebig und bietet verbesserten Korrosionsschutz. Es ist transparent und erm\u00f6glicht dadurch ein genaueres Arbeiten. FLORANIN C senkt den Verbrauch bei langen Emulsionsstandzeiten und schont die Werkzeuge. Es ist&#8230;<\/p>\n","protected":false},"featured_media":5768,"template":"","meta":[],"product_brand":[337],"product_cat":[354,378,390],"product_tag":[],"class_list":{"0":"post-5767","1":"product","2":"type-product","3":"status-publish","4":"has-post-thumbnail","6":"product_brand-flore-chemie","7":"product_cat-flore-chemie-produkte","8":"product_cat-industrie-technik-maschinenbau-elektroanlagen","9":"product_cat-schutz-und-pflege-fuer-technik-rostentferner-elektroreiniger","11":"first","12":"instock","13":"shipping-taxable","14":"purchasable","15":"product-type-variable","16":"has-default-attributes"},"_links":{"self":[{"href":"https:\/\/e-flore.store\/de\/wp-json\/wp\/v2\/product\/5767","targetHints":{"allow":["GET"]}}],"collection":[{"href":"https:\/\/e-flore.store\/de\/wp-json\/wp\/v2\/product"}],"about":[{"href":"https:\/\/e-flore.store\/de\/wp-json\/wp\/v2\/types\/product"}],"wp:featuredmedia":[{"embeddable":true,"href":"https:\/\/e-flore.store\/de\/wp-json\/wp\/v2\/media\/5768"}],"wp:attachment":[{"href":"https:\/\/e-flore.store\/de\/wp-json\/wp\/v2\/media?parent=5767"}],"wp:term":[{"taxonomy":"product_brand","embeddable":true,"href":"https:\/\/e-flore.store\/de\/wp-json\/wp\/v2\/product_brand?post=5767"},{"taxonomy":"product_cat","embeddable":true,"href":"https:\/\/e-flore.store\/de\/wp-json\/wp\/v2\/product_cat?post=5767"},{"taxonomy":"product_tag","embeddable":true,"href":"https:\/\/e-flore.store\/de\/wp-json\/wp\/v2\/product_tag?post=5767"}],"curies":[{"name":"wp","href":"https:\/\/api.w.org\/{rel}","templated":true}]}}