{"id":5791,"date":"2026-02-03T16:03:19","date_gmt":"2026-02-03T14:03:19","guid":{"rendered":"https:\/\/demo8.izveide.id.lv\/?post_type=product&#038;p=5791"},"modified":"2026-02-18T16:44:02","modified_gmt":"2026-02-18T14:44:02","slug":"flamil-oe-2000","status":"publish","type":"product","link":"https:\/\/e-flore.store\/de\/produkt\/flamil-oe-2000\/","title":{"rendered":"Flamil OE 2000"},"content":{"rendered":"<p><img decoding=\"async\" style=\"width: 100%; height: auto; display: block;\" src=\"\/wp-content\/uploads\/2026\/01\/0516-PARENT_desc.jpg\" \/><\/p>\n<div id=\"eflore-spacer-v55\" style=\"height: 0px; clear: both; width: 100%; display: block;\"><\/div>\n<p style=\"margin-bottom: 10px; margin-top: 30px;\"><strong>BIOLOGISCHE BODENSANIERUNG<\/strong><\/p>\n<p style=\"margin-bottom: 10px; margin-top: 30px;\"><strong>FLAMIL\u00ae OE 2000<\/strong><\/p>\n<p style=\"margin-bottom: 8px; margin-top: 0px; line-height: 1.6;\">ist eine sichere Methode zur wirksamen Entfernung problematischer \u00d6lflecken, die von PKW, LKW und Ger\u00e4ten stammen. FLAMIL\u00ae OE 2000 ist ein kraftvoller Reiniger, der eine patentierte Mikrobentechnologie mit einem einzigartigen, zum Patent angemeldeten Tensid kombiniert. FLAMIL\u00ae OE 2000 wurde speziell entwickelt, um hartn\u00e4ckige Flecken von Beton und Asphalt zu entfernen. Dar\u00fcber hinaus eignet sich FLAMIL\u00ae OE 2000 hervorragend zur Reinigung von Oberfl\u00e4chen im Au\u00dfenbereich. Das Produkt ist ungiftig, biologisch abbaubar, nicht brennbar, frei von Mineral\u00f6lkohlenwasserstoffen, APEO \/ NPEO und Zitrusverbindungen.<\/p>\n<p style=\"margin-bottom: 10px; margin-top: 30px;\"><strong>ANWENDUNGSBEREICHE<\/strong><\/p>\n<p style=\"margin-bottom: 8px; margin-top: 0px; line-height: 1.6;\">FLAMIL\u00ae OE 2000 eignet sich f\u00fcr Beton, Asphalt, gestrichene Oberfl\u00e4chen z.B. an Autoschaltern von Restaurants und Banken, Verladestellen, Parkpl\u00e4tzen von Hotels, Einkaufszentren, Kfz-Zubeh\u00f6rl\u00e4den und Rastpl\u00e4tzen. Es ist nat\u00fcrlich geeignet f\u00fcr B\u00f6den in Kfz-Werkst\u00e4tten, an Tankstellen, Autowaschstra\u00dfen und Bushaltestellen. FLAMIL\u00ae OE 2000 enth\u00e4lt eine Mischung von Mikroben, die eine Vielzahl von Kohlenwasserstoffverbindungen abbauen k\u00f6nnen &#8211; hierzu z\u00e4hlen Benzin, Diesel, \u00d6l, BTX-Verbindungen (Benzol, Toluol, Xylen), Phenol, Katechol, Kresol und Polyaromate (Naphthalen, Phenanthren und Biphenyl).<\/p>\n<p style=\"margin-bottom: 10px; margin-top: 30px;\"><strong>VERARBEITUNGSHINWEISE<\/strong><\/p>\n<p style=\"margin-bottom: 8px; margin-top: 0px; line-height: 1.6;\">Vor Gebrauch gut sch\u00fctteln! Den verschmutzten Bereich anfeuchten. FLAMIL\u00ae OE 2000 unverd\u00fcnnt auf starke Verunreinigungen aufspr\u00fchen oder -sch\u00fctten. Mindestens 10 &#8211; 20 Minuten einwirken lassen und vor dem Absp\u00fclen bei Bedarf mit einer B\u00fcrste nacharbeiten. 100 &#8211; 200 ml auf einen Liter Wasser sind f\u00fcr die allgemeine Reinigung ausreichend. FLAMIL\u00ae OE 2000 sollte nicht bei Temperaturen unterhalb 3 \u00b0C und bei direkter Sonneneinstrahlung angewendet werden, da die Wirksamkeit der Mikroorganismen sonst nicht mehr gew\u00e4hrleistet werden kann! Mindesthaltbarkeit: 18 Monate bei Zimmertemperatur und lichtgesch\u00fctzt gelagert.<\/p>\n<p style=\"margin-bottom: 10px; margin-top: 30px;\"><strong>TECHNISCHE DATEN<\/strong><\/p>\n<p style=\"margin-bottom: 8px; margin-top: 0px; line-height: 1.6;\"><strong>Form<\/strong>: fl\u00fcssig<\/p>\n<p style=\"margin-bottom: 8px; margin-top: 0px; line-height: 1.6;\"><strong>Dichte (25 \u00b0C)<\/strong>: ca. 1,0 g\/ml<\/p>\n<p style=\"margin-bottom: 8px; margin-top: 0px; line-height: 1.6;\"><strong>pH-Wert (Konz.)<\/strong>: 8,5 &#8211; 9,5<\/p>\n<p style=\"margin-bottom: 8px; margin-top: 0px; line-height: 1.6;\"><strong>INHALTSSTOFFE<\/strong>: Tensidkombination und nicht pathogene Mikroorganismen<\/p>\n","protected":false},"excerpt":{"rendered":"<p>BIOLOGISCHE BODENSANIERUNG FLAMIL\u00ae OE 2000 ist eine sichere Methode zur wirksamen Entfernung problematischer \u00d6lflecken, die von PKW, LKW und Ger\u00e4ten stammen. FLAMIL\u00ae OE 2000 ist ein kraftvoller Reiniger, der eine patentierte Mikrobentechnologie mit einem einzigartigen, zum Patent angemeldeten Tensid kombiniert. FLAMIL\u00ae OE 2000 wurde speziell entwickelt, um hartn\u00e4ckige Flecken von Beton und Asphalt zu entfernen&#8230;.<\/p>\n","protected":false},"featured_media":5792,"template":"","meta":[],"product_brand":[337],"product_cat":[354,378,387],"product_tag":[],"class_list":{"0":"post-5791","1":"product","2":"type-product","3":"status-publish","4":"has-post-thumbnail","6":"product_brand-flore-chemie","7":"product_cat-flore-chemie-produkte","8":"product_cat-industrie-technik-maschinenbau-elektroanlagen","9":"product_cat-spezialprodukte-fuer-reinigung-und-pflege","11":"first","12":"instock","13":"shipping-taxable","14":"purchasable","15":"product-type-variable","16":"has-default-attributes"},"_links":{"self":[{"href":"https:\/\/e-flore.store\/de\/wp-json\/wp\/v2\/product\/5791","targetHints":{"allow":["GET"]}}],"collection":[{"href":"https:\/\/e-flore.store\/de\/wp-json\/wp\/v2\/product"}],"about":[{"href":"https:\/\/e-flore.store\/de\/wp-json\/wp\/v2\/types\/product"}],"wp:featuredmedia":[{"embeddable":true,"href":"https:\/\/e-flore.store\/de\/wp-json\/wp\/v2\/media\/5792"}],"wp:attachment":[{"href":"https:\/\/e-flore.store\/de\/wp-json\/wp\/v2\/media?parent=5791"}],"wp:term":[{"taxonomy":"product_brand","embeddable":true,"href":"https:\/\/e-flore.store\/de\/wp-json\/wp\/v2\/product_brand?post=5791"},{"taxonomy":"product_cat","embeddable":true,"href":"https:\/\/e-flore.store\/de\/wp-json\/wp\/v2\/product_cat?post=5791"},{"taxonomy":"product_tag","embeddable":true,"href":"https:\/\/e-flore.store\/de\/wp-json\/wp\/v2\/product_tag?post=5791"}],"curies":[{"name":"wp","href":"https:\/\/api.w.org\/{rel}","templated":true}]}}