{"id":5795,"date":"2026-02-03T16:03:20","date_gmt":"2026-02-03T14:03:20","guid":{"rendered":"https:\/\/demo8.izveide.id.lv\/?post_type=product&#038;p=5795"},"modified":"2026-03-26T15:04:16","modified_gmt":"2026-03-26T13:04:16","slug":"flamil-str","status":"publish","type":"product","link":"https:\/\/e-flore.store\/de\/produkt\/flamil-str\/","title":{"rendered":"Flamil STR"},"content":{"rendered":"<p><img decoding=\"async\" style=\"width: 100%; height: auto; display: block;\" src=\"\/wp-content\/uploads\/2026\/01\/0603-PARENT_desc.jpg\" \/><\/p>\n<div id=\"eflore-spacer-v55\" style=\"height: 0px; clear: both; width: 100%; display: block;\"><\/div>\n<p style=\"margin-bottom: 10px; margin-top: 30px;\"><strong>STEINREINIGER<\/strong><\/p>\n<p style=\"margin-bottom: 10px; margin-top: 30px;\"><strong>FLAMIL\u00ae STR<\/strong><\/p>\n<p style=\"margin-bottom: 8px; margin-top: 0px; line-height: 1.6;\">ist ein alkalisches, fl\u00fcssiges Reinigungskonzentrat auf Basis anorganischer Chlorverbindung zur Entfernung von organischen Verschmutzungen wie Algen, Moos, Gr\u00fcnspan, durch Bl\u00e4tter und Bl\u00fcten entstandener Flecken und starken Verschmutzungen durch Wetter- und Umwelteinfl\u00fcsse auf z.B. Grabsteinen, Terrassen, Eing\u00e4ngen o.\u00e4. sowie Gelbverf\u00e4rbungen von Carrara aufgrund organischen Ursprungs. Marmor- und Natursteinpolituren werden nicht angegriffen.<\/p>\n<p style=\"margin-bottom: 10px; margin-top: 30px;\"><strong>ANWENDUNGSBEREICHE<\/strong><\/p>\n<p style=\"margin-bottom: 8px; margin-top: 0px; line-height: 1.6;\">Marmor, Kunst- und Naturstein, Betonfl\u00e4chen u. \u00e4.<\/p>\n<p style=\"margin-bottom: 10px; margin-top: 30px;\"><strong>VERARBEITUNGSHINWEISE<\/strong><\/p>\n<p style=\"margin-bottom: 8px; margin-top: 0px; line-height: 1.6;\">Nicht auf Bunt- und Leichtmetallen verwenden! Nicht gemeinsam mit sauren Reinigern verwenden! Bei Verwendung in geschlossenen R\u00e4umen ist f\u00fcr ausreichende Bel\u00fcftung zu sorgen. An verdeckter Stelle bitte Vortest durchf\u00fchren, insbesondere bei unbehandeltem Marmor und farbigen Schrifts\u00e4tzen auf Grabsteinen! FLAMIL\u00ae STR wird je nach Verschmutzungsgrad und Problemstellung bis 1:10 mit Wasser verd\u00fcnnt. Die Reinigungsl\u00f6sung mit B\u00fcrste, Schrubber, Schwamm oder geeignetem Spritzger\u00e4t auftragen und einwirken lassen, danach mit Wasser gr\u00fcndlich absp\u00fclen.<\/p>\n<p style=\"margin-bottom: 10px; margin-top: 30px;\"><strong>WEITERER HINWEIS<\/strong><\/p>\n<p style=\"margin-bottom: 8px; margin-top: 0px; line-height: 1.6;\">Zum Erhalt der Produkteigenschaften FLAMIL\u00ae STR frostfrei lagern.<\/p>\n<p style=\"margin-bottom: 10px; margin-top: 30px;\"><strong>TECHNISCHE DATEN<\/strong><\/p>\n<p style=\"margin-bottom: 8px; margin-top: 0px; line-height: 1.6;\"><strong>Form<\/strong>: fl\u00fcssig<\/p>\n<p style=\"margin-bottom: 8px; margin-top: 0px; line-height: 1.6;\"><strong>Dichte (20 \u00b0C)<\/strong>: 1,16 g\/cm\u00b3<\/p>\n<p style=\"margin-bottom: 8px; margin-top: 0px; line-height: 1.6;\"><strong>Siedebereich<\/strong>: &gt; 100 \u00b0C<\/p>\n<p style=\"margin-bottom: 8px; margin-top: 0px; line-height: 1.6;\"><strong>pH-Wert (20 \u00b0C)<\/strong>: 11-12<\/p>\n<p style=\"margin-bottom: 8px; margin-top: 0px; line-height: 1.6;\"><strong>INHALTSSTOFFE<\/strong>: Kaliumhydroxid, Natriumhypochloritl\u00f6sung, Metasilikat<\/p>\n","protected":false},"excerpt":{"rendered":"<p>STEINREINIGER FLAMIL\u00ae STR ist ein alkalisches, fl\u00fcssiges Reinigungskonzentrat auf Basis anorganischer Chlorverbindung zur Entfernung von organischen Verschmutzungen wie Algen, Moos, Gr\u00fcnspan, durch Bl\u00e4tter und Bl\u00fcten entstandener Flecken und starken Verschmutzungen durch Wetter- und Umwelteinfl\u00fcsse auf z.B. Grabsteinen, Terrassen, Eing\u00e4ngen o.\u00e4. sowie Gelbverf\u00e4rbungen von Carrara aufgrund organischen Ursprungs. Marmor- und Natursteinpolituren werden nicht angegriffen. ANWENDUNGSBEREICHE Marmor,&#8230;<\/p>\n","protected":false},"featured_media":5796,"template":"","meta":[],"product_brand":[337],"product_cat":[354,378,387],"product_tag":[],"class_list":{"0":"post-5795","1":"product","2":"type-product","3":"status-publish","4":"has-post-thumbnail","6":"product_brand-flore-chemie","7":"product_cat-flore-chemie-produkte","8":"product_cat-industrie-technik-maschinenbau-elektroanlagen","9":"product_cat-spezialprodukte-fuer-reinigung-und-pflege","11":"first","12":"instock","13":"shipping-taxable","14":"purchasable","15":"product-type-variable","16":"has-default-attributes"},"_links":{"self":[{"href":"https:\/\/e-flore.store\/de\/wp-json\/wp\/v2\/product\/5795","targetHints":{"allow":["GET"]}}],"collection":[{"href":"https:\/\/e-flore.store\/de\/wp-json\/wp\/v2\/product"}],"about":[{"href":"https:\/\/e-flore.store\/de\/wp-json\/wp\/v2\/types\/product"}],"wp:featuredmedia":[{"embeddable":true,"href":"https:\/\/e-flore.store\/de\/wp-json\/wp\/v2\/media\/5796"}],"wp:attachment":[{"href":"https:\/\/e-flore.store\/de\/wp-json\/wp\/v2\/media?parent=5795"}],"wp:term":[{"taxonomy":"product_brand","embeddable":true,"href":"https:\/\/e-flore.store\/de\/wp-json\/wp\/v2\/product_brand?post=5795"},{"taxonomy":"product_cat","embeddable":true,"href":"https:\/\/e-flore.store\/de\/wp-json\/wp\/v2\/product_cat?post=5795"},{"taxonomy":"product_tag","embeddable":true,"href":"https:\/\/e-flore.store\/de\/wp-json\/wp\/v2\/product_tag?post=5795"}],"curies":[{"name":"wp","href":"https:\/\/api.w.org\/{rel}","templated":true}]}}