{"id":5801,"date":"2026-02-03T16:03:21","date_gmt":"2026-02-03T14:03:21","guid":{"rendered":"https:\/\/demo8.izveide.id.lv\/?post_type=product&#038;p=5801"},"modified":"2026-03-26T15:04:12","modified_gmt":"2026-03-26T13:04:12","slug":"flamil-gummistreifenentferner","status":"publish","type":"product","link":"https:\/\/e-flore.store\/de\/produkt\/flamil-gummistreifenentferner\/","title":{"rendered":"Flamil Gummistreifenentferner"},"content":{"rendered":"<p><img decoding=\"async\" style=\"width: 100%; height: auto; display: block;\" src=\"\/wp-content\/uploads\/2026\/01\/0515-PARENT_desc.jpg\" \/><\/p>\n<div id=\"eflore-spacer-v55\" style=\"height: 0px; clear: both; width: 100%; display: block;\"><\/div>\n<p style=\"margin-bottom: 10px; margin-top: 30px;\"><strong>GUMMISTREIFENENTFERNER<\/strong><\/p>\n<p style=\"margin-bottom: 10px; margin-top: 30px;\"><strong>FLAMIL\u00ae GUMMISTREIFENENTFERNER<\/strong><\/p>\n<p style=\"margin-bottom: 8px; margin-top: 0px; line-height: 1.6;\">l\u00f6st und entfernt m\u00fchelos Abriebspuren aller Art, u.a. Reifenabrieb. FLAMIL\u00ae GUMMISTREIFENENTFERNER ist sowohl f\u00fcr den manuellen Einsatz als auch f\u00fcr Maschinen und Automaten geeignet. Bei der Verarbeitung des Produktes sind keine Ex-gesch\u00fctzten Maschinen erforderlich.<\/p>\n<p style=\"margin-bottom: 10px; margin-top: 30px;\"><strong>ANWENDUNGSBEREICHE<\/strong><\/p>\n<p style=\"margin-bottom: 8px; margin-top: 0px; line-height: 1.6;\">Auf allen l\u00f6semittel- und wasserfesten Oberfl\u00e4chen wie Beton, Fliesen und PVC.<\/p>\n<p style=\"margin-bottom: 10px; margin-top: 30px;\"><strong>VERARBEITUNGSHINWEISE<\/strong><\/p>\n<p style=\"margin-bottom: 10px; margin-top: 30px;\">Automaten:<\/p>\n<p style=\"margin-bottom: 8px; margin-top: 0px; line-height: 1.6;\">Verd\u00fcnnung 1:1 bis 1:3 mit Wasser und Fl\u00e4che abfahren. Bei hartn\u00e4ckigen Verschmutzungen wie starkem Gummiauftrag Vorgang wiederholen. Evtl. mit klarem Wasser nachwischen. Achtung! Die Reinigungsl\u00f6sung immer erst zum Arbeitsbeginn einf\u00fcllen. Nach Beendigung der Arbeit den Automaten vollst\u00e4ndig entleeren.<\/p>\n<p style=\"margin-bottom: 8px; margin-top: 0px; line-height: 1.6;\">manueller Einsatz: Verd\u00fcnnung 1:1 bis 1:3 mit Wasser. Die Reinigungsl\u00f6sung auftragen und einwirken lassen. Mit Schrubber, B\u00fcrste oder Einscheibenmaschine Schmutz l\u00f6sen, mit Wassersauger oder manuell Schmutz aufnehmen und mit klarem Wasser nachwischen.<\/p>\n<p style=\"margin-bottom: 10px; margin-top: 30px;\"><strong>WEITERE HINWEISE<\/strong><\/p>\n<p style=\"margin-bottom: 8px; margin-top: 0px; line-height: 1.6;\">F\u00fcr gute Be- und Entl\u00fcftung der R\u00e4ume sorgen. Material vorher auf Vertr\u00e4glichkeit pr\u00fcfen.<\/p>\n<p style=\"margin-bottom: 10px; margin-top: 30px;\"><strong>TECHNISCHE DATEN<\/strong><\/p>\n<p style=\"margin-bottom: 8px; margin-top: 0px; line-height: 1.6;\"><strong>Form<\/strong>: fl\u00fcssig<\/p>\n<p style=\"margin-bottom: 8px; margin-top: 0px; line-height: 1.6;\"><strong>Dichte (20 \u00b0C)<\/strong>: ca. 0,9 g\/ml<\/p>\n<p style=\"margin-bottom: 8px; margin-top: 0px; line-height: 1.6;\"><strong>pH-Wert (Konz.)<\/strong>: 5,0<\/p>\n<p style=\"margin-bottom: 8px; margin-top: 0px; line-height: 1.6;\"><strong>INHALTSSTOFFE<\/strong>: nichtionische Tenside und L\u00f6semittel<\/p>\n","protected":false},"excerpt":{"rendered":"<p>GUMMISTREIFENENTFERNER FLAMIL\u00ae GUMMISTREIFENENTFERNER l\u00f6st und entfernt m\u00fchelos Abriebspuren aller Art, u.a. Reifenabrieb. FLAMIL\u00ae GUMMISTREIFENENTFERNER ist sowohl f\u00fcr den manuellen Einsatz als auch f\u00fcr Maschinen und Automaten geeignet. Bei der Verarbeitung des Produktes sind keine Ex-gesch\u00fctzten Maschinen erforderlich. ANWENDUNGSBEREICHE Auf allen l\u00f6semittel- und wasserfesten Oberfl\u00e4chen wie Beton, Fliesen und PVC. VERARBEITUNGSHINWEISE Automaten: Verd\u00fcnnung 1:1 bis 1:3&#8230;<\/p>\n","protected":false},"featured_media":5802,"template":"","meta":[],"product_brand":[337],"product_cat":[354,378,387],"product_tag":[],"class_list":{"0":"post-5801","1":"product","2":"type-product","3":"status-publish","4":"has-post-thumbnail","6":"product_brand-flore-chemie","7":"product_cat-flore-chemie-produkte","8":"product_cat-industrie-technik-maschinenbau-elektroanlagen","9":"product_cat-spezialprodukte-fuer-reinigung-und-pflege","11":"first","12":"instock","13":"shipping-taxable","14":"purchasable","15":"product-type-variable","16":"has-default-attributes"},"_links":{"self":[{"href":"https:\/\/e-flore.store\/de\/wp-json\/wp\/v2\/product\/5801","targetHints":{"allow":["GET"]}}],"collection":[{"href":"https:\/\/e-flore.store\/de\/wp-json\/wp\/v2\/product"}],"about":[{"href":"https:\/\/e-flore.store\/de\/wp-json\/wp\/v2\/types\/product"}],"wp:featuredmedia":[{"embeddable":true,"href":"https:\/\/e-flore.store\/de\/wp-json\/wp\/v2\/media\/5802"}],"wp:attachment":[{"href":"https:\/\/e-flore.store\/de\/wp-json\/wp\/v2\/media?parent=5801"}],"wp:term":[{"taxonomy":"product_brand","embeddable":true,"href":"https:\/\/e-flore.store\/de\/wp-json\/wp\/v2\/product_brand?post=5801"},{"taxonomy":"product_cat","embeddable":true,"href":"https:\/\/e-flore.store\/de\/wp-json\/wp\/v2\/product_cat?post=5801"},{"taxonomy":"product_tag","embeddable":true,"href":"https:\/\/e-flore.store\/de\/wp-json\/wp\/v2\/product_tag?post=5801"}],"curies":[{"name":"wp","href":"https:\/\/api.w.org\/{rel}","templated":true}]}}