{"id":5807,"date":"2026-02-03T16:03:27","date_gmt":"2026-02-03T14:03:27","guid":{"rendered":"https:\/\/demo8.izveide.id.lv\/?post_type=product&#038;p=5807"},"modified":"2026-03-26T15:04:07","modified_gmt":"2026-03-26T13:04:07","slug":"flamil-silbertauchbad","status":"publish","type":"product","link":"https:\/\/e-flore.store\/de\/produkt\/flamil-silbertauchbad\/","title":{"rendered":"Flamil Silbertauchbad"},"content":{"rendered":"<p><img decoding=\"async\" style=\"width: 100%; height: auto; display: block;\" src=\"\/wp-content\/uploads\/2026\/01\/0425-PARENT_desc.jpg\" \/><\/p>\n<div id=\"eflore-spacer-v55\" style=\"height: 0px; clear: both; width: 100%; display: block;\"><\/div>\n<p style=\"margin-bottom: 10px; margin-top: 30px;\"><strong>SILBERTAUCHBAD<\/strong><\/p>\n<p style=\"margin-bottom: 10px; margin-top: 30px;\"><strong>FLAMIL\u00ae SILBERTAUCHBAD<\/strong><\/p>\n<p style=\"margin-bottom: 8px; margin-top: 0px; line-height: 1.6;\">ist ein Patinaentferner f\u00fcr angelaufenes Silber in saurer Einstellung mit Anlaufschutz.<\/p>\n<p style=\"margin-bottom: 10px; margin-top: 30px;\"><strong>ANWENDUNGSBEREICHE<\/strong><\/p>\n<p style=\"margin-bottom: 8px; margin-top: 0px; line-height: 1.6;\">Silberteile wie Bestecke und andere Kleinteile aus Massivsilber. ACHTUNG! FLAMIL\u00ae SILBERTAUCHBAD wirkt geringf\u00fcgig abtragend. Zur Vermeidung von \u00fcberm\u00e4\u00dfigen Silberverlusten Tauchzeit einhalten. Vorsicht bei versilberten Teilen! Versilberte Teile nur nach Vorversuch an unauff\u00e4lliger Stelle kurzzeitig behandeln.<\/p>\n<p style=\"margin-bottom: 10px; margin-top: 30px;\"><strong>VERARBEITUNGSHINWEISE<\/strong><\/p>\n<p style=\"margin-bottom: 8px; margin-top: 0px; line-height: 1.6;\">In das unverd\u00fcnnte Produkt eintauchen und wenige Sekunden bis ca. 1 Minute einwirken lassen. Nach der Behandlung mit hei\u00dfem Wasser gr\u00fcndlich absp\u00fclen und abtrocknen oder in der Geschirrsp\u00fclmaschine Sp\u00fclgang vornehmen.<\/p>\n<p style=\"margin-bottom: 10px; margin-top: 30px;\"><strong>WEITERE HINWEISE<\/strong><\/p>\n<p style=\"margin-bottom: 8px; margin-top: 0px; line-height: 1.6;\">Zum Erhalt der Produkteigenschaften FLAMIL\u00ae SILBERTAUCHBAD frostfrei lagern.<\/p>\n<p style=\"margin-bottom: 8px; margin-top: 0px; line-height: 1.6;\">Lagerf\u00e4higkeit: Mindestens 12 Monate.<\/p>\n<p style=\"margin-bottom: 10px; margin-top: 30px;\"><strong>TECHNISCHE DATEN<\/strong><\/p>\n<p style=\"margin-bottom: 8px; margin-top: 0px; line-height: 1.6;\"><strong>Form<\/strong>: fl\u00fcssig<\/p>\n<p style=\"margin-bottom: 8px; margin-top: 0px; line-height: 1.6;\"><strong>Siedebereich<\/strong>: &gt; 100 \u00b0C<\/p>\n<p style=\"margin-bottom: 8px; margin-top: 0px; line-height: 1.6;\"><strong>Dichte (20 \u00b0C)<\/strong>: 1,08 g\/ml<\/p>\n<p style=\"margin-bottom: 8px; margin-top: 0px; line-height: 1.6;\"><strong>pH-Wert (Konz.)<\/strong>: 1<\/p>\n<p style=\"margin-bottom: 8px; margin-top: 0px; line-height: 1.6;\"><strong>INHALTSSTOFFE<\/strong>: nichtionogenes Tensid, Thioharnstoff, Phosphors\u00e4ure<\/p>\n","protected":false},"excerpt":{"rendered":"<p>SILBERTAUCHBAD FLAMIL\u00ae SILBERTAUCHBAD ist ein Patinaentferner f\u00fcr angelaufenes Silber in saurer Einstellung mit Anlaufschutz. ANWENDUNGSBEREICHE Silberteile wie Bestecke und andere Kleinteile aus Massivsilber. ACHTUNG! FLAMIL\u00ae SILBERTAUCHBAD wirkt geringf\u00fcgig abtragend. Zur Vermeidung von \u00fcberm\u00e4\u00dfigen Silberverlusten Tauchzeit einhalten. Vorsicht bei versilberten Teilen! Versilberte Teile nur nach Vorversuch an unauff\u00e4lliger Stelle kurzzeitig behandeln. VERARBEITUNGSHINWEISE In das unverd\u00fcnnte Produkt&#8230;<\/p>\n","protected":false},"featured_media":5808,"template":"","meta":[],"product_brand":[337],"product_cat":[354,378,387],"product_tag":[],"class_list":{"0":"post-5807","1":"product","2":"type-product","3":"status-publish","4":"has-post-thumbnail","6":"product_brand-flore-chemie","7":"product_cat-flore-chemie-produkte","8":"product_cat-industrie-technik-maschinenbau-elektroanlagen","9":"product_cat-spezialprodukte-fuer-reinigung-und-pflege","11":"first","12":"instock","13":"shipping-taxable","14":"purchasable","15":"product-type-variable","16":"has-default-attributes"},"_links":{"self":[{"href":"https:\/\/e-flore.store\/de\/wp-json\/wp\/v2\/product\/5807","targetHints":{"allow":["GET"]}}],"collection":[{"href":"https:\/\/e-flore.store\/de\/wp-json\/wp\/v2\/product"}],"about":[{"href":"https:\/\/e-flore.store\/de\/wp-json\/wp\/v2\/types\/product"}],"wp:featuredmedia":[{"embeddable":true,"href":"https:\/\/e-flore.store\/de\/wp-json\/wp\/v2\/media\/5808"}],"wp:attachment":[{"href":"https:\/\/e-flore.store\/de\/wp-json\/wp\/v2\/media?parent=5807"}],"wp:term":[{"taxonomy":"product_brand","embeddable":true,"href":"https:\/\/e-flore.store\/de\/wp-json\/wp\/v2\/product_brand?post=5807"},{"taxonomy":"product_cat","embeddable":true,"href":"https:\/\/e-flore.store\/de\/wp-json\/wp\/v2\/product_cat?post=5807"},{"taxonomy":"product_tag","embeddable":true,"href":"https:\/\/e-flore.store\/de\/wp-json\/wp\/v2\/product_tag?post=5807"}],"curies":[{"name":"wp","href":"https:\/\/api.w.org\/{rel}","templated":true}]}}