{"id":5815,"date":"2026-02-03T16:03:28","date_gmt":"2026-02-03T14:03:28","guid":{"rendered":"https:\/\/demo8.izveide.id.lv\/?post_type=product&#038;p=5815"},"modified":"2026-03-26T15:04:03","modified_gmt":"2026-03-26T13:04:03","slug":"florin-sv-extra-stark","status":"publish","type":"product","link":"https:\/\/e-flore.store\/de\/produkt\/florin-sv-extra-stark\/","title":{"rendered":"Florin SV Extra Stark"},"content":{"rendered":"<p><img decoding=\"async\" style=\"width: 100%; height: auto; display: block;\" src=\"\/wp-content\/uploads\/2026\/01\/0103-PARENT_desc.jpg\" \/><\/p>\n<div id=\"eflore-spacer-v55\" style=\"height: 0px; clear: both; width: 100%; display: block;\"><\/div>\n<p style=\"margin-bottom: 10px; margin-top: 30px;\"><strong>HOCHLEISTUNGSENTKALKER\u00a0UND\u00a0BETONL\u00d6SER<\/strong><\/p>\n<p style=\"margin-bottom: 10px; margin-top: 30px;\"><strong>EIGENSCHAFTEN<\/strong><\/p>\n<p style=\"margin-bottom: 8px; margin-top: 0px; line-height: 1.6;\">&#8211; stark saurer, hoch konzentrierter, fl\u00fcssiger Hochleistungsentkalker und Betonl\u00f6ser.<\/p>\n<p style=\"margin-bottom: 8px; margin-top: 0px; line-height: 1.6;\">&#8211; hervorragend geeignet, um hartn\u00e4ckige Beton- und Zementr\u00fcckst\u00e4nde schnell und r\u00fcckstandslos zu entfernen.<\/p>\n<p style=\"margin-bottom: 8px; margin-top: 0px; line-height: 1.6;\">&#8211; greift durch Verwendung eines optimalen Inhibitorsystems Zink, Eisen und Buntmetalle praktisch nicht an.<\/p>\n<p style=\"margin-bottom: 8px; margin-top: 0px; line-height: 1.6;\">&#8211; entfernt Kalk und Rost von Arbeitsger\u00e4ten, reduziert Wartungs- und Stehzeiten sowie Energiekosten von Anlagen und Maschinen.<\/p>\n<p style=\"margin-bottom: 8px; margin-top: 0px; line-height: 1.6;\">&#8211; besitzt hervorragende Schutzeigenschaften, sowohl bei galvanischer als auch bei Feuerverzinkung.<\/p>\n<p style=\"margin-bottom: 8px; margin-top: 0px; line-height: 1.6;\">&#8211; bewirkt eine gute Passivierung f\u00fcr Eisen und Stahl bei bereits durchkorrodierten Zinkschichten.<\/p>\n<p style=\"margin-bottom: 8px; margin-top: 0px; line-height: 1.6;\">&#8211; nicht auf Aluminium und Chrom anwenden.<\/p>\n<p style=\"margin-bottom: 10px; margin-top: 30px;\"><strong>EINSATZGEBIETE<\/strong><\/p>\n<p style=\"margin-bottom: 8px; margin-top: 0px; line-height: 1.6;\">&#8211; entsteint verzinkte Warmwasserleitungen, Boiler, W\u00e4rmeaustauscher und K\u00fchlt\u00fcrme mit offenen K\u00fchlkreisl\u00e4ufen, Hochdruckger\u00e4te, Warmwasserbeh\u00e4lter, Rohrleitungen, Kessel und Dampferzeuger.<\/p>\n<p style=\"margin-bottom: 8px; margin-top: 0px; line-height: 1.6;\">&#8211; Betonfahrzeuge und Maschinen, Schalungen, Ger\u00fcste.<\/p>\n<p style=\"margin-bottom: 8px; margin-top: 0px; line-height: 1.6;\">&#8211; Hilfswerkzeuge der betonverarbeitenden Industrie.<\/p>\n<p style=\"margin-bottom: 10px; margin-top: 30px;\"><strong>ANWENDUNG<\/strong><\/p>\n<p style=\"margin-bottom: 8px; margin-top: 0px; line-height: 1.6;\">&#8211; wird im kalten Zustand je nach St\u00e4rke der Wassersteinschicht 1:5 bis 1:15 mit Wasser verd\u00fcnnt bei einer Temperatur bis max. 25 \u00b0C und einer Einwirkzeit zwischen 2 und 12 Std. eingesetzt.<\/p>\n<p style=\"margin-bottom: 8px; margin-top: 0px; line-height: 1.6;\">&#8211; nach Entsteinung muss eine gr\u00fcndliche Sp\u00fclung mit Wasser erfolgen.<\/p>\n<p style=\"margin-bottom: 8px; margin-top: 0px; line-height: 1.6;\">&#8211; Entkalkung erfolgt im geschlossenen Kreislauf mit Umw\u00e4lzpumpe und Dosierbeh\u00e4lter.<\/p>\n<p style=\"margin-bottom: 8px; margin-top: 0px; line-height: 1.6;\">&#8211; Carbonatentkalkung ist abgeschlossen, wenn die L\u00f6sung nicht mehr sch\u00e4umt, aber noch sauer ist (Pr\u00fcfung mit pH-Papier).<\/p>\n<p style=\"margin-bottom: 8px; margin-top: 0px; line-height: 1.6;\">&#8211; Achtung! Beim Einsatz in geschlossenen Systemen ist unbedingt f\u00fcr Entl\u00fcftung zu sorgen, um die durch die Zersetzung der Ablagerungen entstehenden Gase abzuleiten.<\/p>\n<p style=\"margin-bottom: 8px; margin-top: 0px; line-height: 1.6;\">&#8211; durch Steinablagerungen unbrauchbar gewordenes Dichtungsmaterial, muss ggf. ersetzt werden.<\/p>\n<p style=\"margin-bottom: 10px; margin-top: 30px;\"><strong>TECHNISCHE DATEN<\/strong><\/p>\n<p style=\"margin-bottom: 8px; margin-top: 0px; line-height: 1.6;\"><strong>Form<\/strong>: fl\u00fcssig<\/p>\n<p style=\"margin-bottom: 8px; margin-top: 0px; line-height: 1.6;\"><strong>Dichte (20 \u00b0C)<\/strong>: ca. 1,14 g\/ml<\/p>\n<p style=\"margin-bottom: 8px; margin-top: 0px; line-height: 1.6;\"><strong>Siedepunkt<\/strong>: &gt; 100 \u00b0C<\/p>\n<p style=\"margin-bottom: 8px; margin-top: 0px; line-height: 1.6;\"><strong>pH-Wert (20 \u00b0C, 0,5%ig)<\/strong>: &lt; 1<\/p>\n<p style=\"margin-bottom: 8px; margin-top: 0px; line-height: 1.6;\"><strong>INHALTSSTOFFE<\/strong>: Salzs\u00e4ure, Korrosionsinhibitoren, quart\u00e4re Ammoniumverbindung<\/p>\n","protected":false},"excerpt":{"rendered":"<p>HOCHLEISTUNGSENTKALKER\u00a0UND\u00a0BETONL\u00d6SER EIGENSCHAFTEN &#8211; stark saurer, hoch konzentrierter, fl\u00fcssiger Hochleistungsentkalker und Betonl\u00f6ser. &#8211; hervorragend geeignet, um hartn\u00e4ckige Beton- und Zementr\u00fcckst\u00e4nde schnell und r\u00fcckstandslos zu entfernen. &#8211; greift durch Verwendung eines optimalen Inhibitorsystems Zink, Eisen und Buntmetalle praktisch nicht an. &#8211; entfernt Kalk und Rost von Arbeitsger\u00e4ten, reduziert Wartungs- und Stehzeiten sowie Energiekosten von Anlagen und Maschinen&#8230;.<\/p>\n","protected":false},"featured_media":5816,"template":"","meta":[],"product_brand":[337],"product_cat":[354,378,387],"product_tag":[],"class_list":{"0":"post-5815","1":"product","2":"type-product","3":"status-publish","4":"has-post-thumbnail","6":"product_brand-flore-chemie","7":"product_cat-flore-chemie-produkte","8":"product_cat-industrie-technik-maschinenbau-elektroanlagen","9":"product_cat-spezialprodukte-fuer-reinigung-und-pflege","11":"first","12":"instock","13":"shipping-taxable","14":"purchasable","15":"product-type-variable","16":"has-default-attributes"},"_links":{"self":[{"href":"https:\/\/e-flore.store\/de\/wp-json\/wp\/v2\/product\/5815","targetHints":{"allow":["GET"]}}],"collection":[{"href":"https:\/\/e-flore.store\/de\/wp-json\/wp\/v2\/product"}],"about":[{"href":"https:\/\/e-flore.store\/de\/wp-json\/wp\/v2\/types\/product"}],"wp:featuredmedia":[{"embeddable":true,"href":"https:\/\/e-flore.store\/de\/wp-json\/wp\/v2\/media\/5816"}],"wp:attachment":[{"href":"https:\/\/e-flore.store\/de\/wp-json\/wp\/v2\/media?parent=5815"}],"wp:term":[{"taxonomy":"product_brand","embeddable":true,"href":"https:\/\/e-flore.store\/de\/wp-json\/wp\/v2\/product_brand?post=5815"},{"taxonomy":"product_cat","embeddable":true,"href":"https:\/\/e-flore.store\/de\/wp-json\/wp\/v2\/product_cat?post=5815"},{"taxonomy":"product_tag","embeddable":true,"href":"https:\/\/e-flore.store\/de\/wp-json\/wp\/v2\/product_tag?post=5815"}],"curies":[{"name":"wp","href":"https:\/\/api.w.org\/{rel}","templated":true}]}}