{"id":5821,"date":"2026-02-03T16:03:29","date_gmt":"2026-02-03T14:03:29","guid":{"rendered":"https:\/\/demo8.izveide.id.lv\/?post_type=product&#038;p=5821"},"modified":"2026-03-26T15:03:57","modified_gmt":"2026-03-26T13:03:57","slug":"flamil-75","status":"publish","type":"product","link":"https:\/\/e-flore.store\/de\/produkt\/flamil-75\/","title":{"rendered":"Flamil 75"},"content":{"rendered":"<p><img decoding=\"async\" style=\"width: 100%; height: auto; display: block;\" src=\"\/wp-content\/uploads\/2026\/01\/0075-PARENT_desc.jpg\"><\/p>\n<div id=\"eflore-spacer-v55\" style=\"height: 0px; clear: both; width: 100%; display: block;\"><\/div>\n<p style=\"margin-bottom: 10px; margin-top: 30px;\"><strong>HOCHLEISTUNGSENTFETTER<\/strong><\/p>\n<p style=\"margin-bottom: 10px; margin-top: 30px;\"><strong>FLAMIL\u00ae 75<\/strong><\/p>\n<p style=\"margin-bottom: 8px; margin-top: 0px; line-height: 1.6;\">wird u.a. zur Metallentfettung eingesetzt und l\u00f6st hartn\u00e4ckigste Ablagerungen wie\u00a0verharzte Fette, \u00d6le, Ru\u00df, Druckfarben sowie Moder und Schimmel und hinterl\u00e4sst eine\u00a0absolut fettfreie Oberfl\u00e4che. Flamil\u00ae\u00a075 ist hoch konzentriert und dadurch sehr\u00a0wirtschaftlich, dabei umweltfreundlich und frei von AOX.<\/p>\n<p style=\"margin-bottom: 10px; margin-top: 30px;\"><strong>ANWENDUNGSBEREICHE<\/strong><\/p>\n<p style=\"margin-bottom: 8px; margin-top: 0px; line-height: 1.6;\">Maschinen, Industriefu\u00dfb\u00f6den, Motoren, Lkw, Kr\u00e4ne, Fassaden, Stra\u00dfentunnel, Fliesen,\u00a0Kacheln, Heizkessel, Brenner etc.<\/p>\n<p style=\"margin-bottom: 10px; margin-top: 30px;\"><strong>VERARBEITUNGSHINWEISE<\/strong><\/p>\n<p style=\"margin-bottom: 8px; margin-top: 0px; line-height: 1.6;\">Flamil\u00ae\u00a075 kann im Tauch-, Wisch-, Spr\u00fch- oder Sch\u00e4umerverfahren eingesetzt werden.\u00a0Je nach Anwendungsbereich 1:10 bis 1:200 verd\u00fcnnen. Eine erh\u00f6hte Wassertemperatur\u00a0steigert die Reinigungskraft.<\/p>\n<p style=\"margin-bottom: 10px; margin-top: 30px;\"><strong>WEITERE HINWEISE<\/strong><\/p>\n<p style=\"margin-bottom: 8px; margin-top: 0px; line-height: 1.6;\">Nicht zur Reinigung von Leicht- und Buntmetallen geeignet. Vor dem Einsatz auf nicht\u00a0genannten Materialien Vortest an verdeckter Stelle durchf\u00fchren. Zum Erhalt der\u00a0Produkteigenschaften Flamil\u00ae\u00a075 frostfrei lagern.<\/p>\n<p style=\"margin-bottom: 10px; margin-top: 30px;\"><strong>TECHNISCHE DATEN<\/strong><\/p>\n<p style=\"margin-bottom: 8px; margin-top: 0px; line-height: 1.6;\"><strong>Form<\/strong>: fl\u00fcssig<\/p>\n<p style=\"margin-bottom: 8px; margin-top: 0px; line-height: 1.6;\"><strong>Dichte (20 \u00b0C)<\/strong>: ca. 1,18 g\/ml<\/p>\n<p style=\"margin-bottom: 8px; margin-top: 0px; line-height: 1.6;\"><strong>pH-Wert (Konz.)<\/strong>: > 13<\/p>\n<p style=\"margin-bottom: 8px; margin-top: 0px; line-height: 1.6;\"><strong>pH-Wert (1 %ig)<\/strong>: 12,5<\/p>\n<p style=\"margin-bottom: 8px; margin-top: 0px; line-height: 1.6;\"><strong>Siedebereich<\/strong>: > 100 \u00b0C<\/p>\n<p style=\"margin-bottom: 8px; margin-top: 0px; line-height: 1.6;\"><strong>INHALTSSTOFFE<\/strong>: anionische und nichtionische Tenside, Metasilikat, Alkanolamine, Alkalihydroxid<\/p>\n","protected":false},"excerpt":{"rendered":"<p>HOCHLEISTUNGSENTFETTER FLAMIL\u00ae 75 wird u.a. zur Metallentfettung eingesetzt und l\u00f6st hartn\u00e4ckigste Ablagerungen wie\u00a0verharzte Fette, \u00d6le, Ru\u00df, Druckfarben sowie Moder und Schimmel und hinterl\u00e4sst eine\u00a0absolut fettfreie Oberfl\u00e4che. Flamil\u00ae\u00a075 ist hoch konzentriert und dadurch sehr\u00a0wirtschaftlich, dabei umweltfreundlich und frei von AOX. ANWENDUNGSBEREICHE Maschinen, Industriefu\u00dfb\u00f6den, Motoren, Lkw, Kr\u00e4ne, Fassaden, Stra\u00dfentunnel, Fliesen,\u00a0Kacheln, Heizkessel, Brenner etc. VERARBEITUNGSHINWEISE Flamil\u00ae\u00a075 kann im&#8230;<\/p>\n","protected":false},"featured_media":5822,"template":"","meta":[],"product_brand":[337],"product_cat":[354,378,387],"product_tag":[],"class_list":{"0":"post-5821","1":"product","2":"type-product","3":"status-publish","4":"has-post-thumbnail","6":"product_brand-flore-chemie","7":"product_cat-flore-chemie-produkte","8":"product_cat-industrie-technik-maschinenbau-elektroanlagen","9":"product_cat-spezialprodukte-fuer-reinigung-und-pflege","11":"first","12":"instock","13":"shipping-taxable","14":"purchasable","15":"product-type-variable","16":"has-default-attributes"},"_links":{"self":[{"href":"https:\/\/e-flore.store\/de\/wp-json\/wp\/v2\/product\/5821","targetHints":{"allow":["GET"]}}],"collection":[{"href":"https:\/\/e-flore.store\/de\/wp-json\/wp\/v2\/product"}],"about":[{"href":"https:\/\/e-flore.store\/de\/wp-json\/wp\/v2\/types\/product"}],"wp:featuredmedia":[{"embeddable":true,"href":"https:\/\/e-flore.store\/de\/wp-json\/wp\/v2\/media\/5822"}],"wp:attachment":[{"href":"https:\/\/e-flore.store\/de\/wp-json\/wp\/v2\/media?parent=5821"}],"wp:term":[{"taxonomy":"product_brand","embeddable":true,"href":"https:\/\/e-flore.store\/de\/wp-json\/wp\/v2\/product_brand?post=5821"},{"taxonomy":"product_cat","embeddable":true,"href":"https:\/\/e-flore.store\/de\/wp-json\/wp\/v2\/product_cat?post=5821"},{"taxonomy":"product_tag","embeddable":true,"href":"https:\/\/e-flore.store\/de\/wp-json\/wp\/v2\/product_tag?post=5821"}],"curies":[{"name":"wp","href":"https:\/\/api.w.org\/{rel}","templated":true}]}}