{"id":5833,"date":"2026-02-03T16:03:30","date_gmt":"2026-02-03T14:03:30","guid":{"rendered":"https:\/\/demo8.izveide.id.lv\/?post_type=product&#038;p=5833"},"modified":"2026-03-26T15:03:52","modified_gmt":"2026-03-26T13:03:52","slug":"florin-s-plus-k","status":"publish","type":"product","link":"https:\/\/e-flore.store\/de\/produkt\/florin-s-plus-k\/","title":{"rendered":"Florin S Plus K"},"content":{"rendered":"<p><img decoding=\"async\" style=\"width: 100%; height: auto; display: block;\" src=\"\/wp-content\/uploads\/2026\/01\/0111-PARENT_desc.jpg\" \/><\/p>\n<div id=\"eflore-spacer-v55\" style=\"height: 0px; clear: both; width: 100%; display: block;\"><\/div>\n<p style=\"margin-bottom: 10px; margin-top: 30px;\"><strong>REINIGER\u00a0F\u00dcR DRUCKPLATTENVERARBEITUNGSANLAGEN<\/strong><\/p>\n<p style=\"margin-bottom: 10px; margin-top: 30px;\"><strong>FLORIN\u00ae S PLUS K<\/strong><\/p>\n<p style=\"margin-bottom: 8px; margin-top: 0px; line-height: 1.6;\">ist ein wasserl\u00f6slicher Reiniger mit hohem Anteil an waschaktiven Substanzen (WAS) und frei von AOX, APEO und NTA. FLORIN\u00ae S PLUS K entfernt schnell und gr\u00fcndlich Kalk- sowie Entwicklerr\u00fcckst\u00e4nde. FLORIN\u00ae S PLUS K ist eine Alternative zu Zitronen- und Salpeters\u00e4ure, enth\u00e4lt eine f\u00fcr den Sp\u00fcl- und Konservierungsbereich desinfizierende Komponente.<\/p>\n<p style=\"margin-bottom: 10px; margin-top: 30px;\"><strong>ANWENDUNGSBEREICHE<\/strong><\/p>\n<p style=\"margin-bottom: 8px; margin-top: 0px; line-height: 1.6;\">Druckereien, Druckindustrie.<\/p>\n<p style=\"margin-bottom: 10px; margin-top: 30px;\"><strong>VERARBEITUNGSHINWEISE<\/strong><\/p>\n<p style=\"margin-bottom: 8px; margin-top: 0px; line-height: 1.6;\">Stark verschmutzte Teile wie Walzen, Wannen, Rakel, Gummi etc. 5 Minuten vor der Durchlaufreinigung mit dem Konzentrat einspr\u00fchen. FLORIN\u00ae S PLUS K in einer Verd\u00fcnnung von 1:10 in das entleerte Fl\u00fcssigkeitssystem der Anlage einf\u00fcllen, auf ca. 30 &#8211; 40 \u00b0C aufheizen und 5 &#8211; 10 Minuten umpumpen. Anschlie\u00dfend Reinigerl\u00f6sung ablassen und mit warmem Wasser 2 Sp\u00fclg\u00e4nge von 2 &#8211; 3 Minuten durchf\u00fchren. Nach der Restentleerung von Tanks, Filtergeh\u00e4usen etc. Anlage wieder mit Behandlungspr\u00e4paraten bef\u00fcllen.<\/p>\n<p style=\"margin-bottom: 10px; margin-top: 30px;\"><strong>WEITERER HINWEIS<\/strong><\/p>\n<p style=\"margin-bottom: 8px; margin-top: 0px; line-height: 1.6;\">Zum Erhalt der Produkteigenschaften FLORIN\u00ae S PLUS K frostfrei lagern. Ab einer Anwendungskonzentration von 1:10 ist FLORIN\u00ae S PLUS K nicht mehr kennzeichnungspflichtig.<\/p>\n<p style=\"margin-bottom: 10px; margin-top: 30px;\"><strong>TECHNISCHE DATEN<\/strong><\/p>\n<p style=\"margin-bottom: 8px; margin-top: 0px; line-height: 1.6;\"><strong>Form<\/strong>: fl\u00fcssig<\/p>\n<p style=\"margin-bottom: 8px; margin-top: 0px; line-height: 1.6;\"><strong>Dichte (20 \u00b0C)<\/strong>: 1,08 g\/ml<\/p>\n<p style=\"margin-bottom: 8px; margin-top: 0px; line-height: 1.6;\"><strong>pH-Wert (2 %ig)<\/strong>: 1-2<\/p>\n<p style=\"margin-bottom: 8px; margin-top: 0px; line-height: 1.6;\"><strong>Siedebereich<\/strong>: &gt; 100 \u00b0C<\/p>\n<p style=\"margin-bottom: 8px; margin-top: 0px; line-height: 1.6;\"><strong>INHALTSSTOFFE<\/strong>: nichtionische Tenside, Amidosulfons\u00e4ure, Phosphors\u00e4ure, Korrosionsinhibitoren, quart\u00e4re Ammoniumverbindungen, Duft- und Farbstoffe<\/p>\n","protected":false},"excerpt":{"rendered":"<p>REINIGER\u00a0F\u00dcR DRUCKPLATTENVERARBEITUNGSANLAGEN FLORIN\u00ae S PLUS K ist ein wasserl\u00f6slicher Reiniger mit hohem Anteil an waschaktiven Substanzen (WAS) und frei von AOX, APEO und NTA. FLORIN\u00ae S PLUS K entfernt schnell und gr\u00fcndlich Kalk- sowie Entwicklerr\u00fcckst\u00e4nde. FLORIN\u00ae S PLUS K ist eine Alternative zu Zitronen- und Salpeters\u00e4ure, enth\u00e4lt eine f\u00fcr den Sp\u00fcl- und Konservierungsbereich desinfizierende Komponente&#8230;.<\/p>\n","protected":false},"featured_media":5834,"template":"","meta":[],"product_brand":[337],"product_cat":[354,378,387],"product_tag":[],"class_list":{"0":"post-5833","1":"product","2":"type-product","3":"status-publish","4":"has-post-thumbnail","6":"product_brand-flore-chemie","7":"product_cat-flore-chemie-produkte","8":"product_cat-industrie-technik-maschinenbau-elektroanlagen","9":"product_cat-spezialprodukte-fuer-reinigung-und-pflege","11":"first","12":"instock","13":"shipping-taxable","14":"purchasable","15":"product-type-variable","16":"has-default-attributes"},"_links":{"self":[{"href":"https:\/\/e-flore.store\/de\/wp-json\/wp\/v2\/product\/5833","targetHints":{"allow":["GET"]}}],"collection":[{"href":"https:\/\/e-flore.store\/de\/wp-json\/wp\/v2\/product"}],"about":[{"href":"https:\/\/e-flore.store\/de\/wp-json\/wp\/v2\/types\/product"}],"wp:featuredmedia":[{"embeddable":true,"href":"https:\/\/e-flore.store\/de\/wp-json\/wp\/v2\/media\/5834"}],"wp:attachment":[{"href":"https:\/\/e-flore.store\/de\/wp-json\/wp\/v2\/media?parent=5833"}],"wp:term":[{"taxonomy":"product_brand","embeddable":true,"href":"https:\/\/e-flore.store\/de\/wp-json\/wp\/v2\/product_brand?post=5833"},{"taxonomy":"product_cat","embeddable":true,"href":"https:\/\/e-flore.store\/de\/wp-json\/wp\/v2\/product_cat?post=5833"},{"taxonomy":"product_tag","embeddable":true,"href":"https:\/\/e-flore.store\/de\/wp-json\/wp\/v2\/product_tag?post=5833"}],"curies":[{"name":"wp","href":"https:\/\/api.w.org\/{rel}","templated":true}]}}