{"id":5844,"date":"2026-02-03T16:03:32","date_gmt":"2026-02-03T14:03:32","guid":{"rendered":"https:\/\/demo8.izveide.id.lv\/?post_type=product&#038;p=5844"},"modified":"2026-03-26T15:03:39","modified_gmt":"2026-03-26T13:03:39","slug":"florin-bio-farbentferner","status":"publish","type":"product","link":"https:\/\/e-flore.store\/de\/produkt\/florin-bio-farbentferner\/","title":{"rendered":"Florin Bio-Farbentferner"},"content":{"rendered":"<p><img decoding=\"async\" style=\"width: 100%; height: auto; display: block;\" src=\"\/wp-content\/uploads\/2026\/01\/0477-PARENT_desc.jpg\" \/><\/p>\n<div id=\"eflore-spacer-v55\" style=\"height: 0px; clear: both; width: 100%; display: block;\"><\/div>\n<p style=\"margin-bottom: 10px; margin-top: 30px;\"><strong>BIOLOGISCH\u00a0ABBAUBARER FARBENTFERNER<\/strong><\/p>\n<p style=\"margin-bottom: 10px; margin-top: 30px;\"><strong>FLORIN\u00ae BIO-FARBENTFERNER<\/strong><\/p>\n<p style=\"margin-bottom: 8px; margin-top: 0px; line-height: 1.6;\">ist ein in Wasser emulgierbares, biologisch abbaubares Produkt zur porentiefen Reinigung von abwaschbaren Fl\u00e4chen wie Kunststoffen, Resopalbeschichtungen, Aluminium, Glas und Fu\u00dfb\u00f6den. FLORIN\u00ae BIO-FARBENTFERNER entfernt durch Filzstifte, Tinte und Farbe hervorgerufene Verschmutzungen.<\/p>\n<p style=\"margin-bottom: 10px; margin-top: 30px;\"><strong>ANWENDUNGSBEREICHE<\/strong><\/p>\n<p style=\"margin-bottom: 8px; margin-top: 0px; line-height: 1.6;\">kunststoffverarbeitende Betriebe, Druckereien, Stra\u00dfenmeistereien, Holzindustrie, Bauh\u00f6fe, Schulen.<\/p>\n<p style=\"margin-bottom: 10px; margin-top: 30px;\"><strong>VERARBEITUNGSHINWEISE<\/strong><\/p>\n<p style=\"margin-bottom: 8px; margin-top: 0px; line-height: 1.6;\">FLORIN\u00ae BIO-FARBENTFERNER darf nicht auf saugenden Untergr\u00fcnden wie Holz, Beton usw. verwendet werden, da sich diese irreversibel verf\u00e4rben k\u00f6nnen! FLORIN\u00ae BIO-FARBENTFERNER wird bei angetrockneten Farbresten oder Tinte- bzw. Filzstiftschmierereien unverd\u00fcnnt aufgetragen und nach kurzer Einwirkzeit mit einem Lappen abgewischt.<\/p>\n<p style=\"margin-bottom: 10px; margin-top: 30px;\"><strong>WEITERER HINWEIS<\/strong><\/p>\n<p style=\"margin-bottom: 8px; margin-top: 0px; line-height: 1.6;\">Zum Erhalt der Produkteigenschaften FLORIN\u00ae BIO-FARBENTFERNER frostfrei lagern.<\/p>\n<p style=\"margin-bottom: 10px; margin-top: 30px;\"><strong>TECHNISCHE DATEN<\/strong><\/p>\n<p style=\"margin-bottom: 8px; margin-top: 0px; line-height: 1.6;\"><strong>Form<\/strong>: fl\u00fcssig<\/p>\n<p style=\"margin-bottom: 8px; margin-top: 0px; line-height: 1.6;\"><strong>Dichte (20 \u00b0C)<\/strong>: 0,886 &#8211; 0,906 g\/ml<\/p>\n<p style=\"margin-bottom: 8px; margin-top: 0px; line-height: 1.6;\"><strong>Siedebereich<\/strong>: 180-190 \u00b0C<\/p>\n<p style=\"margin-bottom: 8px; margin-top: 0px; line-height: 1.6;\"><strong>Flammpunkt<\/strong>: 27 \u00b0C<\/p>\n<p style=\"margin-bottom: 8px; margin-top: 0px; line-height: 1.6;\"><strong>INHALTSSTOFFE<\/strong>: Alkohol, Glykole, Terpene, Tenside<\/p>\n","protected":false},"excerpt":{"rendered":"<p>BIOLOGISCH\u00a0ABBAUBARER FARBENTFERNER FLORIN\u00ae BIO-FARBENTFERNER ist ein in Wasser emulgierbares, biologisch abbaubares Produkt zur porentiefen Reinigung von abwaschbaren Fl\u00e4chen wie Kunststoffen, Resopalbeschichtungen, Aluminium, Glas und Fu\u00dfb\u00f6den. FLORIN\u00ae BIO-FARBENTFERNER entfernt durch Filzstifte, Tinte und Farbe hervorgerufene Verschmutzungen. ANWENDUNGSBEREICHE kunststoffverarbeitende Betriebe, Druckereien, Stra\u00dfenmeistereien, Holzindustrie, Bauh\u00f6fe, Schulen. VERARBEITUNGSHINWEISE FLORIN\u00ae BIO-FARBENTFERNER darf nicht auf saugenden Untergr\u00fcnden wie Holz, Beton usw&#8230;.<\/p>\n","protected":false},"featured_media":5845,"template":"","meta":[],"product_brand":[337],"product_cat":[354,378,387],"product_tag":[],"class_list":{"0":"post-5844","1":"product","2":"type-product","3":"status-publish","4":"has-post-thumbnail","6":"product_brand-flore-chemie","7":"product_cat-flore-chemie-produkte","8":"product_cat-industrie-technik-maschinenbau-elektroanlagen","9":"product_cat-spezialprodukte-fuer-reinigung-und-pflege","11":"first","12":"instock","13":"shipping-taxable","14":"purchasable","15":"product-type-variable","16":"has-default-attributes"},"_links":{"self":[{"href":"https:\/\/e-flore.store\/de\/wp-json\/wp\/v2\/product\/5844","targetHints":{"allow":["GET"]}}],"collection":[{"href":"https:\/\/e-flore.store\/de\/wp-json\/wp\/v2\/product"}],"about":[{"href":"https:\/\/e-flore.store\/de\/wp-json\/wp\/v2\/types\/product"}],"wp:featuredmedia":[{"embeddable":true,"href":"https:\/\/e-flore.store\/de\/wp-json\/wp\/v2\/media\/5845"}],"wp:attachment":[{"href":"https:\/\/e-flore.store\/de\/wp-json\/wp\/v2\/media?parent=5844"}],"wp:term":[{"taxonomy":"product_brand","embeddable":true,"href":"https:\/\/e-flore.store\/de\/wp-json\/wp\/v2\/product_brand?post=5844"},{"taxonomy":"product_cat","embeddable":true,"href":"https:\/\/e-flore.store\/de\/wp-json\/wp\/v2\/product_cat?post=5844"},{"taxonomy":"product_tag","embeddable":true,"href":"https:\/\/e-flore.store\/de\/wp-json\/wp\/v2\/product_tag?post=5844"}],"curies":[{"name":"wp","href":"https:\/\/api.w.org\/{rel}","templated":true}]}}