{"id":5868,"date":"2026-02-03T16:03:42","date_gmt":"2026-02-03T14:03:42","guid":{"rendered":"https:\/\/demo8.izveide.id.lv\/?post_type=product&#038;p=5868"},"modified":"2026-03-26T15:03:24","modified_gmt":"2026-03-26T13:03:24","slug":"boot-und-schiffsreiniger-exact","status":"publish","type":"product","link":"https:\/\/e-flore.store\/de\/produkt\/boot-und-schiffsreiniger-exact\/","title":{"rendered":"Boot- und Schiffsreiniger Exact"},"content":{"rendered":"<p><img decoding=\"async\" style=\"width: 100%; height: auto; display: block;\" src=\"\/wp-content\/uploads\/2026\/01\/1426-PARENT_desc.jpg\" \/><\/p>\n<p style=\"margin-bottom: 10px; margin-top: 30px;\"><strong>BOOT- UND SCHIFFSREINIGER<\/strong><\/p>\n<p style=\"margin-bottom: 10px; margin-top: 30px;\"><strong>BOOT- UND SCHIFFSREINIGER EXACT<\/strong><\/p>\n<p style=\"margin-bottom: 8px; margin-top: 0px; line-height: 1.6;\">konzentrat f\u00fcr die Aussen- und Innenw\u00e4sche. L\u00f6st auch hartn\u00e4ckige Verunreinigungen wie Salzflecken, Insekten und Vogelkot. Boot- und Schiffsreiniger Exact ist geeignet zur Reinigung von Wasserfahrzeugen, Booten, Schiffen usw.. Das produkt ist f\u00fcr alle Lack-, Metall- und Kunststoffoberfl\u00e4chen geeignet. Boot- und Schiffsreiniger Exact hat ein hervorragendes Schmutzl\u00f6severm\u00f6gen und l\u00f6st selbstt\u00e4tig z.b. Algen, Moos, Nikotin, Insektenr\u00fcckst\u00e4nde und andere Anhaftungen ohne Probleme.<\/p>\n<p style=\"margin-bottom: 10px; margin-top: 30px;\"><strong>PRODUKTVORTEILE<\/strong><\/p>\n<p style=\"margin-bottom: 8px; margin-top: 0px; line-height: 1.6;\">\u2022 Hoch konzentriert.<\/p>\n<p style=\"margin-bottom: 8px; margin-top: 0px; line-height: 1.6;\">\u2022 F\u00fcr die Binnen- und Seeschifffahrt entwickelt.<\/p>\n<p style=\"margin-bottom: 8px; margin-top: 0px; line-height: 1.6;\">\u2022 Sparsam im Verbrauch.<\/p>\n<p style=\"margin-bottom: 8px; margin-top: 0px; line-height: 1.6;\">\u2022 Wirkungsvoll und schonen.<\/p>\n<p style=\"margin-bottom: 8px; margin-top: 0px; line-height: 1.6;\">\u2022 Umweltgerechte Formulierung.<\/p>\n<p style=\"margin-bottom: 10px; margin-top: 30px;\"><strong>ANWENDUNG<\/strong><\/p>\n<p style=\"margin-bottom: 8px; margin-top: 0px; line-height: 1.6;\">normale Verschmutzung: 1 : 10 bis 1 : 50<\/p>\n<p style=\"margin-bottom: 8px; margin-top: 0px; line-height: 1.6;\">sehr starke Verschmutzung: 1 : 5 bis 1 : 20<\/p>\n<p style=\"margin-bottom: 10px; margin-top: 30px;\"><strong>BESONDERE HINWEISE<\/strong><\/p>\n<p style=\"margin-bottom: 8px; margin-top: 0px; line-height: 1.6;\">Boot- und Schiffsreiniger Exact ist das Allround-Talent f\u00fcr die Schifffahrt. Mit diesem Produkt k\u00f6nnen sie von Rumpf, Oberdeck bis Unterdeck alle Reinigungsarbeiten erledigen. Selbst das Waschen von Gardinen ist mit Boot- und Schiffsreiniger Exact kein Problem!<\/p>\n<p style=\"margin-bottom: 10px; margin-top: 30px;\"><strong>TECHNISCHE DATEN<\/strong><\/p>\n<p style=\"margin-bottom: 8px; margin-top: 0px; line-height: 1.6;\"><strong>Form<\/strong>: fl\u00fcssig<\/p>\n<p style=\"margin-bottom: 8px; margin-top: 0px; line-height: 1.6;\"><strong>Dichte (20 \u00b0C)<\/strong>: ca. 1,05 cm\u00b3<\/p>\n<p style=\"margin-bottom: 8px; margin-top: 0px; line-height: 1.6;\"><strong>Siedebereich<\/strong>: &gt; 100 \u00b0C<\/p>\n<p style=\"margin-bottom: 8px; margin-top: 0px; line-height: 1.6;\"><strong>pH-Wert (Konz.)<\/strong>: ca. 11<\/p>\n<p style=\"margin-bottom: 10px; margin-top: 30px;\"><strong>INHALTSSTOFFE<\/strong>: &lt;5 % anionische Tenside, Phosphate. Ferner sind enthalten: Farb- und Duftstoffe<\/p>\n","protected":false},"excerpt":{"rendered":"<p>BOOT- UND SCHIFFSREINIGER BOOT- UND SCHIFFSREINIGER EXACT konzentrat f\u00fcr die Aussen- und Innenw\u00e4sche. L\u00f6st auch hartn\u00e4ckige Verunreinigungen wie Salzflecken, Insekten und Vogelkot. Boot- und Schiffsreiniger Exact ist geeignet zur Reinigung von Wasserfahrzeugen, Booten, Schiffen usw.. Das produkt ist f\u00fcr alle Lack-, Metall- und Kunststoffoberfl\u00e4chen geeignet. Boot- und Schiffsreiniger Exact hat ein hervorragendes Schmutzl\u00f6severm\u00f6gen und l\u00f6st&#8230;<\/p>\n","protected":false},"featured_media":5869,"template":"","meta":[],"product_brand":[337],"product_cat":[354,384,378],"product_tag":[],"class_list":{"0":"post-5868","1":"product","2":"type-product","3":"status-publish","4":"has-post-thumbnail","6":"product_brand-flore-chemie","7":"product_cat-flore-chemie-produkte","8":"product_cat-spezialprodukte-fuer-boot-und-schiffs","9":"product_cat-industrie-technik-maschinenbau-elektroanlagen","11":"first","12":"instock","13":"shipping-taxable","14":"purchasable","15":"product-type-variable","16":"has-default-attributes"},"_links":{"self":[{"href":"https:\/\/e-flore.store\/de\/wp-json\/wp\/v2\/product\/5868","targetHints":{"allow":["GET"]}}],"collection":[{"href":"https:\/\/e-flore.store\/de\/wp-json\/wp\/v2\/product"}],"about":[{"href":"https:\/\/e-flore.store\/de\/wp-json\/wp\/v2\/types\/product"}],"wp:featuredmedia":[{"embeddable":true,"href":"https:\/\/e-flore.store\/de\/wp-json\/wp\/v2\/media\/5869"}],"wp:attachment":[{"href":"https:\/\/e-flore.store\/de\/wp-json\/wp\/v2\/media?parent=5868"}],"wp:term":[{"taxonomy":"product_brand","embeddable":true,"href":"https:\/\/e-flore.store\/de\/wp-json\/wp\/v2\/product_brand?post=5868"},{"taxonomy":"product_cat","embeddable":true,"href":"https:\/\/e-flore.store\/de\/wp-json\/wp\/v2\/product_cat?post=5868"},{"taxonomy":"product_tag","embeddable":true,"href":"https:\/\/e-flore.store\/de\/wp-json\/wp\/v2\/product_tag?post=5868"}],"curies":[{"name":"wp","href":"https:\/\/api.w.org\/{rel}","templated":true}]}}