{"id":5874,"date":"2026-02-03T16:03:43","date_gmt":"2026-02-03T14:03:43","guid":{"rendered":"https:\/\/demo8.izveide.id.lv\/?post_type=product&#038;p=5874"},"modified":"2026-03-26T15:03:16","modified_gmt":"2026-03-26T13:03:16","slug":"wl-150","status":"publish","type":"product","link":"https:\/\/e-flore.store\/de\/produkt\/wl-150\/","title":{"rendered":"WL 150"},"content":{"rendered":"<p><img decoding=\"async\" style=\"width: 100%; height: auto; display: block;\" src=\"\/wp-content\/uploads\/2026\/01\/0542-PARENT_desc.jpg\" \/><\/p>\n<div id=\"eflore-spacer-v55\" style=\"height: 0px; clear: both; width: 100%; display: block;\"><\/div>\n<p style=\"margin-bottom: 10px; margin-top: 30px;\"><strong>SPEZIALREINIGER F\u00dcR DEN GESAMTEN FAHRZEUGBEREICH<\/strong><\/p>\n<p style=\"margin-bottom: 10px; margin-top: 30px;\"><strong>EIGENSCHAFTEN<\/strong><\/p>\n<p style=\"margin-bottom: 8px; margin-top: 0px; line-height: 1.6;\">Entfernt problemlos hartn\u00e4ckige Verschmutzungen im Innenbereich von \u00f6ffentlichen Verkehrsmitteln, PKW, LKW und Flugzeugen. L\u00f6st Nikotinablagerungen und ist hervorragend f\u00fcr die Allzweck- und Polsterreinigung geeignet. Entfernt problemlos Insektenreste von der Windschutzscheibe (Mindestverd\u00fcnnung 1:10).<\/p>\n<p style=\"margin-bottom: 8px; margin-top: 0px; line-height: 1.6;\">Wasserl\u00f6slich und hautfreundlich. Voll wirksam auch bei hoher Wasserh\u00e4rte. Eeignet zum Einsatz in HD- und Dampfstrahlger\u00e4ten.<\/p>\n<p style=\"margin-bottom: 8px; margin-top: 0px; line-height: 1.6;\">Frei von AOX, EDTA und NTA.<\/p>\n<p style=\"margin-bottom: 10px; margin-top: 30px;\"><strong>EINSATZGEBIETE<\/strong><\/p>\n<p style=\"margin-bottom: 8px; margin-top: 0px; line-height: 1.6;\">Innenreinigung von \u00f6ffentlichen Verkehrsmitteln, PKW, LKW und Flugzeugen. Planenreinigung, Kunststoffreinigung. Glasreinigung.<\/p>\n<p style=\"margin-bottom: 8px; margin-top: 0px; line-height: 1.6;\">WL 150 ist ein Konzentrat und muss je nach Einsatzbereich und Verschmutzungsgrad mit Wasser verd\u00fcnnt werden.<\/p>\n<p style=\"margin-bottom: 8px; margin-top: 0px; line-height: 1.6;\">Verarbeitung im Spr\u00fch- und Schaumverfahren 1:10 bis 1:50, im Wischverfahren 1:100 bis 1:300, in HD-Ger\u00e4ten 1:100 bis 1:500.<\/p>\n<p style=\"margin-bottom: 8px; margin-top: 0px; line-height: 1.6;\">Produkt ca. 1-5 Minuten einwirken lassen und den gel\u00f6sten Schmutz mittels Lappen, B\u00fcrste oder Wasserstrahl entfernen.<\/p>\n<p style=\"margin-bottom: 8px; margin-top: 0px; line-height: 1.6;\">Frostfrei lagern.<\/p>\n<p style=\"margin-bottom: 10px; margin-top: 30px;\"><strong>TECHNISCHE DATEN<\/strong><\/p>\n<p style=\"margin-bottom: 8px; margin-top: 0px; line-height: 1.6;\"><strong>Form:<\/strong> fl\u00fcssig<\/p>\n<p style=\"margin-bottom: 8px; margin-top: 0px; line-height: 1.6;\"><strong>Dichte (20 \u00b0C):<\/strong> ca. 1,05 g\/ml<\/p>\n<p style=\"margin-bottom: 8px; margin-top: 0px; line-height: 1.6;\"><strong>pH-Wert (Konz.):<\/strong> ca. 11,4<\/p>\n<p style=\"margin-bottom: 8px; margin-top: 0px; line-height: 1.6;\"><strong>pH- Wert (10 %ig):<\/strong> 9 &#8211; 11<\/p>\n<p style=\"margin-bottom: 8px; margin-top: 0px; line-height: 1.6;\"><strong>INHALTSSTOFFE:<\/strong> anionische und nichtionische Tenside, Phosphat, Alkanolamin, Farbstoffe<\/p>\n","protected":false},"excerpt":{"rendered":"<p>SPEZIALREINIGER F\u00dcR DEN GESAMTEN FAHRZEUGBEREICH EIGENSCHAFTEN Entfernt problemlos hartn\u00e4ckige Verschmutzungen im Innenbereich von \u00f6ffentlichen Verkehrsmitteln, PKW, LKW und Flugzeugen. L\u00f6st Nikotinablagerungen und ist hervorragend f\u00fcr die Allzweck- und Polsterreinigung geeignet. Entfernt problemlos Insektenreste von der Windschutzscheibe (Mindestverd\u00fcnnung 1:10). Wasserl\u00f6slich und hautfreundlich. Voll wirksam auch bei hoher Wasserh\u00e4rte. Eeignet zum Einsatz in HD- und Dampfstrahlger\u00e4ten. Frei&#8230;<\/p>\n","protected":false},"featured_media":5875,"template":"","meta":[],"product_brand":[337],"product_cat":[354,381,378],"product_tag":[],"class_list":{"0":"post-5874","1":"product","2":"type-product","3":"status-publish","4":"has-post-thumbnail","6":"product_brand-flore-chemie","7":"product_cat-flore-chemie-produkte","8":"product_cat-kfz-reinigung-und-pflege","9":"product_cat-industrie-technik-maschinenbau-elektroanlagen","11":"first","12":"instock","13":"shipping-taxable","14":"purchasable","15":"product-type-variable","16":"has-default-attributes"},"_links":{"self":[{"href":"https:\/\/e-flore.store\/de\/wp-json\/wp\/v2\/product\/5874","targetHints":{"allow":["GET"]}}],"collection":[{"href":"https:\/\/e-flore.store\/de\/wp-json\/wp\/v2\/product"}],"about":[{"href":"https:\/\/e-flore.store\/de\/wp-json\/wp\/v2\/types\/product"}],"wp:featuredmedia":[{"embeddable":true,"href":"https:\/\/e-flore.store\/de\/wp-json\/wp\/v2\/media\/5875"}],"wp:attachment":[{"href":"https:\/\/e-flore.store\/de\/wp-json\/wp\/v2\/media?parent=5874"}],"wp:term":[{"taxonomy":"product_brand","embeddable":true,"href":"https:\/\/e-flore.store\/de\/wp-json\/wp\/v2\/product_brand?post=5874"},{"taxonomy":"product_cat","embeddable":true,"href":"https:\/\/e-flore.store\/de\/wp-json\/wp\/v2\/product_cat?post=5874"},{"taxonomy":"product_tag","embeddable":true,"href":"https:\/\/e-flore.store\/de\/wp-json\/wp\/v2\/product_tag?post=5874"}],"curies":[{"name":"wp","href":"https:\/\/api.w.org\/{rel}","templated":true}]}}