{"id":5886,"date":"2026-02-03T16:03:44","date_gmt":"2026-02-03T14:03:44","guid":{"rendered":"https:\/\/demo8.izveide.id.lv\/?post_type=product&#038;p=5886"},"modified":"2026-03-26T15:03:13","modified_gmt":"2026-03-26T13:03:13","slug":"flamil-futur","status":"publish","type":"product","link":"https:\/\/e-flore.store\/de\/produkt\/flamil-futur\/","title":{"rendered":"Flamil Futur"},"content":{"rendered":"<p><img decoding=\"async\" style=\"width: 100%; height: auto; display: block;\" src=\"\/wp-content\/uploads\/2026\/01\/0400-PARENT_desc.jpg\" \/><\/p>\n<div id=\"eflore-spacer-v55\" style=\"height: 0px; clear: both; width: 100%; display: block;\"><\/div>\n<p style=\"margin-bottom: 10px; margin-top: 30px;\"><strong>ANTISTATISCHER LKW- UND PLANENREINIGER<\/strong><\/p>\n<p style=\"margin-bottom: 10px; margin-top: 30px;\"><strong>FLAMIL\u00ae FUTUR<\/strong><\/p>\n<p style=\"margin-bottom: 8px; margin-top: 0px; line-height: 1.6;\">ist ein hocheffizienter Reiniger zur komfortablen und schonenden Reinigung verschiedenster Oberfl\u00e4chen und Planen. FLAMIL\u00ae FUTUR l\u00f6st und entfernt schnell sowie zuverl\u00e4ssig verharzte R\u00fcckst\u00e4nde von \u00d6len oder Fetten, beseitigt Ru\u00df und durchdringt elektrostatische Verschmutzungen von Fahrzeugplanen und lackierten Fl\u00e4chen. Die ausgewogenen Wirkstoffe von FLAMIL\u00ae FUTUR verhindern ein Austrocknen und Verspr\u00f6den der gereinigten Fl\u00e4chen. FLAMIL\u00ae FUTUR ist in jedem Verh\u00e4ltnis mit Wasser mischbar, nicht toxisch, enth\u00e4lt keine organischen L\u00f6semittel und greift bei sachgem\u00e4\u00dfer Anwendung Gummi, Glas, Aluminium, Kunststoffe und lackierte Fl\u00e4chen nicht an.<\/p>\n<p style=\"margin-bottom: 10px; margin-top: 30px;\"><strong>ANWENDUNGSBEREICHE<\/strong><\/p>\n<p style=\"margin-bottom: 8px; margin-top: 0px; line-height: 1.6;\">Tankfahrzeuge, Schwertransporter, Baumaschinen, Koffer-Lkw, Pkw-Transporter etc.<\/p>\n<p style=\"margin-bottom: 10px; margin-top: 30px;\"><strong>VERARBEITUNGSHINWEISE<\/strong><\/p>\n<p style=\"margin-bottom: 8px; margin-top: 0px; line-height: 1.6;\">FLAMIL\u00ae FUTUR ist ein Konzentrat und muss deshalb mit Wasser verd\u00fcnnt werden. F\u00fcr die Reinigung 1:5 bis 1:10 mit Wasser verd\u00fcnnen, aufspr\u00fchen oder aufsch\u00e4umen, 5 Minuten einwirken lassen und mit HD-Ger\u00e4t abstrahlen. Ein manueller bzw. maschineller B\u00fcrsteneinsatz ist erfahrungsgem\u00e4\u00df nur gelegentlich erforderlich. Auch f\u00fcr den Einsatz in Ultraschallanlagen geeignet.<\/p>\n<p style=\"margin-bottom: 10px; margin-top: 30px;\"><strong>WEITERE HINWEISE<\/strong><\/p>\n<p style=\"margin-bottom: 8px; margin-top: 0px; line-height: 1.6;\">FLAMIL\u00ae FUTUR nicht antrocknen lassen! Zum Erhalt der Produkteigenschaften ist FLAMIL\u00ae FUTUR frostfrei zu lagern. Ab einer Anwendungskonzentration von 1:10 ist FLAMIL\u00ae FUTUR nicht mehr kennzeichnungspflichtig.<\/p>\n<p style=\"margin-bottom: 10px; margin-top: 30px;\"><strong>TECHNISCHE DATEN<\/strong><\/p>\n<p style=\"margin-bottom: 8px; margin-top: 0px; line-height: 1.6;\"><strong>Form<\/strong>: fl\u00fcssig<\/p>\n<p style=\"margin-bottom: 8px; margin-top: 0px; line-height: 1.6;\"><strong>Dichte (20 \u00b0C)<\/strong>: ca. 1,08 g\/ml<\/p>\n<p style=\"margin-bottom: 8px; margin-top: 0px; line-height: 1.6;\"><strong>pH-Wert (10 g\/l)<\/strong>: ca. 11,3<\/p>\n<p style=\"margin-bottom: 8px; margin-top: 0px; line-height: 1.6;\"><strong>INHALTSSTOFFE<\/strong>: nichtionische Tenside, Phosphate, Komplexbildner, Silikate<\/p>\n","protected":false},"excerpt":{"rendered":"<p>ANTISTATISCHER LKW- UND PLANENREINIGER FLAMIL\u00ae FUTUR ist ein hocheffizienter Reiniger zur komfortablen und schonenden Reinigung verschiedenster Oberfl\u00e4chen und Planen. FLAMIL\u00ae FUTUR l\u00f6st und entfernt schnell sowie zuverl\u00e4ssig verharzte R\u00fcckst\u00e4nde von \u00d6len oder Fetten, beseitigt Ru\u00df und durchdringt elektrostatische Verschmutzungen von Fahrzeugplanen und lackierten Fl\u00e4chen. Die ausgewogenen Wirkstoffe von FLAMIL\u00ae FUTUR verhindern ein Austrocknen und Verspr\u00f6den&#8230;<\/p>\n","protected":false},"featured_media":5887,"template":"","meta":[],"product_brand":[337],"product_cat":[381,354,378],"product_tag":[],"class_list":{"0":"post-5886","1":"product","2":"type-product","3":"status-publish","4":"has-post-thumbnail","6":"product_brand-flore-chemie","7":"product_cat-kfz-reinigung-und-pflege","8":"product_cat-flore-chemie-produkte","9":"product_cat-industrie-technik-maschinenbau-elektroanlagen","11":"first","12":"instock","13":"shipping-taxable","14":"purchasable","15":"product-type-variable","16":"has-default-attributes"},"_links":{"self":[{"href":"https:\/\/e-flore.store\/de\/wp-json\/wp\/v2\/product\/5886","targetHints":{"allow":["GET"]}}],"collection":[{"href":"https:\/\/e-flore.store\/de\/wp-json\/wp\/v2\/product"}],"about":[{"href":"https:\/\/e-flore.store\/de\/wp-json\/wp\/v2\/types\/product"}],"wp:featuredmedia":[{"embeddable":true,"href":"https:\/\/e-flore.store\/de\/wp-json\/wp\/v2\/media\/5887"}],"wp:attachment":[{"href":"https:\/\/e-flore.store\/de\/wp-json\/wp\/v2\/media?parent=5886"}],"wp:term":[{"taxonomy":"product_brand","embeddable":true,"href":"https:\/\/e-flore.store\/de\/wp-json\/wp\/v2\/product_brand?post=5886"},{"taxonomy":"product_cat","embeddable":true,"href":"https:\/\/e-flore.store\/de\/wp-json\/wp\/v2\/product_cat?post=5886"},{"taxonomy":"product_tag","embeddable":true,"href":"https:\/\/e-flore.store\/de\/wp-json\/wp\/v2\/product_tag?post=5886"}],"curies":[{"name":"wp","href":"https:\/\/api.w.org\/{rel}","templated":true}]}}