{"id":5897,"date":"2026-02-03T16:03:48","date_gmt":"2026-02-03T14:03:48","guid":{"rendered":"https:\/\/demo8.izveide.id.lv\/?post_type=product&#038;p=5897"},"modified":"2026-03-26T15:03:05","modified_gmt":"2026-03-26T13:03:05","slug":"florin-autopur-s","status":"publish","type":"product","link":"https:\/\/e-flore.store\/de\/produkt\/florin-autopur-s\/","title":{"rendered":"Florin Autopur S"},"content":{"rendered":"<p><img decoding=\"async\" style=\"width: 100%; height: auto; display: block;\" src=\"\/wp-content\/uploads\/2026\/01\/0042-PARENT_desc.jpg\" \/><\/p>\n<div id=\"eflore-spacer-v55\" style=\"height: 0px; clear: both; width: 100%; display: block;\"><\/div>\n<p style=\"margin-bottom: 10px; margin-top: 30px;\"><strong>AUTOWASCHMITTEL<\/strong><\/p>\n<p style=\"margin-bottom: 10px; margin-top: 30px;\"><strong> EIGENSCHAFTEN<\/strong><\/p>\n<p style=\"margin-bottom: 8px; margin-top: 0px; line-height: 1.6;\">&#8211; reinigt schnell und gr\u00fcndlich lackierte Fl\u00e4chen, Glas, Gummi, Holz, Kunststoff.<\/p>\n<p style=\"margin-bottom: 8px; margin-top: 0px; line-height: 1.6;\">&#8211; hochwirksame Netzmittel durchdringen den Schmutz und l\u00f6sen Fette, Insekten, Ru\u00df, Umweltablagerungen.<\/p>\n<p style=\"margin-bottom: 8px; margin-top: 0px; line-height: 1.6;\">&#8211; Pflegewirkstoffe verhindern das Austrocknen der Lacke. Bereits stumpf gewordene Lacke erhalten ihren Glanz zur\u00fcck.<\/p>\n<p style=\"margin-bottom: 8px; margin-top: 0px; line-height: 1.6;\">&#8211; angenehm im Geruch.<\/p>\n<p style=\"margin-bottom: 10px; margin-top: 30px;\"><strong>EINSATZGEBIETE<\/strong><\/p>\n<p style=\"margin-bottom: 8px; margin-top: 0px; line-height: 1.6;\">&#8211; PKW, LKW, Flugzeuge.<\/p>\n<p style=\"margin-bottom: 8px; margin-top: 0px; line-height: 1.6;\">&#8211; Bahnwagen, Motorr\u00e4der.<\/p>\n<p style=\"margin-bottom: 10px; margin-top: 30px;\"><strong>ANWENDUNG<\/strong><\/p>\n<p style=\"margin-bottom: 8px; margin-top: 0px; line-height: 1.6;\">&#8211; je nach Anwendungsbereich ist dem Konzentrat die 10- bis 500fache Menge an Wasser beizugeben.<\/p>\n<p style=\"margin-bottom: 8px; margin-top: 0px; line-height: 1.6;\">&#8211; die Verarbeitung erfolgt manuell mit weichem Schwamm oder Waschbesen, maschinell \u00fcber HDGer\u00e4t oder in der Waschstra\u00dfe.<\/p>\n<p style=\"margin-bottom: 8px; margin-top: 0px; line-height: 1.6;\">&#8211; anschlie\u00dfend abledern, falls keine Trocknungshilfe verwendet wird.<\/p>\n<p style=\"margin-bottom: 8px; margin-top: 0px; line-height: 1.6;\">&#8211; frostfrei lagern.<\/p>\n<p style=\"margin-bottom: 8px; margin-top: 0px; line-height: 1.6;\">Ab einer Anwendungskonzentration von 1:10 ist Florin\u00ae AUTOPUR S nicht mehr kennzeichnungspflichtig.<\/p>\n<p style=\"margin-bottom: 10px; margin-top: 30px;\"><strong>TECHNISCHE DATEN<\/strong><\/p>\n<p style=\"margin-bottom: 8px; margin-top: 0px; line-height: 1.6;\"><strong>Form<\/strong>: fl\u00fcssig<\/p>\n<p style=\"margin-bottom: 8px; margin-top: 0px; line-height: 1.6;\"><strong>Dichte (20 \u00b0C)<\/strong>: ca. 1,0 g\/ml<\/p>\n<p style=\"margin-bottom: 8px; margin-top: 0px; line-height: 1.6;\"><strong>Siedepunkt<\/strong>: &gt; 100 \u00b0C<\/p>\n<p style=\"margin-bottom: 8px; margin-top: 0px; line-height: 1.6;\"><strong>pH-Wert (Konz.)<\/strong>: ca. 6,5 &#8211; 7,0<\/p>\n<p style=\"margin-bottom: 8px; margin-top: 0px; line-height: 1.6;\"><strong>pH-Wert (1 %ig)<\/strong>: ca. 7<\/p>\n<p style=\"margin-bottom: 8px; margin-top: 0px; line-height: 1.6;\"><strong>Viskosit\u00e4t<\/strong>: 300 &#8211; 600 mPa*s<\/p>\n<p style=\"margin-bottom: 8px; margin-top: 0px; line-height: 1.6;\"><strong>INHALTSSTOFFE<\/strong>: anionische, nichtionische und amphotere Tenside, Duftstoffe, Konservierungsstoffe<\/p>\n","protected":false},"excerpt":{"rendered":"<p>AUTOWASCHMITTEL EIGENSCHAFTEN &#8211; reinigt schnell und gr\u00fcndlich lackierte Fl\u00e4chen, Glas, Gummi, Holz, Kunststoff. &#8211; hochwirksame Netzmittel durchdringen den Schmutz und l\u00f6sen Fette, Insekten, Ru\u00df, Umweltablagerungen. &#8211; Pflegewirkstoffe verhindern das Austrocknen der Lacke. Bereits stumpf gewordene Lacke erhalten ihren Glanz zur\u00fcck. &#8211; angenehm im Geruch. EINSATZGEBIETE &#8211; PKW, LKW, Flugzeuge. &#8211; Bahnwagen, Motorr\u00e4der. ANWENDUNG &#8211; je&#8230;<\/p>\n","protected":false},"featured_media":5898,"template":"","meta":[],"product_brand":[337],"product_cat":[381,354,378],"product_tag":[],"class_list":{"0":"post-5897","1":"product","2":"type-product","3":"status-publish","4":"has-post-thumbnail","6":"product_brand-flore-chemie","7":"product_cat-kfz-reinigung-und-pflege","8":"product_cat-flore-chemie-produkte","9":"product_cat-industrie-technik-maschinenbau-elektroanlagen","11":"first","12":"instock","13":"shipping-taxable","14":"purchasable","15":"product-type-variable","16":"has-default-attributes"},"_links":{"self":[{"href":"https:\/\/e-flore.store\/de\/wp-json\/wp\/v2\/product\/5897","targetHints":{"allow":["GET"]}}],"collection":[{"href":"https:\/\/e-flore.store\/de\/wp-json\/wp\/v2\/product"}],"about":[{"href":"https:\/\/e-flore.store\/de\/wp-json\/wp\/v2\/types\/product"}],"wp:featuredmedia":[{"embeddable":true,"href":"https:\/\/e-flore.store\/de\/wp-json\/wp\/v2\/media\/5898"}],"wp:attachment":[{"href":"https:\/\/e-flore.store\/de\/wp-json\/wp\/v2\/media?parent=5897"}],"wp:term":[{"taxonomy":"product_brand","embeddable":true,"href":"https:\/\/e-flore.store\/de\/wp-json\/wp\/v2\/product_brand?post=5897"},{"taxonomy":"product_cat","embeddable":true,"href":"https:\/\/e-flore.store\/de\/wp-json\/wp\/v2\/product_cat?post=5897"},{"taxonomy":"product_tag","embeddable":true,"href":"https:\/\/e-flore.store\/de\/wp-json\/wp\/v2\/product_tag?post=5897"}],"curies":[{"name":"wp","href":"https:\/\/api.w.org\/{rel}","templated":true}]}}