{"id":5903,"date":"2026-02-03T16:03:49","date_gmt":"2026-02-03T14:03:49","guid":{"rendered":"https:\/\/demo8.izveide.id.lv\/?post_type=product&#038;p=5903"},"modified":"2026-02-18T16:19:36","modified_gmt":"2026-02-18T14:19:36","slug":"flamil-pl-500","status":"publish","type":"product","link":"https:\/\/e-flore.store\/de\/produkt\/flamil-pl-500\/","title":{"rendered":"Flamil PL 500"},"content":{"rendered":"<p><img decoding=\"async\" style=\"width: 100%; height: auto; display: block;\" src=\"\/wp-content\/uploads\/2026\/01\/0098-PARENT_desc.jpg\" \/><\/p>\n<div id=\"eflore-spacer-v55\" style=\"height: 0px; clear: both; width: 100%; display: block;\"><\/div>\n<p style=\"margin-bottom: 10px; margin-top: 30px;\"><strong>UNIVERSELL EINSETZBARER INDUSTRIEREINIGER<\/strong><\/p>\n<p style=\"margin-bottom: 10px; margin-top: 30px;\"><strong>FLAMIL\u00ae PL 500<\/strong><\/p>\n<p style=\"margin-bottom: 8px; margin-top: 0px; line-height: 1.6;\">l\u00f6st und entfernt schnell und sicher verharzte \u00d6le, Fette und Ru\u00df. Durch spezielle Wirkstoffe wird ein Austrocknen und Spr\u00f6dewerden der gereinigten Fl\u00e4chen vermieden. Flamil\u00ae PL 500 greift Gummi, Glas, Holz, Kunststoff und lackierte Fl\u00e4chen nicht an und wird daher u.a. sehr gerne in Werkst\u00e4tten genutzt.<\/p>\n<p style=\"margin-bottom: 10px; margin-top: 30px;\"><strong>ANWENDUNGSBEREICHE<\/strong><\/p>\n<p style=\"margin-bottom: 8px; margin-top: 0px; line-height: 1.6;\">Planen, Fahrzeuge, Motoren, Maschinen, Werkstattb\u00f6den, Boote etc.<\/p>\n<p style=\"margin-bottom: 10px; margin-top: 30px;\"><strong>VERARBEITUNGSHINWEISE<\/strong><\/p>\n<p style=\"margin-bottom: 8px; margin-top: 0px; line-height: 1.6;\">Je nach Anwendungsbereich wird das Konzentrat mit der 10- bis 500fachen Menge Wasser verd\u00fcnnt:<\/p>\n<table style=\"width: 100%; border-collapse: collapse; margin-bottom: 8px;\">\n<thead>\n<tr style=\"background-color: #f9f9f9;\">\n<th style=\"padding: 8px; border: 1px solid #ddd; text-align: left;\">Anwendungsgebiet<\/th>\n<th style=\"padding: 8px; border: 1px solid #ddd; text-align: left;\">Reinigungsverfahren<\/th>\n<th style=\"padding: 8px; border: 1px solid #ddd; text-align: left;\">Verd\u00fcnnung<\/th>\n<\/tr>\n<\/thead>\n<tbody>\n<tr>\n<td style=\"padding: 8px; border: 1px solid #ddd;\">Fahrzeugreinigung<\/td>\n<td style=\"padding: 8px; border: 1px solid #ddd;\">Spr\u00fchverfahren<\/td>\n<td style=\"padding: 8px; border: 1px solid #ddd;\">1:10 &#8211; 1:100<\/td>\n<\/tr>\n<tr>\n<td style=\"padding: 8px; border: 1px solid #ddd;\">Planenreinigung<\/td>\n<td style=\"padding: 8px; border: 1px solid #ddd;\">Spr\u00fchverfahren<\/td>\n<td style=\"padding: 8px; border: 1px solid #ddd;\">1:3 &#8211; 1:30<\/td>\n<\/tr>\n<tr>\n<td style=\"padding: 8px; border: 1px solid #ddd;\">Motorenreinigung<\/td>\n<td style=\"padding: 8px; border: 1px solid #ddd;\">HD- Ger\u00e4t<\/td>\n<td style=\"padding: 8px; border: 1px solid #ddd;\">1:50 &#8211; 1:100 (an der Lanze)<\/td>\n<\/tr>\n<tr>\n<td style=\"padding: 8px; border: 1px solid #ddd;\">Werkstattbodenreinigung<\/td>\n<td style=\"padding: 8px; border: 1px solid #ddd;\">Manuell<\/td>\n<td style=\"padding: 8px; border: 1px solid #ddd;\">1:10 &#8211; 1:50<\/td>\n<\/tr>\n<tr>\n<td style=\"padding: 8px; border: 1px solid #ddd;\">Allzweckreiniger<\/td>\n<td style=\"padding: 8px; border: 1px solid #ddd;\">Manuell<\/td>\n<td style=\"padding: 8px; border: 1px solid #ddd;\">1:50 &#8211; 1:200<\/td>\n<\/tr>\n<\/tbody>\n<\/table>\n<p style=\"margin-bottom: 8px; margin-top: 0px; line-height: 1.6;\">Ab einer Anwendungskonzentration von 1:3 ist FLAMIL\u00ae PL 500 nicht mehr kennzeichnungspflichtig.<\/p>\n<p style=\"margin-bottom: 10px; margin-top: 30px;\"><strong>TECHNISCHE DATEN<\/strong><\/p>\n<p style=\"margin-bottom: 8px; margin-top: 0px; line-height: 1.6;\"><strong>Form:<\/strong> fl\u00fcssig<\/p>\n<p style=\"margin-bottom: 8px; margin-top: 0px; line-height: 1.6;\"><strong>Dichte (20 \u00b0C):<\/strong> ca. 1,05 g\/cm\u00b3<\/p>\n<p style=\"margin-bottom: 8px; margin-top: 0px; line-height: 1.6;\"><strong>pH-Wert (Konzentrat):<\/strong> ca. 11,4<\/p>\n<p style=\"margin-bottom: 8px; margin-top: 0px; line-height: 1.6;\"><strong>Siedepunkt:<\/strong> &gt; 100 \u00b0C<\/p>\n<p style=\"margin-bottom: 8px; margin-top: 0px; line-height: 1.6;\"><strong>INHALTSSTOFFE:<\/strong> anionische und nichtionische Tenside, Phosphate, Alkalien, Farbstoff<\/p>\n","protected":false},"excerpt":{"rendered":"<p>UNIVERSELL EINSETZBARER INDUSTRIEREINIGER FLAMIL\u00ae PL 500 l\u00f6st und entfernt schnell und sicher verharzte \u00d6le, Fette und Ru\u00df. Durch spezielle Wirkstoffe wird ein Austrocknen und Spr\u00f6dewerden der gereinigten Fl\u00e4chen vermieden. Flamil\u00ae PL 500 greift Gummi, Glas, Holz, Kunststoff und lackierte Fl\u00e4chen nicht an und wird daher u.a. sehr gerne in Werkst\u00e4tten genutzt. ANWENDUNGSBEREICHE Planen, Fahrzeuge, Motoren,&#8230;<\/p>\n","protected":false},"featured_media":5904,"template":"","meta":[],"product_brand":[337],"product_cat":[354,381,378],"product_tag":[],"class_list":{"0":"post-5903","1":"product","2":"type-product","3":"status-publish","4":"has-post-thumbnail","6":"product_brand-flore-chemie","7":"product_cat-flore-chemie-produkte","8":"product_cat-kfz-reinigung-und-pflege","9":"product_cat-industrie-technik-maschinenbau-elektroanlagen","11":"first","12":"instock","13":"shipping-taxable","14":"purchasable","15":"product-type-variable","16":"has-default-attributes"},"_links":{"self":[{"href":"https:\/\/e-flore.store\/de\/wp-json\/wp\/v2\/product\/5903","targetHints":{"allow":["GET"]}}],"collection":[{"href":"https:\/\/e-flore.store\/de\/wp-json\/wp\/v2\/product"}],"about":[{"href":"https:\/\/e-flore.store\/de\/wp-json\/wp\/v2\/types\/product"}],"wp:featuredmedia":[{"embeddable":true,"href":"https:\/\/e-flore.store\/de\/wp-json\/wp\/v2\/media\/5904"}],"wp:attachment":[{"href":"https:\/\/e-flore.store\/de\/wp-json\/wp\/v2\/media?parent=5903"}],"wp:term":[{"taxonomy":"product_brand","embeddable":true,"href":"https:\/\/e-flore.store\/de\/wp-json\/wp\/v2\/product_brand?post=5903"},{"taxonomy":"product_cat","embeddable":true,"href":"https:\/\/e-flore.store\/de\/wp-json\/wp\/v2\/product_cat?post=5903"},{"taxonomy":"product_tag","embeddable":true,"href":"https:\/\/e-flore.store\/de\/wp-json\/wp\/v2\/product_tag?post=5903"}],"curies":[{"name":"wp","href":"https:\/\/api.w.org\/{rel}","templated":true}]}}