{"id":5909,"date":"2026-02-03T16:03:49","date_gmt":"2026-02-03T14:03:49","guid":{"rendered":"https:\/\/demo8.izveide.id.lv\/?post_type=product&#038;p=5909"},"modified":"2026-03-26T15:03:01","modified_gmt":"2026-03-26T13:03:01","slug":"flamil-fahrzeugintensivreiniger","status":"publish","type":"product","link":"https:\/\/e-flore.store\/de\/produkt\/flamil-fahrzeugintensivreiniger\/","title":{"rendered":"Flamil Fahrzeugintensivreiniger"},"content":{"rendered":"<p><img decoding=\"async\" style=\"width: 100%; height: auto; display: block;\" src=\"\/wp-content\/uploads\/2026\/01\/0857-PARENT_desc.jpg\" \/><\/p>\n<div id=\"eflore-spacer-v55\" style=\"height: 0px; clear: both; width: 100%; display: block;\"><\/div>\n<p style=\"margin-bottom: 10px; margin-top: 30px;\"><strong>FAHRZEUG- UND PLANENREINIGER<\/strong><\/p>\n<p style=\"margin-bottom: 10px; margin-top: 30px;\"><strong>FLAMIL\u00ae FAHRZEUGINTENSIVREINIGER<\/strong><\/p>\n<p style=\"margin-bottom: 8px; margin-top: 0px; line-height: 1.6;\">ist ein r\u00fcckpflegendes Konzentrat f\u00fcr den umweltschonenden, bedarfsgerechten und wirtschaftlichen Einsatz. Er eignet sich f\u00fcr den manuellen, sowie f\u00fcr den maschinellen Einsatz in HD- Ger\u00e4ten, B\u00fcrst- Saugautomaten und Tauchb\u00e4dern. Flamil Fahrzeugintensivreiniger entfettet und pflegt in einem Arbeitsgang und hat durch seine Materialvertr\u00e4glichkeit eine gro\u00dfe Einsatzvielfalt.<\/p>\n<p style=\"margin-bottom: 10px; margin-top: 30px;\"><strong>ANWENDUNGSBEREICHE<\/strong><\/p>\n<p style=\"margin-bottom: 8px; margin-top: 0px; line-height: 1.6;\">Flamil Fahrzeugintensivreiniger eignet sich zur Entfernung hartn\u00e4ckiger Verschmutzungen von allen alkaliunempfindlichen Oberfl\u00e4chen. L\u00f6st und entfernt mineralische und synthetische \u00d6le, Fette, Ru\u00df, Harz, Nicotin, Umweltablagerungen u.v.m. Flamil Fahrzeugintensivreiniger findet seine Einsatzgebiete in Industrie, Werkst\u00e4tten, Hoch- und Tiefbau, reinigt Baufahrzeuge, Anlagen, Maschinen sowie Zelte, Markisen, LKW- Planen, Felgen, Aluminium, Tanks\u00e4ulen, Leuchtreklamen, Kunststoffe und lackierte Oberfl\u00e4chen aller Art.<\/p>\n<p style=\"margin-bottom: 10px; margin-top: 30px;\"><strong>VERARBEITUNSHINWEISE<\/strong><\/p>\n<p style=\"margin-bottom: 8px; margin-top: 0px; line-height: 1.6;\">Zur Reinigung von Oberfl\u00e4chen im Spr\u00fch-, Wisch-, oder Tauchverfahren: 1:5 \u2013 1:300 je nach Verschmutzung. Aufspr\u00fchen, kurz einwirken lassen ggf. b\u00fcrsten und anschlie\u00dfend absp\u00fclen.<\/p>\n<p style=\"margin-bottom: 8px; margin-top: 0px; line-height: 1.6;\">Tauchbad: 1:10 bis 1:100 bei 70-90 \u00b0C<\/p>\n<p style=\"margin-bottom: 8px; margin-top: 0px; line-height: 1.6;\">HD Ger\u00e4te: 1:20 vormischen<\/p>\n<p style=\"margin-bottom: 8px; margin-top: 0px; line-height: 1.6;\">B\u00fcrst- und Saugautomaten: 1:40 bis 1:100<\/p>\n<p style=\"margin-bottom: 8px; margin-top: 0px; line-height: 1.6;\">Beim Einsatz auf empfindlichen und nicht genannten Oberfl\u00e4chen und Materialien an verdeckter Stelle einen Vortest durchf\u00fchren. Ab einer Anwendungskonzentration von 1:10 ist Flamil Fahrzeugintensivreiniger nicht mehr kennzeichnungspflichtig.<\/p>\n<p style=\"margin-bottom: 10px; margin-top: 30px;\"><strong>TECHNISCHE DATEN<\/strong><\/p>\n<p style=\"margin-bottom: 8px; margin-top: 0px; line-height: 1.6;\"><strong>Form<\/strong>: fl\u00fcssig<\/p>\n<p style=\"margin-bottom: 8px; margin-top: 0px; line-height: 1.6;\"><strong>Dichte (20 \u00b0C)<\/strong>: ca. 1,03 g\/ml<\/p>\n<p style=\"margin-bottom: 8px; margin-top: 0px; line-height: 1.6;\"><strong>pH-Wert (2 %ig)<\/strong>: 10,5-11<\/p>\n<p style=\"margin-bottom: 8px; margin-top: 0px; line-height: 1.6;\"><strong>INHALTSSTOFFE<\/strong>: nichtionische Tenside, Aktivatoren, Kaliumhydroxid und Hilfsstoffe<\/p>\n","protected":false},"excerpt":{"rendered":"<p>FAHRZEUG- UND PLANENREINIGER FLAMIL\u00ae FAHRZEUGINTENSIVREINIGER ist ein r\u00fcckpflegendes Konzentrat f\u00fcr den umweltschonenden, bedarfsgerechten und wirtschaftlichen Einsatz. Er eignet sich f\u00fcr den manuellen, sowie f\u00fcr den maschinellen Einsatz in HD- Ger\u00e4ten, B\u00fcrst- Saugautomaten und Tauchb\u00e4dern. Flamil Fahrzeugintensivreiniger entfettet und pflegt in einem Arbeitsgang und hat durch seine Materialvertr\u00e4glichkeit eine gro\u00dfe Einsatzvielfalt. ANWENDUNGSBEREICHE Flamil Fahrzeugintensivreiniger eignet sich&#8230;<\/p>\n","protected":false},"featured_media":5910,"template":"","meta":[],"product_brand":[337],"product_cat":[354,381,378],"product_tag":[],"class_list":{"0":"post-5909","1":"product","2":"type-product","3":"status-publish","4":"has-post-thumbnail","6":"product_brand-flore-chemie","7":"product_cat-flore-chemie-produkte","8":"product_cat-kfz-reinigung-und-pflege","9":"product_cat-industrie-technik-maschinenbau-elektroanlagen","11":"first","12":"instock","13":"shipping-taxable","14":"purchasable","15":"product-type-variable","16":"has-default-attributes"},"_links":{"self":[{"href":"https:\/\/e-flore.store\/de\/wp-json\/wp\/v2\/product\/5909","targetHints":{"allow":["GET"]}}],"collection":[{"href":"https:\/\/e-flore.store\/de\/wp-json\/wp\/v2\/product"}],"about":[{"href":"https:\/\/e-flore.store\/de\/wp-json\/wp\/v2\/types\/product"}],"wp:featuredmedia":[{"embeddable":true,"href":"https:\/\/e-flore.store\/de\/wp-json\/wp\/v2\/media\/5910"}],"wp:attachment":[{"href":"https:\/\/e-flore.store\/de\/wp-json\/wp\/v2\/media?parent=5909"}],"wp:term":[{"taxonomy":"product_brand","embeddable":true,"href":"https:\/\/e-flore.store\/de\/wp-json\/wp\/v2\/product_brand?post=5909"},{"taxonomy":"product_cat","embeddable":true,"href":"https:\/\/e-flore.store\/de\/wp-json\/wp\/v2\/product_cat?post=5909"},{"taxonomy":"product_tag","embeddable":true,"href":"https:\/\/e-flore.store\/de\/wp-json\/wp\/v2\/product_tag?post=5909"}],"curies":[{"name":"wp","href":"https:\/\/api.w.org\/{rel}","templated":true}]}}