{"id":5927,"date":"2026-02-03T16:03:52","date_gmt":"2026-02-03T14:03:52","guid":{"rendered":"https:\/\/demo8.izveide.id.lv\/?post_type=product&#038;p=5927"},"modified":"2026-03-26T15:02:46","modified_gmt":"2026-03-26T13:02:46","slug":"smellex","status":"publish","type":"product","link":"https:\/\/e-flore.store\/de\/produkt\/smellex\/","title":{"rendered":"Smellex"},"content":{"rendered":"<p><img decoding=\"async\" style=\"width: 100%; height: auto; display: block;\" src=\"\/wp-content\/uploads\/2026\/01\/0017-PARENT_desc.jpg\" \/><\/p>\n<div id=\"eflore-spacer-v55\" style=\"height: 0px; clear: both; width: 100%; display: block;\"><\/div>\n<p style=\"margin-bottom: 10px; margin-top: 30px;\"><strong>GERUCHSBINDENDER FETTL\u00d6SER<\/strong><\/p>\n<p style=\"margin-bottom: 10px; margin-top: 30px;\"><strong>SMELLEX\u00ae<\/strong><\/p>\n<p style=\"margin-bottom: 8px; margin-top: 0px; line-height: 1.6;\">zerst\u00f6rt \u00fcbelriechende Schwefelwasserstoffverbindungen und beseitigt somit F\u00e4ulnisger\u00fcche ebenso wie Fette, Wachse, Druckfarben, ultraviolette Farben, \u00d6l- sowie Teerr\u00fcckst\u00e4nde u.a. von Motoren, Arbeitsger\u00e4ten, Maschinenteilen wie z.B. Gummiwalzen und auch Polyurethanschaumr\u00fcckst\u00e4nde kurz nach dem Einsch\u00e4umen z.B. von Fenstern. SMELLEX\u00ae wird u.a. sehr gerne von folgenden Betrieben und in folgenden Bereichen genutzt: K\u00fcchen, Schlachth\u00f6fen, Kl\u00e4ranlagen, M\u00fclldeponien, M\u00fcllfahrzeugen, Tierverwertungsbetrieben, Tierheimen, Toilettenanlagen, Schwimmb\u00e4dern, Saunen, Sportst\u00e4tten, Hotels, Restaurants, Kantinen, kunststoff- und metallverarbeitender Industrie.<\/p>\n<p style=\"margin-bottom: 10px; margin-top: 30px;\"><strong>VERARBEITUNGSHINWEISE<\/strong><\/p>\n<p style=\"margin-bottom: 10px; margin-top: 30px;\">SMELLEX\u00ae wird mit kaltem bis handwarmem Wasser f\u00fcr die folgenden Bereiche und Anwendungen verd\u00fcnnt wie folgt:<\/p>\n<p style=\"margin-bottom: 8px; margin-top: 0px; line-height: 1.6;\">f\u00fcr Fu\u00dfb\u00f6den in K\u00fcchen bzw. Schlachth\u00f6fen 1:100<\/p>\n<p style=\"margin-bottom: 8px; margin-top: 0px; line-height: 1.6;\">f\u00fcr Fu\u00dfb\u00f6den in Toilettenanlagen 1:500<\/p>\n<p style=\"margin-bottom: 8px; margin-top: 0px; line-height: 1.6;\">zur Rohrentfettung 1:5 bis 1:10<\/p>\n<p style=\"margin-bottom: 8px; margin-top: 0px; line-height: 1.6;\">als Kl\u00e4ranlagenzusatz 1:1.000.000<\/p>\n<p style=\"margin-bottom: 8px; margin-top: 0px; line-height: 1.6;\">zur Wachsentfernung 1:3 bis 1:10<\/p>\n<p style=\"margin-bottom: 10px; margin-top: 30px;\"><strong>WEITERE HINWEISE<\/strong><\/p>\n<p style=\"margin-bottom: 8px; margin-top: 0px; line-height: 1.6;\">Vor Anwendung auf nicht genannten Materialien ist die Vertr\u00e4glichkeit an einer verdeckten Stelle zu pr\u00fcfen, vor allem, aber nicht nur, auf Lacken und Kunststoffen. Zum Erhalt der Produkteigenschaften ist SMELLEX\u00ae frostfrei zu lagern.<\/p>\n<p style=\"margin-bottom: 8px; margin-top: 0px; line-height: 1.6;\">Ab einer Anwendungskonzentration von 1:100 ist SMELLEX\u00ae nicht mehr kennzeichnungspflichtig.<\/p>\n<p style=\"margin-bottom: 10px; margin-top: 30px;\"><strong>TECHNISCHE DATEN<\/strong><\/p>\n<p style=\"margin-bottom: 8px; margin-top: 0px; line-height: 1.6;\"><strong>Form<\/strong>: fl\u00fcssig<\/p>\n<p style=\"margin-bottom: 8px; margin-top: 0px; line-height: 1.6;\"><strong>Dichte (20 \u00b0C)<\/strong>: 0,88 g\/ml<\/p>\n<p style=\"margin-bottom: 8px; margin-top: 0px; line-height: 1.6;\"><strong>Siedebereich<\/strong>: 121 &#8211; 200 \u00b0C<\/p>\n<p style=\"margin-bottom: 8px; margin-top: 0px; line-height: 1.6;\"><strong>Flammpunkt<\/strong>: +50 \u00b0C<\/p>\n<p style=\"margin-bottom: 8px; margin-top: 0px; line-height: 1.6;\"><strong>INHALTSSTOFFE<\/strong>: Benzalkonium Chlorid, nichtionische Tenside, wasserl\u00f6sliche L\u00f6semittel, Limonene, Citrusterpene<\/p>\n","protected":false},"excerpt":{"rendered":"<p>GERUCHSBINDENDER FETTL\u00d6SER SMELLEX\u00ae zerst\u00f6rt \u00fcbelriechende Schwefelwasserstoffverbindungen und beseitigt somit F\u00e4ulnisger\u00fcche ebenso wie Fette, Wachse, Druckfarben, ultraviolette Farben, \u00d6l- sowie Teerr\u00fcckst\u00e4nde u.a. von Motoren, Arbeitsger\u00e4ten, Maschinenteilen wie z.B. Gummiwalzen und auch Polyurethanschaumr\u00fcckst\u00e4nde kurz nach dem Einsch\u00e4umen z.B. von Fenstern. SMELLEX\u00ae wird u.a. sehr gerne von folgenden Betrieben und in folgenden Bereichen genutzt: K\u00fcchen, Schlachth\u00f6fen, Kl\u00e4ranlagen, M\u00fclldeponien,&#8230;<\/p>\n","protected":false},"featured_media":5928,"template":"","meta":[],"product_brand":[337],"product_cat":[354,357,375],"product_tag":[],"class_list":{"0":"post-5927","1":"product","2":"type-product","3":"status-publish","4":"has-post-thumbnail","6":"product_brand-flore-chemie","7":"product_cat-flore-chemie-produkte","8":"product_cat-hotel-und-gastronomiegewerbe","9":"product_cat-spezialprodukte-fuer-lebensmittelindustrie-kuechen-baeckereien-raeuchereien-tiefkuehlraeume-u-a","11":"first","12":"instock","13":"shipping-taxable","14":"purchasable","15":"product-type-variable","16":"has-default-attributes"},"_links":{"self":[{"href":"https:\/\/e-flore.store\/de\/wp-json\/wp\/v2\/product\/5927","targetHints":{"allow":["GET"]}}],"collection":[{"href":"https:\/\/e-flore.store\/de\/wp-json\/wp\/v2\/product"}],"about":[{"href":"https:\/\/e-flore.store\/de\/wp-json\/wp\/v2\/types\/product"}],"wp:featuredmedia":[{"embeddable":true,"href":"https:\/\/e-flore.store\/de\/wp-json\/wp\/v2\/media\/5928"}],"wp:attachment":[{"href":"https:\/\/e-flore.store\/de\/wp-json\/wp\/v2\/media?parent=5927"}],"wp:term":[{"taxonomy":"product_brand","embeddable":true,"href":"https:\/\/e-flore.store\/de\/wp-json\/wp\/v2\/product_brand?post=5927"},{"taxonomy":"product_cat","embeddable":true,"href":"https:\/\/e-flore.store\/de\/wp-json\/wp\/v2\/product_cat?post=5927"},{"taxonomy":"product_tag","embeddable":true,"href":"https:\/\/e-flore.store\/de\/wp-json\/wp\/v2\/product_tag?post=5927"}],"curies":[{"name":"wp","href":"https:\/\/api.w.org\/{rel}","templated":true}]}}