{"id":5933,"date":"2026-02-03T16:03:55","date_gmt":"2026-02-03T14:03:55","guid":{"rendered":"https:\/\/demo8.izveide.id.lv\/?post_type=product&#038;p=5933"},"modified":"2026-03-26T15:02:35","modified_gmt":"2026-03-26T13:02:35","slug":"smellex-bioclean","status":"publish","type":"product","link":"https:\/\/e-flore.store\/de\/produkt\/smellex-bioclean\/","title":{"rendered":"Smellex Bioclean"},"content":{"rendered":"<p><img decoding=\"async\" style=\"width: 100%; height: auto; display: block;\" src=\"\/wp-content\/uploads\/2026\/01\/0795-PARENT_desc.jpg\" \/><\/p>\n<div id=\"eflore-spacer-v55\" style=\"height: 0px; clear: both; width: 100%; display: block;\"><\/div>\n<p style=\"margin-bottom: 10px; margin-top: 30px;\"><strong>ZUR\u00a0MIKROBIELLEN\u00a0BEHANDLUNG\u00a0VON ABWASSERLEITUNGEN, FETTABSCHEIDERN\u00a0UND DUNSTABZUGSHAUBENFILTERN<\/strong><\/p>\n<p style=\"margin-bottom: 10px; margin-top: 30px;\"><strong>SMELLEX\u00ae BIOCLEAN<\/strong><\/p>\n<p style=\"margin-bottom: 8px; margin-top: 0px; line-height: 1.6;\">reduziert Fett, kurz- und langkettige Fetts\u00e4uren, Proteine, Lipide und Kohlenhydrate und vermindert die Bildung von unangenehmen Ger\u00fcchen infolge anaerober biologischer Abbauprozesse, wie Schwefelwasserstoff und fl\u00fcchtige ranzig anmutende Fetts\u00e4uren. SMELLEX\u00ae BIOCLEAN vermindert deutlich sichtbar Fette und Ablagerungen. Rohre, Dunstabzugshaubenfilter und Abscheider werden von dieser umweltfreundlichen Formulierung erfahrungsgem\u00e4\u00df nicht besch\u00e4digt. SMELLEX\u00ae BIOCLEAN ist gebrauchsfertig und kann manuell oder unter Verwendung eines automatischen Dosiersystems im Anwendungstemperaturbereich von 5 \u00b0C bis 45 \u00b0C genutzt werden.<\/p>\n<p style=\"margin-bottom: 10px; margin-top: 30px;\"><strong>VERARBEITUNGSHINWEISE <\/strong><\/p>\n<p style=\"margin-bottom: 8px; margin-top: 0px; line-height: 1.6;\">Vor Gebrauch gut sch\u00fctteln! SMELLEX\u00ae BIOCLEAN unverd\u00fcnnt in die zu reinigenden Systeme einbringen.<\/p>\n<p style=\"margin-bottom: 8px; margin-top: 0px; line-height: 1.6;\">Fettabscheider: F\u00fcr die erste Anwendung 1,5 l\/m3 (Volumen des Fettabscheiders). Bei regelm\u00e4\u00dfiger Anwendung: bei 400-500 Mahlzeiten \/ Tag ca. 0,4 l\/Tag; bei 2000 Mahlzeiten \/ Tag ca. 1,5 l\/Tag<\/p>\n<p style=\"margin-bottom: 8px; margin-top: 0px; line-height: 1.6;\">Abflussrohrleitungen: F\u00fcr die erste Anwendung ca. 0,4 l\/Woche. Bei regelm\u00e4\u00dfiger Anwendung ca. 0,1 l\/Woche.<\/p>\n<p style=\"margin-bottom: 8px; margin-top: 0px; line-height: 1.6;\">Dunstabzugshaubenfilter: Vor der ersten Anwendung den groben Schmutz entfernen, einspr\u00fchen und Filter wieder einsetzen, danach 14t\u00e4gig mit warmem Wasser absp\u00fclen. Bei regelm\u00e4\u00dfiger Anwendung jeden Abend Filter bei laufender Dunstabzugshaube bespr\u00fchen.<\/p>\n<p style=\"margin-bottom: 8px; margin-top: 0px; line-height: 1.6;\">SMELLEX\u00ae BIOCLEAN sollte weder bei Temperaturen unterhalb von 5 \u00b0C noch bei direkter Sonneneinstrahlung angewendet werden, da die Wirksamkeit der Mikroorganismen dann nicht mehr gew\u00e4hrleistet werden kann.<\/p>\n<p style=\"margin-bottom: 10px; margin-top: 30px;\"><strong>WEITERER HINWEIS<\/strong><\/p>\n<p style=\"margin-bottom: 8px; margin-top: 0px; line-height: 1.6;\">Zum Erhalt der Produkteigenschaften SMELLEX\u00ae BIOCLEAN frostfrei und vor Licht gesch\u00fctzt lagern.<\/p>\n<p style=\"margin-bottom: 10px; margin-top: 30px;\"><strong>TECHNISCHE DATEN<\/strong><\/p>\n<p style=\"margin-bottom: 8px; margin-top: 0px; line-height: 1.6;\"><strong>Beschaffenheit<\/strong>: cremfarbene, geruchsfreie Fl\u00fcssigkeit<\/p>\n<p style=\"margin-bottom: 8px; margin-top: 0px; line-height: 1.6;\"><strong>Dichte (20 \u00b0C)<\/strong>: 1,06 g\/ml<\/p>\n<p style=\"margin-bottom: 8px; margin-top: 0px; line-height: 1.6;\"><strong>pH-Wert (100%)<\/strong>: 7 &#8211; 9 wirksamer<\/p>\n<p style=\"margin-bottom: 8px; margin-top: 0px; line-height: 1.6;\"><strong>pH-Bereich<\/strong>: 4,5 &#8211; 8,5<\/p>\n<p style=\"margin-bottom: 8px; margin-top: 0px; line-height: 1.6;\"><strong>INHALTSSTOFFE<\/strong>: Tenside, nicht pathogene Mikroorganismen<\/p>\n<p style=\"margin-bottom: 8px; margin-top: 0px; line-height: 1.6;\"><strong>Haltbarkeit<\/strong>: mind. 18 Monate bei Lagerung im Bereich von + 5 \u00b0C bis + 30 \u00b0C<\/p>\n","protected":false},"excerpt":{"rendered":"<p>ZUR\u00a0MIKROBIELLEN\u00a0BEHANDLUNG\u00a0VON ABWASSERLEITUNGEN, FETTABSCHEIDERN\u00a0UND DUNSTABZUGSHAUBENFILTERN SMELLEX\u00ae BIOCLEAN reduziert Fett, kurz- und langkettige Fetts\u00e4uren, Proteine, Lipide und Kohlenhydrate und vermindert die Bildung von unangenehmen Ger\u00fcchen infolge anaerober biologischer Abbauprozesse, wie Schwefelwasserstoff und fl\u00fcchtige ranzig anmutende Fetts\u00e4uren. SMELLEX\u00ae BIOCLEAN vermindert deutlich sichtbar Fette und Ablagerungen. Rohre, Dunstabzugshaubenfilter und Abscheider werden von dieser umweltfreundlichen Formulierung erfahrungsgem\u00e4\u00df nicht besch\u00e4digt. SMELLEX\u00ae&#8230;<\/p>\n","protected":false},"featured_media":5934,"template":"","meta":[],"product_brand":[337],"product_cat":[354,357,375],"product_tag":[],"class_list":{"0":"post-5933","1":"product","2":"type-product","3":"status-publish","4":"has-post-thumbnail","6":"product_brand-flore-chemie","7":"product_cat-flore-chemie-produkte","8":"product_cat-hotel-und-gastronomiegewerbe","9":"product_cat-spezialprodukte-fuer-lebensmittelindustrie-kuechen-baeckereien-raeuchereien-tiefkuehlraeume-u-a","11":"first","12":"instock","13":"shipping-taxable","14":"purchasable","15":"product-type-variable","16":"has-default-attributes"},"_links":{"self":[{"href":"https:\/\/e-flore.store\/de\/wp-json\/wp\/v2\/product\/5933","targetHints":{"allow":["GET"]}}],"collection":[{"href":"https:\/\/e-flore.store\/de\/wp-json\/wp\/v2\/product"}],"about":[{"href":"https:\/\/e-flore.store\/de\/wp-json\/wp\/v2\/types\/product"}],"wp:featuredmedia":[{"embeddable":true,"href":"https:\/\/e-flore.store\/de\/wp-json\/wp\/v2\/media\/5934"}],"wp:attachment":[{"href":"https:\/\/e-flore.store\/de\/wp-json\/wp\/v2\/media?parent=5933"}],"wp:term":[{"taxonomy":"product_brand","embeddable":true,"href":"https:\/\/e-flore.store\/de\/wp-json\/wp\/v2\/product_brand?post=5933"},{"taxonomy":"product_cat","embeddable":true,"href":"https:\/\/e-flore.store\/de\/wp-json\/wp\/v2\/product_cat?post=5933"},{"taxonomy":"product_tag","embeddable":true,"href":"https:\/\/e-flore.store\/de\/wp-json\/wp\/v2\/product_tag?post=5933"}],"curies":[{"name":"wp","href":"https:\/\/api.w.org\/{rel}","templated":true}]}}