{"id":5939,"date":"2026-02-03T16:03:55","date_gmt":"2026-02-03T14:03:55","guid":{"rendered":"https:\/\/demo8.izveide.id.lv\/?post_type=product&#038;p=5939"},"modified":"2026-03-26T15:02:41","modified_gmt":"2026-03-26T13:02:41","slug":"flamil-backblechreiniger","status":"publish","type":"product","link":"https:\/\/e-flore.store\/de\/produkt\/flamil-backblechreiniger\/","title":{"rendered":"Flamil Backblechreiniger"},"content":{"rendered":"<p><img decoding=\"async\" style=\"width: 100%; height: auto; display: block;\" src=\"\/wp-content\/uploads\/2026\/01\/0524-PARENT_desc.jpg\" \/><\/p>\n<div id=\"eflore-spacer-v55\" style=\"height: 0px; clear: both; width: 100%; display: block;\"><\/div>\n<p style=\"margin-bottom: 10px; margin-top: 30px;\"><strong>MASCHINENSP\u00dcLMITTEL F\u00dcR BACKBLECHE<\/strong><\/p>\n<p style=\"margin-bottom: 10px; margin-top: 30px;\"><strong>FLAMIL\u00ae BACKBLECHREINIGER<\/strong><\/p>\n<p style=\"margin-bottom: 8px; margin-top: 0px; line-height: 1.6;\">ist ein fl\u00fcssiges, alkalisches Produkt zur Reinigung von Backblechen in Sp\u00fclautomaten. FLAMIL\u00ae BACKBLECHREINIGER mit Aluminiumschutz ist schaumarm und sorgt f\u00fcr eine starke Reinigungswirkung bei gleichzeitiger Materialschonung.<\/p>\n<p style=\"margin-bottom: 10px; margin-top: 30px;\"><strong>ANWENDUNGSBEREICHE<\/strong><\/p>\n<p style=\"margin-bottom: 8px; margin-top: 0px; line-height: 1.6;\">B\u00e4ckereibetriebe, Nahrungsmittelindustrie, Gastronomie mit Sp\u00fclautomaten f\u00fcr die Backblechreinigung.<\/p>\n<p style=\"margin-bottom: 10px; margin-top: 30px;\"><strong>VERARBEITUNGSHINWEISE<\/strong><\/p>\n<p style=\"margin-bottom: 8px; margin-top: 0px; line-height: 1.6;\">Die Maschinenvorschriften sind zu beachten. Die Anwendungskonzentration richtet sich nach der Wasserh\u00e4rte:<\/p>\n<p style=\"margin-bottom: 8px; margin-top: 0px; line-height: 1.6;\">&lt; 7\u00b0dH bis 3 g\/l<\/p>\n<p style=\"margin-bottom: 8px; margin-top: 0px; line-height: 1.6;\">&lt; 14\u00b0dH bis 5 g\/l<\/p>\n<p style=\"margin-bottom: 8px; margin-top: 0px; line-height: 1.6;\">&lt; 21\u00b0dH bis 7 g\/l<\/p>\n<p style=\"margin-bottom: 8px; margin-top: 0px; line-height: 1.6;\">&gt; 21\u00b0dH bis 9 g\/l<\/p>\n<p style=\"margin-bottom: 10px; margin-top: 30px;\"><strong>TECHNISCHE DATEN<\/strong><\/p>\n<p style=\"margin-bottom: 8px; margin-top: 0px; line-height: 1.6;\"><strong>Form<\/strong>: fl\u00fcssig<\/p>\n<p style=\"margin-bottom: 8px; margin-top: 0px; line-height: 1.6;\"><strong>Dichte (20 \u00b0C)<\/strong>: 1,22 g\/ml<\/p>\n<p style=\"margin-bottom: 8px; margin-top: 0px; line-height: 1.6;\"><strong>pH-Wert (100g\/l)<\/strong>: &gt; 14<\/p>\n<p style=\"margin-bottom: 8px; margin-top: 0px; line-height: 1.6;\"><strong>INHALTSSTOFFE<\/strong>: Phosphate, Silikate und Alkalien mit Hilfsstoffen<\/p>\n","protected":false},"excerpt":{"rendered":"<p>MASCHINENSP\u00dcLMITTEL F\u00dcR BACKBLECHE FLAMIL\u00ae BACKBLECHREINIGER ist ein fl\u00fcssiges, alkalisches Produkt zur Reinigung von Backblechen in Sp\u00fclautomaten. FLAMIL\u00ae BACKBLECHREINIGER mit Aluminiumschutz ist schaumarm und sorgt f\u00fcr eine starke Reinigungswirkung bei gleichzeitiger Materialschonung. ANWENDUNGSBEREICHE B\u00e4ckereibetriebe, Nahrungsmittelindustrie, Gastronomie mit Sp\u00fclautomaten f\u00fcr die Backblechreinigung. VERARBEITUNGSHINWEISE Die Maschinenvorschriften sind zu beachten. Die Anwendungskonzentration richtet sich nach der Wasserh\u00e4rte: &lt; 7\u00b0dH&#8230;<\/p>\n","protected":false},"featured_media":5940,"template":"","meta":[],"product_brand":[337],"product_cat":[354,357,375],"product_tag":[],"class_list":{"0":"post-5939","1":"product","2":"type-product","3":"status-publish","4":"has-post-thumbnail","6":"product_brand-flore-chemie","7":"product_cat-flore-chemie-produkte","8":"product_cat-hotel-und-gastronomiegewerbe","9":"product_cat-spezialprodukte-fuer-lebensmittelindustrie-kuechen-baeckereien-raeuchereien-tiefkuehlraeume-u-a","11":"first","12":"instock","13":"shipping-taxable","14":"purchasable","15":"product-type-variable","16":"has-default-attributes"},"_links":{"self":[{"href":"https:\/\/e-flore.store\/de\/wp-json\/wp\/v2\/product\/5939","targetHints":{"allow":["GET"]}}],"collection":[{"href":"https:\/\/e-flore.store\/de\/wp-json\/wp\/v2\/product"}],"about":[{"href":"https:\/\/e-flore.store\/de\/wp-json\/wp\/v2\/types\/product"}],"wp:featuredmedia":[{"embeddable":true,"href":"https:\/\/e-flore.store\/de\/wp-json\/wp\/v2\/media\/5940"}],"wp:attachment":[{"href":"https:\/\/e-flore.store\/de\/wp-json\/wp\/v2\/media?parent=5939"}],"wp:term":[{"taxonomy":"product_brand","embeddable":true,"href":"https:\/\/e-flore.store\/de\/wp-json\/wp\/v2\/product_brand?post=5939"},{"taxonomy":"product_cat","embeddable":true,"href":"https:\/\/e-flore.store\/de\/wp-json\/wp\/v2\/product_cat?post=5939"},{"taxonomy":"product_tag","embeddable":true,"href":"https:\/\/e-flore.store\/de\/wp-json\/wp\/v2\/product_tag?post=5939"}],"curies":[{"name":"wp","href":"https:\/\/api.w.org\/{rel}","templated":true}]}}