{"id":5958,"date":"2026-02-03T16:03:58","date_gmt":"2026-02-03T14:03:58","guid":{"rendered":"https:\/\/demo8.izveide.id.lv\/?post_type=product&#038;p=5958"},"modified":"2026-02-18T15:53:05","modified_gmt":"2026-02-18T13:53:05","slug":"perfekt","status":"publish","type":"product","link":"https:\/\/e-flore.store\/de\/produkt\/perfekt\/","title":{"rendered":"Perfekt"},"content":{"rendered":"<p><img decoding=\"async\" class=\"alignnone size-full wp-image-2140\" style=\"width: 100%; height: auto; display: block;\" src=\"\/wp-content\/uploads\/2026\/01\/0152-PARENT_desc.jpg\" alt=\"0152-PARENT\" width=\"100%\" srcset=\"https:\/\/e-flore.store\/wp-content\/uploads\/2026\/01\/0152-PARENT_desc.jpg 958w, https:\/\/e-flore.store\/wp-content\/uploads\/2026\/01\/0152-PARENT_desc-600x433.jpg 600w, https:\/\/e-flore.store\/wp-content\/uploads\/2026\/01\/0152-PARENT_desc-300x217.jpg 300w\" sizes=\"(max-width: 958px) 100vw, 958px\" \/><\/p>\n<div id=\"eflore-spacer-v55\" style=\"height: 0px; clear: both; width: 100%; display: block;\"><\/div>\n<p style=\"margin-bottom: 10px; margin-top: 30px;\"><strong>HANDWASCHSEIFE<\/strong><\/p>\n<p style=\"margin-bottom: 10px; margin-top: 30px;\"><strong>PERFEKT<\/strong><\/p>\n<p style=\"margin-bottom: 8px; margin-top: 0px; line-height: 1.6;\">ist hervorragend geeignet zur Entfernung hartn\u00e4ckiger Verschmutzungen wie \u00d6l, Fett, Ru\u00df, Tinte, Farbe etc. PERFEKT duftet angenehm frisch und enth\u00e4lt hautpflegende Zus\u00e4tze, die r\u00fcckfettend wirken und die Haut geschmeidig halten. Da PERFEKT keinen Sand enth\u00e4lt, entsteht keine Verstopfung von Abflusssystemen.<\/p>\n<p style=\"margin-bottom: 10px; margin-top: 30px;\"><strong>ANWENDUNGSBEREICHE<\/strong><\/p>\n<p style=\"margin-bottom: 8px; margin-top: 0px; line-height: 1.6;\">Werkst\u00e4tten, Druckereien, Gro\u00dfbetriebe, Hotel- und Gastst\u00e4ttengewerbe, Krankenh\u00e4user etc. Weiterf\u00fchrende Produkteigenschaften sind im online zur Verf\u00fcgung stehenden Sicherheitsdatenblatt zu finden.<\/p>\n<p style=\"margin-bottom: 10px; margin-top: 30px;\"><strong>VERARBEITUNGSHINWEISE<\/strong><\/p>\n<p style=\"margin-bottom: 8px; margin-top: 0px; line-height: 1.6;\">PERFEKT fl\u00fcssig vor Verwendung gut aufr\u00fchren, 0,5 ml Produkt (etwa haselnussgro\u00dfe Menge) in die trockene Haut einmassieren und gel\u00f6sten Schmutz mit Lappen oder Wasser entfernen. F\u00fcr PERFEKT fl\u00fcssig eignen sich alle Fl\u00fcssigseifenspender aus unserem Programm.<\/p>\n<p style=\"margin-bottom: 10px; margin-top: 30px;\"><strong>WEITERE HINWEISE<\/strong><\/p>\n<p style=\"margin-bottom: 8px; margin-top: 0px; line-height: 1.6;\">Sollte das Produkt nach l\u00e4ngerer Standzeit eine gelblichbeige F\u00e4rbung aufweisen, stellt dies keine Qualit\u00e4tsbeeintr\u00e4chtigung dar. Die fl\u00fcssigen Bestandteile der Paste k\u00f6nnen sich bei l\u00e4ngerer Standzeit abtrennen. Vor Verwendung kurz aufr\u00fchren. Zum Erhalt der Produkteigenschaften PERFEKT frostfrei lagern.<\/p>\n<p style=\"margin-bottom: 10px; margin-top: 30px;\"><strong>TECHNISCHE DATEN<\/strong><\/p>\n<p style=\"margin-bottom: 8px; margin-top: 0px; line-height: 1.6;\"><strong>Form<\/strong>: fl\u00fcssig<\/p>\n<p style=\"margin-bottom: 8px; margin-top: 0px; line-height: 1.6;\"><strong>Dichte (20 \u00b0C)<\/strong>: ca. 0,84 g\/ml<\/p>\n<p style=\"margin-bottom: 8px; margin-top: 0px; line-height: 1.6;\"><strong>pH-Wert (10 %ig)<\/strong>: 7<\/p>\n<p style=\"margin-bottom: 8px; margin-top: 0px; line-height: 1.6;\"><strong>INHALTSSTOFFE NACH INCI<\/strong>: Aqua, Sodium c12-c18 Alkyl Sulfate, Sodium c13-c17 Alkane Sulfonate, Coconut Acid, Cocamidopropyl Betaine, Polyethylene, Cellulose Gum, Citrus Dulcis, Limonene, Parfum, Benzyl Alcohol, Ppg-2 Methylether, 2-Bromo-2- Nitropropane-1,3-Diol, Deceth-8, Iodo-Propynyl Butylcarbamate, CI 45350, CI 42090<\/p>\n","protected":false},"excerpt":{"rendered":"<p>HANDWASCHSEIFE PERFEKT ist hervorragend geeignet zur Entfernung hartn\u00e4ckiger Verschmutzungen wie \u00d6l, Fett, Ru\u00df, Tinte, Farbe etc. PERFEKT duftet angenehm frisch und enth\u00e4lt hautpflegende Zus\u00e4tze, die r\u00fcckfettend wirken und die Haut geschmeidig halten. Da PERFEKT keinen Sand enth\u00e4lt, entsteht keine Verstopfung von Abflusssystemen. ANWENDUNGSBEREICHE Werkst\u00e4tten, Druckereien, Gro\u00dfbetriebe, Hotel- und Gastst\u00e4ttengewerbe, Krankenh\u00e4user etc. Weiterf\u00fchrende Produkteigenschaften sind im&#8230;<\/p>\n","protected":false},"featured_media":5959,"template":"","meta":[],"product_brand":[337],"product_cat":[354,357,372],"product_tag":[],"class_list":{"0":"post-5958","1":"product","2":"type-product","3":"status-publish","4":"has-post-thumbnail","6":"product_brand-flore-chemie","7":"product_cat-flore-chemie-produkte","8":"product_cat-hotel-und-gastronomiegewerbe","9":"product_cat-hautreinigung-hautschutz-und-hautpflege","11":"first","12":"instock","13":"shipping-taxable","14":"purchasable","15":"product-type-simple"},"_links":{"self":[{"href":"https:\/\/e-flore.store\/de\/wp-json\/wp\/v2\/product\/5958","targetHints":{"allow":["GET"]}}],"collection":[{"href":"https:\/\/e-flore.store\/de\/wp-json\/wp\/v2\/product"}],"about":[{"href":"https:\/\/e-flore.store\/de\/wp-json\/wp\/v2\/types\/product"}],"wp:featuredmedia":[{"embeddable":true,"href":"https:\/\/e-flore.store\/de\/wp-json\/wp\/v2\/media\/5959"}],"wp:attachment":[{"href":"https:\/\/e-flore.store\/de\/wp-json\/wp\/v2\/media?parent=5958"}],"wp:term":[{"taxonomy":"product_brand","embeddable":true,"href":"https:\/\/e-flore.store\/de\/wp-json\/wp\/v2\/product_brand?post=5958"},{"taxonomy":"product_cat","embeddable":true,"href":"https:\/\/e-flore.store\/de\/wp-json\/wp\/v2\/product_cat?post=5958"},{"taxonomy":"product_tag","embeddable":true,"href":"https:\/\/e-flore.store\/de\/wp-json\/wp\/v2\/product_tag?post=5958"}],"curies":[{"name":"wp","href":"https:\/\/api.w.org\/{rel}","templated":true}]}}