{"id":5960,"date":"2026-02-03T16:03:58","date_gmt":"2026-02-03T14:03:58","guid":{"rendered":"https:\/\/demo8.izveide.id.lv\/?post_type=product&#038;p=5960"},"modified":"2026-02-18T15:52:40","modified_gmt":"2026-02-18T13:52:40","slug":"florin-hsc","status":"publish","type":"product","link":"https:\/\/e-flore.store\/de\/produkt\/florin-hsc\/","title":{"rendered":"Florin HSC"},"content":{"rendered":"<p><img decoding=\"async\" style=\"width: 100%; height: auto; display: block;\" src=\"\/wp-content\/uploads\/2026\/01\/189-PARENT_desc.jpg\" \/><\/p>\n<div id=\"eflore-spacer-v55\" style=\"height: 0px; clear: both; width: 100%; display: block;\"><\/div>\n<p style=\"margin-bottom: 10px; margin-top: 30px;\"><strong>HANDSCHUTZCREME<\/strong><\/p>\n<p style=\"margin-bottom: 10px; margin-top: 30px;\"><strong>FLORIN\u00ae HSC<\/strong><\/p>\n<p style=\"margin-bottom: 8px; margin-top: 0px; line-height: 1.6;\">bietet Schutz gegen S\u00e4uren, Laugen, alkalische Entfettungs- und Abbeizmittel, Zement, Kalk, D\u00fcngemittel, Waschlaugen, Desinfektionsmittel, Tinte, Tusche, L\u00f6semittel, Fette, \u00d6le, mechanische Einwirkungen von Glas- oder Mineralwolle, Ber\u00fchrungsallergien etc. FLORIN\u00ae HSC bietet mehrst\u00fcndigen Schutz vor Aufquellen, Austrocknen und Hautreizungen, wirkt schmutzabweisend.<\/p>\n<p style=\"margin-bottom: 10px; margin-top: 30px;\"><strong>ANWENDUNGSBEREICHE<\/strong><\/p>\n<p style=\"margin-bottom: 8px; margin-top: 0px; line-height: 1.6;\">FLORIN\u00ae HSC ist geeignet f\u00fcr den Einsatz in Industrie, Handwerk und K\u00fcche.<\/p>\n<p style=\"margin-bottom: 10px; margin-top: 30px;\"><strong>VERARBEITUNGSHINWEISE<\/strong><\/p>\n<p style=\"margin-bottom: 8px; margin-top: 0px; line-height: 1.6;\">Eine walnussgro\u00dfe Menge\u00a0Creme in die trockenen H\u00e4nde einreiben.<\/p>\n<p style=\"margin-bottom: 10px; margin-top: 30px;\"><strong>TECHNISCHE DATEN<\/strong><\/p>\n<p style=\"margin-bottom: 8px; margin-top: 0px; line-height: 1.6;\"><strong>Form<\/strong>: Creme<\/p>\n<p style=\"margin-bottom: 8px; margin-top: 0px; line-height: 1.6;\"><strong>Dichte (20 \u00b0C)<\/strong>: ca. 0,92 g\/ml<\/p>\n<p style=\"margin-bottom: 8px; margin-top: 0px; line-height: 1.6;\"><strong>pH-Wert<\/strong>: ca. 8,5<\/p>\n<p style=\"margin-bottom: 8px; margin-top: 0px; line-height: 1.6;\"><strong>INHALTSSTOFFE NACH INCI<\/strong>: AQUA, STEARIC ACID, ETHYLHEXYL PALMITATE, SODIUM LAURYL SULFATE\/SODIUM MYRISTYL SULFATE\/SODIUM CETYL SULFATE\/ LAURETH-10\/SODIUM STEARYL SULFATE, MYRISTIC ACID, MINERALOIL, ETHANOLAMINE, AMINOMETHYL PROPANOL, PROPYLENE GLYCOL, SORBITAN TRIOLEATE, GLYCERIN, COCOAMIDE MEA<\/p>\n","protected":false},"excerpt":{"rendered":"<p>HANDSCHUTZCREME FLORIN\u00ae HSC bietet Schutz gegen S\u00e4uren, Laugen, alkalische Entfettungs- und Abbeizmittel, Zement, Kalk, D\u00fcngemittel, Waschlaugen, Desinfektionsmittel, Tinte, Tusche, L\u00f6semittel, Fette, \u00d6le, mechanische Einwirkungen von Glas- oder Mineralwolle, Ber\u00fchrungsallergien etc. FLORIN\u00ae HSC bietet mehrst\u00fcndigen Schutz vor Aufquellen, Austrocknen und Hautreizungen, wirkt schmutzabweisend. ANWENDUNGSBEREICHE FLORIN\u00ae HSC ist geeignet f\u00fcr den Einsatz in Industrie, Handwerk und K\u00fcche&#8230;.<\/p>\n","protected":false},"featured_media":5961,"template":"","meta":[],"product_brand":[337],"product_cat":[354,357,372],"product_tag":[],"class_list":{"0":"post-5960","1":"product","2":"type-product","3":"status-publish","4":"has-post-thumbnail","6":"product_brand-flore-chemie","7":"product_cat-flore-chemie-produkte","8":"product_cat-hotel-und-gastronomiegewerbe","9":"product_cat-hautreinigung-hautschutz-und-hautpflege","11":"first","12":"instock","13":"shipping-taxable","14":"purchasable","15":"product-type-variable","16":"has-default-attributes"},"_links":{"self":[{"href":"https:\/\/e-flore.store\/de\/wp-json\/wp\/v2\/product\/5960","targetHints":{"allow":["GET"]}}],"collection":[{"href":"https:\/\/e-flore.store\/de\/wp-json\/wp\/v2\/product"}],"about":[{"href":"https:\/\/e-flore.store\/de\/wp-json\/wp\/v2\/types\/product"}],"wp:featuredmedia":[{"embeddable":true,"href":"https:\/\/e-flore.store\/de\/wp-json\/wp\/v2\/media\/5961"}],"wp:attachment":[{"href":"https:\/\/e-flore.store\/de\/wp-json\/wp\/v2\/media?parent=5960"}],"wp:term":[{"taxonomy":"product_brand","embeddable":true,"href":"https:\/\/e-flore.store\/de\/wp-json\/wp\/v2\/product_brand?post=5960"},{"taxonomy":"product_cat","embeddable":true,"href":"https:\/\/e-flore.store\/de\/wp-json\/wp\/v2\/product_cat?post=5960"},{"taxonomy":"product_tag","embeddable":true,"href":"https:\/\/e-flore.store\/de\/wp-json\/wp\/v2\/product_tag?post=5960"}],"curies":[{"name":"wp","href":"https:\/\/api.w.org\/{rel}","templated":true}]}}