{"id":5964,"date":"2026-02-03T16:03:58","date_gmt":"2026-02-03T14:03:58","guid":{"rendered":"https:\/\/demo8.izveide.id.lv\/?post_type=product&#038;p=5964"},"modified":"2026-03-26T15:02:12","modified_gmt":"2026-03-26T13:02:12","slug":"florin-hautpflege-liquid","status":"publish","type":"product","link":"https:\/\/e-flore.store\/de\/produkt\/florin-hautpflege-liquid\/","title":{"rendered":"Florin Hautpflege Liquid"},"content":{"rendered":"<p><img decoding=\"async\" style=\"width: 100%; height: auto; display: block;\" src=\"\/wp-content\/uploads\/2026\/01\/0506-PARENT_desc.jpg\" \/><\/p>\n<div id=\"eflore-spacer-v55\" style=\"height: 0px; clear: both; width: 100%; display: block;\"><\/div>\n<p style=\"margin-bottom: 10px; margin-top: 30px;\"><strong>MILDE, PFLEGENDE FEUCHTIGKEITSCREME MIT HAUTSCHUTZKOMPONENTEN<\/strong><\/p>\n<p style=\"margin-bottom: 10px; margin-top: 30px;\"><strong>FLORIN\u00ae HAUTPFLEGE LIQUID<\/strong><\/p>\n<p style=\"margin-bottom: 8px; margin-top: 0px; line-height: 1.6;\">ist eine universell anwendbare Creme mit revitalisierenden und beruhigenden Hautschutzund Pflegekomponenten sowie speziellen Zus\u00e4tzen, die den Feuchtigkeitsgehalt der Haut regulieren und Feuchtigkeit speichern. Das Produkt eignet sich daher auch hervorragend als Pflegelotion nach dem Duschen. FLORIN\u00ae HAUTPFLEGE LIQUID ist hautneutral, beruhigt, pflegt und sch\u00fctzt die Haut nach Reizungen, starken Beanspruchungen und Kontakt mit \u00d6len, Bohr- und Schneidemulsionen, Desinfektionsmitteln, S\u00e4uren, Laugen, Entfettern, Abbeizmitteln, Zement, Kalk usw. und ist daher als Erg\u00e4nzung zum Hautschutz nach der Arbeit zu verwenden.<\/p>\n<p style=\"margin-bottom: 10px; margin-top: 30px;\"><strong>ANWENDUNGSBEREICHE<\/strong><\/p>\n<p style=\"margin-bottom: 8px; margin-top: 0px; line-height: 1.6;\">Zur universellen Hautpflege nach Beendigung der Arbeit in Industrie und B\u00fcro.<\/p>\n<p style=\"margin-bottom: 10px; margin-top: 30px;\"><strong>WEITERER HINWEIS<\/strong><\/p>\n<p style=\"margin-bottom: 8px; margin-top: 0px; line-height: 1.6;\">Zum Erhalt der Produkteigenschaften FLORIN\u00ae HAUTPFLEGE LIQUID frostfrei lagern. Enth\u00e4lt 5 % UREA.<\/p>\n<p style=\"margin-bottom: 10px; margin-top: 30px;\"><strong>VERARBEITUNGSHINWEISE<\/strong><\/p>\n<p style=\"margin-bottom: 8px; margin-top: 0px; line-height: 1.6;\">Nach der Arbeit und nach jeder Handreinigung eine geringe Menge auf den trockenen H\u00e4nden oder anderen beanspruchten Hautstellen verteilen und einziehen lassen.<\/p>\n<p style=\"margin-bottom: 8px; margin-top: 0px; line-height: 1.6;\"><strong>INHALTSSTOFFE NACH INCI<\/strong>: Aqua, Cetylstearylalkohol, Octyldodecanol, Urea, Diethylhexylcyclohexane, Glycerin, Xanthan gum, Chamomilla Recutita Extrakt, Parfum, Phenylethyl Alcohol<\/p>\n","protected":false},"excerpt":{"rendered":"<p>MILDE, PFLEGENDE FEUCHTIGKEITSCREME MIT HAUTSCHUTZKOMPONENTEN FLORIN\u00ae HAUTPFLEGE LIQUID ist eine universell anwendbare Creme mit revitalisierenden und beruhigenden Hautschutzund Pflegekomponenten sowie speziellen Zus\u00e4tzen, die den Feuchtigkeitsgehalt der Haut regulieren und Feuchtigkeit speichern. Das Produkt eignet sich daher auch hervorragend als Pflegelotion nach dem Duschen. FLORIN\u00ae HAUTPFLEGE LIQUID ist hautneutral, beruhigt, pflegt und sch\u00fctzt die Haut nach&#8230;<\/p>\n","protected":false},"featured_media":5965,"template":"","meta":[],"product_brand":[337],"product_cat":[354,357,372],"product_tag":[],"class_list":{"0":"post-5964","1":"product","2":"type-product","3":"status-publish","4":"has-post-thumbnail","6":"product_brand-flore-chemie","7":"product_cat-flore-chemie-produkte","8":"product_cat-hotel-und-gastronomiegewerbe","9":"product_cat-hautreinigung-hautschutz-und-hautpflege","11":"first","12":"instock","13":"shipping-taxable","14":"purchasable","15":"product-type-variable","16":"has-default-attributes"},"_links":{"self":[{"href":"https:\/\/e-flore.store\/de\/wp-json\/wp\/v2\/product\/5964","targetHints":{"allow":["GET"]}}],"collection":[{"href":"https:\/\/e-flore.store\/de\/wp-json\/wp\/v2\/product"}],"about":[{"href":"https:\/\/e-flore.store\/de\/wp-json\/wp\/v2\/types\/product"}],"wp:featuredmedia":[{"embeddable":true,"href":"https:\/\/e-flore.store\/de\/wp-json\/wp\/v2\/media\/5965"}],"wp:attachment":[{"href":"https:\/\/e-flore.store\/de\/wp-json\/wp\/v2\/media?parent=5964"}],"wp:term":[{"taxonomy":"product_brand","embeddable":true,"href":"https:\/\/e-flore.store\/de\/wp-json\/wp\/v2\/product_brand?post=5964"},{"taxonomy":"product_cat","embeddable":true,"href":"https:\/\/e-flore.store\/de\/wp-json\/wp\/v2\/product_cat?post=5964"},{"taxonomy":"product_tag","embeddable":true,"href":"https:\/\/e-flore.store\/de\/wp-json\/wp\/v2\/product_tag?post=5964"}],"curies":[{"name":"wp","href":"https:\/\/api.w.org\/{rel}","templated":true}]}}