{"id":5968,"date":"2026-02-03T16:03:59","date_gmt":"2026-02-03T14:03:59","guid":{"rendered":"https:\/\/demo8.izveide.id.lv\/?post_type=product&#038;p=5968"},"modified":"2026-03-26T15:02:03","modified_gmt":"2026-03-26T13:02:03","slug":"fluesan-perlmutt","status":"publish","type":"product","link":"https:\/\/e-flore.store\/de\/produkt\/fluesan-perlmutt\/","title":{"rendered":"Fl\u00fcsan Perlmutt"},"content":{"rendered":"<p><img decoding=\"async\" style=\"width: 100%; height: auto; display: block;\" src=\"\/wp-content\/uploads\/2026\/01\/0193-PARENT_desc.jpg\" \/><\/p>\n<div id=\"eflore-spacer-v55\" style=\"height: 0px; clear: both; width: 100%; display: block;\"><\/div>\n<p style=\"margin-bottom: 10px; margin-top: 30px;\"><strong>HOCHKONZENTRIERTE MILDE WASCHLOTION F<\/strong>\u00dc<strong>R K<\/strong>\u00d6<strong>RPER UND HAARE<\/strong><\/p>\n<p style=\"margin-bottom: 10px; margin-top: 30px;\"><strong>FL\u00dcSAN\u00ae PERLMUTT<\/strong><\/p>\n<p style=\"margin-bottom: 8px; margin-top: 0px; line-height: 1.6;\">ist eine milde und pH-neutrale Waschlotion mit optimaler Wirkstoffkombination. Sie ist zur schonenden Reinigung des gesamten K\u00f6rpers und der Haare geeignet. FL\u00dcSAN\u00ae PERLMUTT reinigt porentief, ist \u00e4u\u00dferst hautvertr\u00e4glich, sparsam im Verbrauch, klinisch getestet und besitzt einen angenehmen Duft.<\/p>\n<p style=\"margin-bottom: 10px; margin-top: 30px;\"><strong>ANWENDUNGSBEREICHE<\/strong><\/p>\n<p style=\"margin-bottom: 8px; margin-top: 0px; line-height: 1.6;\">Fl\u00fcssigseife, Duschbad.<\/p>\n<p style=\"margin-bottom: 10px; margin-top: 30px;\"><strong>VERARBEITUNGSHINWEISE<\/strong><\/p>\n<p style=\"margin-bottom: 8px; margin-top: 0px; line-height: 1.6;\">FL\u00dcSAN\u00ae PERLMUTT mit etwas Wasser aufsch\u00e4umen, anschlie\u00dfend mit Wasser absp\u00fclen.<\/p>\n<p style=\"margin-bottom: 10px; margin-top: 30px;\"><strong>WEITERE HINWEISE<\/strong><\/p>\n<p style=\"margin-bottom: 8px; margin-top: 0px; line-height: 1.6;\">Zur optimalen Dosierung eignen sich alle Fl\u00fcssigseifenspender aus unserem Lieferprogramm. Zum Erhalt der Produkteigenschaften FL\u00dcSAN\u00ae PERLMUTT frostfrei lagern.<\/p>\n<p style=\"margin-bottom: 10px; margin-top: 30px;\"><strong>TECHNISCHE DATEN<\/strong><\/p>\n<p style=\"margin-bottom: 8px; margin-top: 0px; line-height: 1.6;\"><strong>Form<\/strong>: fl\u00fcssig, viskos<\/p>\n<p style=\"margin-bottom: 8px; margin-top: 0px; line-height: 1.6;\"><strong>Dichte (20 \u00b0C)<\/strong>: 1,05 g\/ml<\/p>\n<p style=\"margin-bottom: 8px; margin-top: 0px; line-height: 1.6;\"><strong>pH-Wert (1%ig)<\/strong>: 5,8 &#8211; 6,6<\/p>\n<p style=\"margin-bottom: 8px; margin-top: 0px; line-height: 1.6;\"><strong>INHALTSSTOFFE NACH INCI<\/strong>: WATER, SODIUM LAURETH SULFATE, DECYL POLYGLUCOSE, COCAMIDE DEA, CITRIC ACID, SODIUM CHLORIDE, GLYCOL DISTEARATE, LAURETH 4, COCAMIDOPROPYL BETAINE, PERFUME, COLOR, 5-CHLORO-2- METHYL-4-ISOTHIAZOLIN-3-ON<\/p>\n","protected":false},"excerpt":{"rendered":"<p>HOCHKONZENTRIERTE MILDE WASCHLOTION F\u00dcR K\u00d6RPER UND HAARE FL\u00dcSAN\u00ae PERLMUTT ist eine milde und pH-neutrale Waschlotion mit optimaler Wirkstoffkombination. Sie ist zur schonenden Reinigung des gesamten K\u00f6rpers und der Haare geeignet. FL\u00dcSAN\u00ae PERLMUTT reinigt porentief, ist \u00e4u\u00dferst hautvertr\u00e4glich, sparsam im Verbrauch, klinisch getestet und besitzt einen angenehmen Duft. ANWENDUNGSBEREICHE Fl\u00fcssigseife, Duschbad. VERARBEITUNGSHINWEISE FL\u00dcSAN\u00ae PERLMUTT mit etwas&#8230;<\/p>\n","protected":false},"featured_media":5969,"template":"","meta":[],"product_brand":[337],"product_cat":[354,357,372],"product_tag":[],"class_list":{"0":"post-5968","1":"product","2":"type-product","3":"status-publish","4":"has-post-thumbnail","6":"product_brand-flore-chemie","7":"product_cat-flore-chemie-produkte","8":"product_cat-hotel-und-gastronomiegewerbe","9":"product_cat-hautreinigung-hautschutz-und-hautpflege","11":"first","12":"instock","13":"shipping-taxable","14":"purchasable","15":"product-type-variable","16":"has-default-attributes"},"_links":{"self":[{"href":"https:\/\/e-flore.store\/de\/wp-json\/wp\/v2\/product\/5968","targetHints":{"allow":["GET"]}}],"collection":[{"href":"https:\/\/e-flore.store\/de\/wp-json\/wp\/v2\/product"}],"about":[{"href":"https:\/\/e-flore.store\/de\/wp-json\/wp\/v2\/types\/product"}],"wp:featuredmedia":[{"embeddable":true,"href":"https:\/\/e-flore.store\/de\/wp-json\/wp\/v2\/media\/5969"}],"wp:attachment":[{"href":"https:\/\/e-flore.store\/de\/wp-json\/wp\/v2\/media?parent=5968"}],"wp:term":[{"taxonomy":"product_brand","embeddable":true,"href":"https:\/\/e-flore.store\/de\/wp-json\/wp\/v2\/product_brand?post=5968"},{"taxonomy":"product_cat","embeddable":true,"href":"https:\/\/e-flore.store\/de\/wp-json\/wp\/v2\/product_cat?post=5968"},{"taxonomy":"product_tag","embeddable":true,"href":"https:\/\/e-flore.store\/de\/wp-json\/wp\/v2\/product_tag?post=5968"}],"curies":[{"name":"wp","href":"https:\/\/api.w.org\/{rel}","templated":true}]}}