{"id":5974,"date":"2026-02-03T16:04:00","date_gmt":"2026-02-03T14:04:00","guid":{"rendered":"https:\/\/demo8.izveide.id.lv\/?post_type=product&#038;p=5974"},"modified":"2026-03-26T15:01:57","modified_gmt":"2026-03-26T13:01:57","slug":"flore-sept-plus","status":"publish","type":"product","link":"https:\/\/e-flore.store\/de\/produkt\/flore-sept-plus\/","title":{"rendered":"Flore Sept Plus"},"content":{"rendered":"<p><img decoding=\"async\" style=\"width: 100%; height: auto; display: block;\" src=\"\/wp-content\/uploads\/2026\/01\/0112-PARENT_desc.jpg\" \/><\/p>\n<div id=\"eflore-spacer-v55\" style=\"height: 0px; clear: both; width: 100%; display: block;\"><\/div>\n<p style=\"margin-bottom: 10px; margin-top: 30px;\"><strong>DESINFEKTIONS-REINIGER<\/strong><\/p>\n<p style=\"margin-bottom: 10px; margin-top: 30px;\"><strong>FLORE SEPT\u00ae PLUS<\/strong><\/p>\n<p style=\"margin-bottom: 8px; margin-top: 0px; line-height: 1.6;\">reinigt und desinfiziert in einem Arbeitsgang, ist frei von Aldehyden, L\u00f6sungsmitteln, AOX und NTA. Die Anwendung von FLORE SEPT\u00ae PLUS hat keine Geschmacks- oder Geruchsbeeintr\u00e4chtigungen zur Folge. FLORE SEPT\u00ae Plus wird sowohl zur Hospitalismusprophylaxe wie auch in der lebensmittelverarbeitenden Industrie eingesetzt. FLORE SEPT\u00ae PLUS ist gelistet bei der VAH.<\/p>\n<p style=\"margin-bottom: 10px; margin-top: 30px;\"><strong>ANWENDUNGSBEREICHE<\/strong><\/p>\n<p style=\"margin-bottom: 8px; margin-top: 0px; line-height: 1.6;\">alle abwaschbaren Oberfl\u00e4chen, auch Holz (gem. VAH-Richtlinien), K\u00fcchenger\u00e4te wie z.B.: Eisw\u00fcrfelbereiter, Crush-Ice Maschinen.<\/p>\n<p style=\"margin-bottom: 10px; margin-top: 30px;\"><strong>VERARBEITUNGSHINWEISE<\/strong><\/p>\n<p style=\"margin-bottom: 8px; margin-top: 0px; line-height: 1.6;\">Die Einwirkzeit richtet sich nach dem Einsatzbereich:<\/p>\n<p style=\"margin-bottom: 8px; margin-top: 0px; line-height: 1.6;\">VAH:<\/p>\n<table style=\"width: 100%; border-collapse: collapse; margin-bottom: 8px;\">\n<tbody>\n<tr>\n<td style=\"padding: 8px; border: 1px solid #ddd;\">4 % Einwirkzeit<\/td>\n<td style=\"padding: 8px; border: 1px solid #ddd;\">5 min<\/td>\n<\/tr>\n<tr>\n<td style=\"padding: 8px; border: 1px solid #ddd;\">2 % Einwirkzeit<\/td>\n<td style=\"padding: 8px; border: 1px solid #ddd;\">15 (30) min<\/td>\n<\/tr>\n<tr>\n<td style=\"padding: 8px; border: 1px solid #ddd;\">1 % Einwirkzeit<\/td>\n<td style=\"padding: 8px; border: 1px solid #ddd;\">60 (240) min<\/td>\n<\/tr>\n<\/tbody>\n<\/table>\n<p style=\"margin-bottom: 8px; margin-top: 0px; line-height: 1.6;\">Fl\u00e4chendesinfektion bei Kontamination mit Salmonellen:<\/p>\n<table style=\"width: 100%; border-collapse: collapse; margin-bottom: 8px;\">\n<tbody>\n<tr>\n<td style=\"padding: 8px; border: 1px solid #ddd;\">0,25 % Einwirkzeit<\/td>\n<td style=\"padding: 8px; border: 1px solid #ddd;\">5 min<\/td>\n<\/tr>\n<tr>\n<td style=\"padding: 8px; border: 1px solid #ddd;\">0,05 % Einwirkzeit<\/td>\n<td style=\"padding: 8px; border: 1px solid #ddd;\">15 min<\/td>\n<\/tr>\n<\/tbody>\n<\/table>\n<p style=\"margin-bottom: 8px; margin-top: 0px; line-height: 1.6;\">Hepatitis-B:<\/p>\n<p style=\"margin-bottom: 8px; margin-top: 0px; line-height: 1.6;\">geringe organische Belastung:<\/p>\n<table style=\"width: 100%; border-collapse: collapse; margin-bottom: 8px;\">\n<tbody>\n<tr>\n<td style=\"padding: 8px; border: 1px solid #ddd;\">4 % Einwirkzeit<\/td>\n<td style=\"padding: 8px; border: 1px solid #ddd;\">60 min<\/td>\n<\/tr>\n<\/tbody>\n<\/table>\n<p style=\"margin-bottom: 8px; margin-top: 0px; line-height: 1.6;\">hohe organische Belastung:<\/p>\n<table style=\"width: 100%; border-collapse: collapse; margin-bottom: 8px;\">\n<tbody>\n<tr>\n<td style=\"padding: 8px; border: 1px solid #ddd;\">4 % Einwirkzeit<\/td>\n<td style=\"padding: 8px; border: 1px solid #ddd;\">60 min<\/td>\n<\/tr>\n<\/tbody>\n<\/table>\n<p style=\"margin-bottom: 8px; margin-top: 0px; line-height: 1.6;\">Behandelte Fl\u00e4chen stets mit Trinkwasser nachsp\u00fclen!<\/p>\n<p style=\"margin-bottom: 10px; margin-top: 30px;\"><strong>WEITERE HINWEISE<\/strong><\/p>\n<p style=\"margin-bottom: 8px; margin-top: 0px; line-height: 1.6;\">Bei starken Verschmutzungen ist vor der Anwendung von FLORE SEPT\u00ae PLUS eine Grundreinigung durchzuf\u00fchren. Direkter Kontakt mit Lebensmitteln und lebensmittelf\u00fchrenden Fl\u00e4chen und Gegenst\u00e4nden ist zu vermeiden! Vor dem Einsatz auf nicht genannten Materialien Vortest an verdeckter Stelle durchf\u00fchren. Zum Erhalt der Produkteigenschaften FLORE SEPT\u00ae PLUS frostfrei lagern.<\/p>\n<p style=\"margin-bottom: 10px; margin-top: 30px;\"><strong>TECHNICAL DATA<\/strong><\/p>\n<p style=\"margin-bottom: 8px; margin-top: 0px; line-height: 1.6;\"><strong>Form:<\/strong> liquid<\/p>\n<p style=\"margin-bottom: 8px; margin-top: 0px; line-height: 1.6;\"><strong>Density (20 \u00b0C):<\/strong> approx. 1.06 g\/ml<\/p>\n<p style=\"margin-bottom: 8px; margin-top: 0px; line-height: 1.6;\"><strong>pH-value:<\/strong> 10.8 \u2013 11.6<\/p>\n<p style=\"margin-bottom: 8px; margin-top: 0px; line-height: 1.6;\"><strong>INHALTSSTOFFE:<\/strong> quart\u00e4re Ammoniumverbindungen, \u2265 5 % &#8211; &lt; 15 % nichtionische Tenside, Amine, Alkohole und Hilfsstoffe<\/p>\n","protected":false},"excerpt":{"rendered":"<p>DESINFEKTIONS-REINIGER FLORE SEPT\u00ae PLUS reinigt und desinfiziert in einem Arbeitsgang, ist frei von Aldehyden, L\u00f6sungsmitteln, AOX und NTA. Die Anwendung von FLORE SEPT\u00ae PLUS hat keine Geschmacks- oder Geruchsbeeintr\u00e4chtigungen zur Folge. FLORE SEPT\u00ae Plus wird sowohl zur Hospitalismusprophylaxe wie auch in der lebensmittelverarbeitenden Industrie eingesetzt. FLORE SEPT\u00ae PLUS ist gelistet bei der VAH. ANWENDUNGSBEREICHE alle&#8230;<\/p>\n","protected":false},"featured_media":5975,"template":"","meta":[],"product_brand":[337],"product_cat":[354,357,369],"product_tag":[],"class_list":{"0":"post-5974","1":"product","2":"type-product","3":"status-publish","4":"has-post-thumbnail","6":"product_brand-flore-chemie","7":"product_cat-flore-chemie-produkte","8":"product_cat-hotel-und-gastronomiegewerbe","9":"product_cat-desinfektion","11":"first","12":"instock","13":"shipping-taxable","14":"purchasable","15":"product-type-variable","16":"has-default-attributes"},"_links":{"self":[{"href":"https:\/\/e-flore.store\/de\/wp-json\/wp\/v2\/product\/5974","targetHints":{"allow":["GET"]}}],"collection":[{"href":"https:\/\/e-flore.store\/de\/wp-json\/wp\/v2\/product"}],"about":[{"href":"https:\/\/e-flore.store\/de\/wp-json\/wp\/v2\/types\/product"}],"wp:featuredmedia":[{"embeddable":true,"href":"https:\/\/e-flore.store\/de\/wp-json\/wp\/v2\/media\/5975"}],"wp:attachment":[{"href":"https:\/\/e-flore.store\/de\/wp-json\/wp\/v2\/media?parent=5974"}],"wp:term":[{"taxonomy":"product_brand","embeddable":true,"href":"https:\/\/e-flore.store\/de\/wp-json\/wp\/v2\/product_brand?post=5974"},{"taxonomy":"product_cat","embeddable":true,"href":"https:\/\/e-flore.store\/de\/wp-json\/wp\/v2\/product_cat?post=5974"},{"taxonomy":"product_tag","embeddable":true,"href":"https:\/\/e-flore.store\/de\/wp-json\/wp\/v2\/product_tag?post=5974"}],"curies":[{"name":"wp","href":"https:\/\/api.w.org\/{rel}","templated":true}]}}