{"id":5980,"date":"2026-02-03T16:04:03","date_gmt":"2026-02-03T14:04:03","guid":{"rendered":"https:\/\/demo8.izveide.id.lv\/?post_type=product&#038;p=5980"},"modified":"2026-03-26T15:01:45","modified_gmt":"2026-03-26T13:01:45","slug":"neu816-ci","status":"publish","type":"product","link":"https:\/\/e-flore.store\/de\/produkt\/neu816-ci\/","title":{"rendered":"NEU816 CI"},"content":{"rendered":"<p><img decoding=\"async\" style=\"width: 100%; height: auto; display: block;\" src=\"\/wp-content\/uploads\/2026\/01\/816-PARENT_desc.jpg\" \/><\/p>\n<div id=\"eflore-spacer-v55\" style=\"height: 0px; clear: both; width: 100%; display: block;\"><\/div>\n<p style=\"margin-bottom: 10px; margin-top: 30px;\"><strong>DESINFEKTIONSMITTEL F<\/strong><strong>\u00dc<\/strong><strong>R TIERZITZEN<\/strong><\/p>\n<p style=\"margin-bottom: 10px; margin-top: 30px;\"><strong>Wichtigste Eigenschaften<\/strong><\/p>\n<p style=\"margin-bottom: 8px; margin-top: 0px; line-height: 1.6;\">Die Hygiene des Euters ist f\u00fcr die Gewinnung von qualitativ hochwertiger Milch unerl\u00e4sslich. Korrekte Hygiene ist notwendig, um Entz\u00fcndungen des Euters (Mastitis) und die damit einhergehende Zellvermehrung zu verhindern. Nach dem Melken ist der Zitzenschlie\u00dfmuskel ge\u00f6ffnet, wodurch das Euter leicht von Bakterien infiziert werden kann. Daher ist die Desinfektion der Zitzen nach dem Entfernen des Melkzeugs eine empfehlenswerte Ma\u00dfnahme, um diesen Infektionen vorzubeugen. Die Behandlung mit \u201eNEU816 CI\u201c ist schnell und kosteng\u00fcnstig und tr\u00e4gt zur Verbesserung der Milchqualit\u00e4t oder der Milchproduktion bei. Der desinfizierende Wirkstoff von \u201eNEU816 CI\u201c ist Chlorhexidingluconat. Zus\u00e4tzlich ist das Produkt mit speziellen pflegenden Inhaltsstoffen angereichert, die die Haut weich machen und vor Rissen sch\u00fctzen.<\/p>\n<p style=\"margin-bottom: 10px; margin-top: 30px;\"><strong>Anwendungsbereiche<\/strong><\/p>\n<p style=\"margin-bottom: 8px; margin-top: 0px; line-height: 1.6;\">Milchviehzuchtbetriebe.<\/p>\n<p style=\"margin-bottom: 10px; margin-top: 30px;\"><strong> Benutzeranleitung<\/strong><\/p>\n<p style=\"margin-bottom: 8px; margin-top: 0px; line-height: 1.6;\">Nachdem die Melkgruppe entfernt wurde, spr\u00fchen Sie &#8222;NEU816 CI&#8220; direkt auf die Zitzen des Tieres oder tauchen Sie diese mit einem speziellen Dosierbecher, der bei jedem Melken mit einer frischen Produktl\u00f6sung bef\u00fcllt werden muss, f\u00fcr einige Sekunden in das Produkt ein.<\/p>\n<p style=\"margin-bottom: 10px; margin-top: 30px;\"><strong>Chemisch-physikalische technische Daten<\/strong><\/p>\n<p style=\"margin-bottom: 8px; margin-top: 0px; line-height: 1.6;\"><strong>Aussehen<\/strong>: klar<\/p>\n<p style=\"margin-bottom: 8px; margin-top: 0px; line-height: 1.6;\"><strong>Farbe<\/strong>: farblos<\/p>\n<p style=\"margin-bottom: 8px; margin-top: 0px; line-height: 1.6;\"><strong>Geruch<\/strong>: nahezu geruchlos<\/p>\n<p style=\"margin-bottom: 8px; margin-top: 0px; line-height: 1.6;\"><strong>Dichte<\/strong>: 1,00 \u00b1 0,02 g\/ml<\/p>\n<p style=\"margin-bottom: 8px; margin-top: 0px; line-height: 1.6;\"><strong>pH<\/strong>: 6,3 +\/- 0,5<\/p>\n<p style=\"margin-bottom: 8px; margin-top: 0px; line-height: 1.6;\"><strong>Biologische Abbaubarkeit<\/strong>: \u00fcber 90%<\/p>\n<p style=\"margin-bottom: 8px; margin-top: 0px; line-height: 1.6;\"><strong>Tenside<\/strong>: nichtionisch<\/p>\n<p style=\"margin-bottom: 8px; margin-top: 0px; line-height: 1.6;\"><strong>Wirkstoff<\/strong>: Chlorhexidingluconat<\/p>\n<p style=\"margin-bottom: 8px; margin-top: 0px; line-height: 1.6;\"><strong>Achtung!<\/strong> Vor dem n\u00e4chsten Melken die Zitzen mit einem Tuch abwischen. Den ersten Milchstrahl verwerfen und nicht verwenden.<\/p>\n","protected":false},"excerpt":{"rendered":"<p>DESINFEKTIONSMITTEL F\u00dcR TIERZITZEN Wichtigste Eigenschaften Die Hygiene des Euters ist f\u00fcr die Gewinnung von qualitativ hochwertiger Milch unerl\u00e4sslich. Korrekte Hygiene ist notwendig, um Entz\u00fcndungen des Euters (Mastitis) und die damit einhergehende Zellvermehrung zu verhindern. Nach dem Melken ist der Zitzenschlie\u00dfmuskel ge\u00f6ffnet, wodurch das Euter leicht von Bakterien infiziert werden kann. Daher ist die Desinfektion der&#8230;<\/p>\n","protected":false},"featured_media":5981,"template":"","meta":[],"product_brand":[342],"product_cat":[354,357,369],"product_tag":[],"class_list":{"0":"post-5980","1":"product","2":"type-product","3":"status-publish","4":"has-post-thumbnail","6":"product_brand-serpento-future-chemicals","7":"product_cat-flore-chemie-produkte","8":"product_cat-hotel-und-gastronomiegewerbe","9":"product_cat-desinfektion","11":"first","12":"instock","13":"shipping-taxable","14":"purchasable","15":"product-type-variable","16":"has-default-attributes"},"_links":{"self":[{"href":"https:\/\/e-flore.store\/de\/wp-json\/wp\/v2\/product\/5980","targetHints":{"allow":["GET"]}}],"collection":[{"href":"https:\/\/e-flore.store\/de\/wp-json\/wp\/v2\/product"}],"about":[{"href":"https:\/\/e-flore.store\/de\/wp-json\/wp\/v2\/types\/product"}],"wp:featuredmedia":[{"embeddable":true,"href":"https:\/\/e-flore.store\/de\/wp-json\/wp\/v2\/media\/5981"}],"wp:attachment":[{"href":"https:\/\/e-flore.store\/de\/wp-json\/wp\/v2\/media?parent=5980"}],"wp:term":[{"taxonomy":"product_brand","embeddable":true,"href":"https:\/\/e-flore.store\/de\/wp-json\/wp\/v2\/product_brand?post=5980"},{"taxonomy":"product_cat","embeddable":true,"href":"https:\/\/e-flore.store\/de\/wp-json\/wp\/v2\/product_cat?post=5980"},{"taxonomy":"product_tag","embeddable":true,"href":"https:\/\/e-flore.store\/de\/wp-json\/wp\/v2\/product_tag?post=5980"}],"curies":[{"name":"wp","href":"https:\/\/api.w.org\/{rel}","templated":true}]}}