{"id":5990,"date":"2026-02-03T16:04:04","date_gmt":"2026-02-03T14:04:04","guid":{"rendered":"https:\/\/demo8.izveide.id.lv\/?post_type=product&#038;p=5990"},"modified":"2026-03-26T15:01:40","modified_gmt":"2026-03-26T13:01:40","slug":"neu-057-ci","status":"publish","type":"product","link":"https:\/\/e-flore.store\/de\/produkt\/neu-057-ci\/","title":{"rendered":"NEU 057 CI"},"content":{"rendered":"<p><img decoding=\"async\" style=\"width: 100%; height: auto; display: block;\" src=\"\/wp-content\/uploads\/2026\/01\/057-PARENT_desc.jpg\" \/><\/p>\n<div id=\"eflore-spacer-v55\" style=\"height: 0px; clear: both; width: 100%; display: block;\"><\/div>\n<p style=\"margin-bottom: 10px; margin-top: 30px;\"><strong>KONZENTRIERTES DESINFEKTIONSMITTEL<\/strong><\/p>\n<p style=\"margin-bottom: 10px; margin-top: 30px;\"><strong>Wichtigste Eigenschaften<\/strong><\/p>\n<p style=\"margin-bottom: 8px; margin-top: 0px; line-height: 1.6;\">Konzentriertes, geruchloses Desinfektionsmittel auf Basis von Didecyldimethylammoniumchlorid mit breitem Wirkungsspektrum gegen Mikroorganismen. \u201eNEU057 CI\u201c ist f\u00fcr alle abwaschbaren Oberfl\u00e4chen geeignet und wird insbesondere f\u00fcr Oberfl\u00e4chen und Ger\u00e4te in der Lebensmittel- und Hygieneindustrie empfohlen. Es ist f\u00fcr den Einsatz in HACCP-Programmen geeignet. Im Gegensatz zu vielen anderen Desinfektionsmitteln, die auf verschmutzten Oberfl\u00e4chen und organischen Substanzen an Wirksamkeit verlieren, beh\u00e4lt \u201eNEU057 CI\u201c seine Aktivit\u00e4t. Es ist hitzebest\u00e4ndig und kann auch in hartem Wasser verwendet werden.<\/p>\n<p style=\"margin-bottom: 10px; margin-top: 30px;\"><strong>Anwendungsbereiche<\/strong><\/p>\n<p style=\"margin-bottom: 8px; margin-top: 0px; line-height: 1.6;\">Hotels, Bars, \u00f6ffentliche Bereiche, Schulen, Pflegeheime, Kinderg\u00e4rten, Pensionen, Kasernen, Schwimmb\u00e4der, Sportzentren, Eisdielen, Superm\u00e4rkte, Gesch\u00e4fte, pharmazeutische Industrie, Hersteller von Milchprodukten, Lebensmittel- und Getr\u00e4nkeindustrie, Tierhaltung, Krankenh\u00e4user, Metzgereien, Fischh\u00e4ndler, Obst- und Gem\u00fcsel\u00e4den.<\/p>\n<p style=\"margin-bottom: 10px; margin-top: 30px;\"><strong> Benutzeranleitung<\/strong><\/p>\n<p style=\"margin-bottom: 8px; margin-top: 0px; line-height: 1.6;\">Entfernen Sie Schmutzreste von der Oberfl\u00e4che. Tragen Sie die L\u00f6sung \u201eNEU057 CI\u201c unter Beachtung der unten angegebenen Dosierung und Einwirkzeit auf die zu reinigende Oberfl\u00e4che auf: Normale t\u00e4gliche Desinfektion sauberer Oberfl\u00e4chen: 10 ml\u00a0 &#8222;NEU057 CI&#8220; \u00a0pro Liter Wasser \u2013 5 Minuten Einwirkzeit.<\/p>\n<p style=\"margin-bottom: 8px; margin-top: 0px; line-height: 1.6;\">Desinfektion leicht verschmutzter Oberfl\u00e4chen: 25 ml\u00a0 &#8222;NEU057 CI&#8220; \u00a0pro Liter Wasser \u2013 30 Minuten Einwirkzeit.<\/p>\n<p style=\"margin-bottom: 8px; margin-top: 0px; line-height: 1.6;\">Desinfektion stark verschmutzter Oberfl\u00e4chen: 50 ml\u00a0 &#8222;NEU057 CI&#8220; \u00a0pro Liter Wasser \u2013 30 Minuten Einwirkzeit.<\/p>\n<p style=\"margin-bottom: 8px; margin-top: 0px; line-height: 1.6;\">Energetische Desinfektion: 50 ml\u00a0 &#8222;NEU057 CI&#8220; \u00a0pro Liter Wasser \u2013 60 min Einwirkzeit.<\/p>\n<p style=\"margin-bottom: 8px; margin-top: 0px; line-height: 1.6;\">Bei Verwendung konzentrierter L\u00f6sungen oder bei der Anwendung des Produkts in der Lebensmittelindustrie ist nach der Behandlung ein Absp\u00fclen erforderlich. Bereiten Sie t\u00e4glich eine frische L\u00f6sung zu oder, falls diese sichtbar verschmutzt ist, sogar noch h\u00e4ufiger.<\/p>\n<p style=\"margin-bottom: 10px; margin-top: 30px;\"><strong>Chemisch-physikalische technische Daten<\/strong><\/p>\n<p style=\"margin-bottom: 8px; margin-top: 0px; line-height: 1.6;\"><strong>Aussehen<\/strong> : klare Fl\u00fcssigkeit<\/p>\n<p style=\"margin-bottom: 8px; margin-top: 0px; line-height: 1.6;\"><strong>Farbe<\/strong>: Hellgr\u00fcn<\/p>\n<p style=\"margin-bottom: 8px; margin-top: 0px; line-height: 1.6;\"><strong>Geruch<\/strong>: charakteristisch<\/p>\n<p style=\"margin-bottom: 8px; margin-top: 0px; line-height: 1.6;\"><strong>Dichte<\/strong>: 1,00 \u00b1 0,02 kg\/l<\/p>\n<p style=\"margin-bottom: 8px; margin-top: 0px; line-height: 1.6;\"><strong>pH<\/strong>: 8,2 +\/- 0,5<\/p>\n<p style=\"margin-bottom: 8px; margin-top: 0px; line-height: 1.6;\"><strong>Wirkstoff<\/strong>: 2,75 % Didecyldimethylammoniumchlorid<\/p>\n<p style=\"margin-bottom: 8px; margin-top: 0px; line-height: 1.6;\"><strong>Tenside<\/strong>: kationisch<\/p>\n<p style=\"margin-bottom: 8px; margin-top: 0px; line-height: 1.6;\"><strong>Biologische Abbaubarkeit<\/strong>: entspricht der Verordnung (EG) Nr. 648\/2004.<\/p>\n<p style=\"margin-bottom: 8px; margin-top: 0px; line-height: 1.6;\"><strong>Achtung!<\/strong> Nicht mit anderen Produkten mischen. \u201eNEU057 CI\u201c ist unvertr\u00e4glich mit Halogenen, starken Laugen, starken Oxidationsmitteln, aromatischen L\u00f6sungsmitteln, Seife und anionischen Tensiden. Lesen Sie vor Gebrauch das Sicherheitsdatenblatt sorgf\u00e4ltig durch.<\/p>\n","protected":false},"excerpt":{"rendered":"<p>KONZENTRIERTES DESINFEKTIONSMITTEL Wichtigste Eigenschaften Konzentriertes, geruchloses Desinfektionsmittel auf Basis von Didecyldimethylammoniumchlorid mit breitem Wirkungsspektrum gegen Mikroorganismen. \u201eNEU057 CI\u201c ist f\u00fcr alle abwaschbaren Oberfl\u00e4chen geeignet und wird insbesondere f\u00fcr Oberfl\u00e4chen und Ger\u00e4te in der Lebensmittel- und Hygieneindustrie empfohlen. Es ist f\u00fcr den Einsatz in HACCP-Programmen geeignet. Im Gegensatz zu vielen anderen Desinfektionsmitteln, die auf verschmutzten Oberfl\u00e4chen&#8230;<\/p>\n","protected":false},"featured_media":5991,"template":"","meta":[],"product_brand":[342],"product_cat":[354,357,369],"product_tag":[],"class_list":{"0":"post-5990","1":"product","2":"type-product","3":"status-publish","4":"has-post-thumbnail","6":"product_brand-serpento-future-chemicals","7":"product_cat-flore-chemie-produkte","8":"product_cat-hotel-und-gastronomiegewerbe","9":"product_cat-desinfektion","11":"first","12":"instock","13":"shipping-taxable","14":"purchasable","15":"product-type-variable","16":"has-default-attributes"},"_links":{"self":[{"href":"https:\/\/e-flore.store\/de\/wp-json\/wp\/v2\/product\/5990","targetHints":{"allow":["GET"]}}],"collection":[{"href":"https:\/\/e-flore.store\/de\/wp-json\/wp\/v2\/product"}],"about":[{"href":"https:\/\/e-flore.store\/de\/wp-json\/wp\/v2\/types\/product"}],"wp:featuredmedia":[{"embeddable":true,"href":"https:\/\/e-flore.store\/de\/wp-json\/wp\/v2\/media\/5991"}],"wp:attachment":[{"href":"https:\/\/e-flore.store\/de\/wp-json\/wp\/v2\/media?parent=5990"}],"wp:term":[{"taxonomy":"product_brand","embeddable":true,"href":"https:\/\/e-flore.store\/de\/wp-json\/wp\/v2\/product_brand?post=5990"},{"taxonomy":"product_cat","embeddable":true,"href":"https:\/\/e-flore.store\/de\/wp-json\/wp\/v2\/product_cat?post=5990"},{"taxonomy":"product_tag","embeddable":true,"href":"https:\/\/e-flore.store\/de\/wp-json\/wp\/v2\/product_tag?post=5990"}],"curies":[{"name":"wp","href":"https:\/\/api.w.org\/{rel}","templated":true}]}}