{"id":5995,"date":"2026-02-03T16:04:05","date_gmt":"2026-02-03T14:04:05","guid":{"rendered":"https:\/\/demo8.izveide.id.lv\/?post_type=product&#038;p=5995"},"modified":"2026-02-18T15:39:00","modified_gmt":"2026-02-18T13:39:00","slug":"florin-dry-cleaner-granulat","status":"publish","type":"product","link":"https:\/\/e-flore.store\/de\/produkt\/florin-dry-cleaner-granulat\/","title":{"rendered":"Florin Dry Cleaner Granulat"},"content":{"rendered":"<p><img decoding=\"async\" class=\"alignnone size-full wp-image-2149\" style=\"width: 100%; height: auto; display: block;\" src=\"\/wp-content\/uploads\/2026\/01\/0592-PARENT_desc.jpg\" alt=\"0592-PARENT\" width=\"100%\" srcset=\"https:\/\/e-flore.store\/wp-content\/uploads\/2026\/01\/0592-PARENT_desc.jpg 957w, https:\/\/e-flore.store\/wp-content\/uploads\/2026\/01\/0592-PARENT_desc-600x450.jpg 600w, https:\/\/e-flore.store\/wp-content\/uploads\/2026\/01\/0592-PARENT_desc-300x225.jpg 300w\" sizes=\"(max-width: 957px) 100vw, 957px\" \/><\/p>\n<div id=\"eflore-spacer-v55\" style=\"height: 0px; clear: both; width: 100%; display: block;\"><\/div>\n<p style=\"margin-bottom: 10px; margin-top: 30px;\"><strong>TROCKENREINIGER\u00a0 F<\/strong><strong>\u00dc<\/strong><strong>R TEPPICHB\u00d6DEN<\/strong><\/p>\n<p style=\"margin-bottom: 10px; margin-top: 30px;\"><strong>FLORIN\u00ae DRYCLEANER <\/strong><\/p>\n<p style=\"margin-bottom: 8px; margin-top: 0px; line-height: 1.6;\">ist biologisch abbaubar, pH-neutral, giftklassefrei, hinterl\u00e4sst keine Wasserr\u00e4nder und verhindert eine rasche Wiederanschmutzung. Der Teppich ist nach der Anwendung sofort wieder begehbar. Eine Grundreinigung ist nicht mehr n\u00f6tig. FLORIN\u00ae DRYCLEANER erm\u00f6glicht eine schnelle und direkte Reinigung von Lauffl\u00e4chen und Schmutzschleusen und ist somit auch ideal f\u00fcr eine Teilfl\u00e4chenreinigung geeignet.<\/p>\n<p style=\"margin-bottom: 10px; margin-top: 30px;\"><strong>ANWENDUNGSBEREICHE <\/strong><\/p>\n<p style=\"margin-bottom: 8px; margin-top: 0px; line-height: 1.6;\">Teppichb\u00f6den in Hotels, B\u00fcros, Foyers etc.<\/p>\n<p style=\"margin-bottom: 10px; margin-top: 30px;\"><strong>VERARBEITUNGSHINWEISE <\/strong><\/p>\n<p style=\"margin-bottom: 8px; margin-top: 0px; line-height: 1.6;\">Stark verschmutzte Fl\u00e4chen sollten mit FLORIN\u00ae FLECKENL\u00d6SER (Prod.-Nr. 0593) vorbehandelt werden. FLORIN\u00ae DRYCLEANER auf die verschmutzte Fl\u00e4che streuen. 1 kg ist ausreichend f\u00fcr ca. 14-20m2 . Anschlie\u00dfend wird mit der Teppichmaschine das Pulver in alle Richtungen eingeb\u00fcrstet. Nach ca. 30-60 Minuten kann das verschmutzte Pulver aufgenommen und r\u00fcckstandsfrei abgesaugt werden. Nach Gebrauch H\u00e4nde gut waschen und Beutel schlie\u00dfen.<\/p>\n<p style=\"margin-bottom: 10px; margin-top: 30px;\"><strong>WEITERER HINWEIS <\/strong><\/p>\n<p style=\"margin-bottom: 8px; margin-top: 0px; line-height: 1.6;\">Zum Erhalt der Produkteigenschaften FLORIN\u00ae DRYCLEANER frostfrei lagern.<\/p>\n<p style=\"margin-bottom: 10px; margin-top: 30px;\"><strong>TECHNISCHE DATEN <\/strong><\/p>\n<p style=\"margin-bottom: 8px; margin-top: 0px; line-height: 1.6;\"><strong>Form<\/strong>: fest<\/p>\n<p style=\"margin-bottom: 8px; margin-top: 0px; line-height: 1.6;\"><strong>pH-Wert<\/strong>: 6 (wurde unverd\u00fcnnt bestimmt)<\/p>\n<p style=\"margin-bottom: 8px; margin-top: 0px; line-height: 1.6;\"><strong>INHALTSSTOFFE<\/strong>: Tenside, Isopropanol, nat\u00fcrliches Tr\u00e4germaterial, Duftstoffe<\/p>\n","protected":false},"excerpt":{"rendered":"<p>TROCKENREINIGER\u00a0 F\u00dcR TEPPICHB\u00d6DEN FLORIN\u00ae DRYCLEANER ist biologisch abbaubar, pH-neutral, giftklassefrei, hinterl\u00e4sst keine Wasserr\u00e4nder und verhindert eine rasche Wiederanschmutzung. Der Teppich ist nach der Anwendung sofort wieder begehbar. Eine Grundreinigung ist nicht mehr n\u00f6tig. FLORIN\u00ae DRYCLEANER erm\u00f6glicht eine schnelle und direkte Reinigung von Lauffl\u00e4chen und Schmutzschleusen und ist somit auch ideal f\u00fcr eine Teilfl\u00e4chenreinigung geeignet. ANWENDUNGSBEREICHE&#8230;<\/p>\n","protected":false},"featured_media":5996,"template":"","meta":[],"product_brand":[337],"product_cat":[354,357,363],"product_tag":[],"class_list":{"0":"post-5995","1":"product","2":"type-product","3":"status-publish","4":"has-post-thumbnail","6":"product_brand-flore-chemie","7":"product_cat-flore-chemie-produkte","8":"product_cat-hotel-und-gastronomiegewerbe","9":"product_cat-boden-und-teppichboedenreiniger","11":"first","12":"instock","13":"shipping-taxable","14":"purchasable","15":"product-type-simple"},"_links":{"self":[{"href":"https:\/\/e-flore.store\/de\/wp-json\/wp\/v2\/product\/5995","targetHints":{"allow":["GET"]}}],"collection":[{"href":"https:\/\/e-flore.store\/de\/wp-json\/wp\/v2\/product"}],"about":[{"href":"https:\/\/e-flore.store\/de\/wp-json\/wp\/v2\/types\/product"}],"wp:featuredmedia":[{"embeddable":true,"href":"https:\/\/e-flore.store\/de\/wp-json\/wp\/v2\/media\/5996"}],"wp:attachment":[{"href":"https:\/\/e-flore.store\/de\/wp-json\/wp\/v2\/media?parent=5995"}],"wp:term":[{"taxonomy":"product_brand","embeddable":true,"href":"https:\/\/e-flore.store\/de\/wp-json\/wp\/v2\/product_brand?post=5995"},{"taxonomy":"product_cat","embeddable":true,"href":"https:\/\/e-flore.store\/de\/wp-json\/wp\/v2\/product_cat?post=5995"},{"taxonomy":"product_tag","embeddable":true,"href":"https:\/\/e-flore.store\/de\/wp-json\/wp\/v2\/product_tag?post=5995"}],"curies":[{"name":"wp","href":"https:\/\/api.w.org\/{rel}","templated":true}]}}