{"id":6002,"date":"2026-02-03T16:04:05","date_gmt":"2026-02-03T14:04:05","guid":{"rendered":"https:\/\/demo8.izveide.id.lv\/?post_type=product&#038;p=6002"},"modified":"2026-02-18T15:30:50","modified_gmt":"2026-02-18T13:30:50","slug":"lisan","status":"publish","type":"product","link":"https:\/\/e-flore.store\/de\/produkt\/lisan\/","title":{"rendered":"Lisan"},"content":{"rendered":"<p><img decoding=\"async\" style=\"width: 100%; height: auto; display: block;\" src=\"\/wp-content\/uploads\/2026\/01\/0055-PARENT_desc.jpg\" \/><\/p>\n<div id=\"eflore-spacer-v55\" style=\"height: 0px; clear: both; width: 100%; display: block;\"><\/div>\n<p style=\"margin-bottom: 10px; margin-top: 30px;\"><strong>HANDSP\u00dcLMITTEL-KONZENTRAT<\/strong><\/p>\n<p style=\"margin-bottom: 10px; margin-top: 30px;\"><strong>LISAN<\/strong><\/p>\n<p style=\"margin-bottom: 8px; margin-top: 0px; line-height: 1.6;\">ist ein hoch konzentriertes fl\u00fcssiges Handsp\u00fclmittel mit hautsch\u00fctzenden Zus\u00e4tzen zur Reinigung von Geschirr, K\u00fcchenger\u00e4ten und K\u00fcchenmobiliar. Strahlender Glanz entsteht ohne abtrocknen. LISAN l\u00f6st Fette, Blut, Eiwei\u00dfreste und sonstige organische Ablagerungen und ist angenehm im Duft.<\/p>\n<p style=\"margin-bottom: 10px; margin-top: 30px;\"><strong>VERARBEITUNGSHINWEISE<\/strong><\/p>\n<p style=\"margin-bottom: 8px; margin-top: 0px; line-height: 1.6;\">LISAN dem Sp\u00fclwasser zugeben, Dosierung 1:500 oder entsprechend dem Verschmutzungsgrad.<\/p>\n<p style=\"margin-bottom: 8px; margin-top: 0px; line-height: 1.6;\">Dosierung bei fettverschmutzten Fliesen und Hartfl\u00e4chen: 1:10 bis 1:500.<\/p>\n<p style=\"margin-bottom: 10px; margin-top: 30px;\"><strong>WEITERE HINWEISE<\/strong><\/p>\n<p style=\"margin-bottom: 8px; margin-top: 0px; line-height: 1.6;\">LISAN ist aufgrund der Schaumbildung nicht f\u00fcr Sp\u00fclmaschinen geeignet. Zum Erhalt der Produkteigenschaften LISAN frostfrei lagern. Ab einer Anwendungskonzentration von 1:5 ist LISAN nicht mehr kennzeichnungspflichtig.<\/p>\n<p style=\"margin-bottom: 10px; margin-top: 30px;\"><strong>TECHNISCHE DATEN<\/strong><\/p>\n<p style=\"margin-bottom: 8px; margin-top: 0px; line-height: 1.6;\"><strong>Form<\/strong>: fl\u00fcssig<\/p>\n<p style=\"margin-bottom: 8px; margin-top: 0px; line-height: 1.6;\"><strong>Dichte (20 \u00b0C)<\/strong>: 1,0 g\/ml<\/p>\n<p style=\"margin-bottom: 8px; margin-top: 0px; line-height: 1.6;\"><strong>pH-Wert (Konzentrat)<\/strong>: 6,5 &#8211; 7<\/p>\n<p style=\"margin-bottom: 8px; margin-top: 0px; line-height: 1.6;\"><strong>dyn. Viskosit\u00e4t (20 \u00b0C)<\/strong>: 300-600 mPa*s<\/p>\n<p style=\"margin-bottom: 8px; margin-top: 0px; line-height: 1.6;\"><strong>INHALTSSTOFFE<\/strong>: anionische, nichtionische und amphotere Tenside, Duftstoffe, Konservierungsstoffe<\/p>\n","protected":false},"excerpt":{"rendered":"<p>HANDSP\u00dcLMITTEL-KONZENTRAT LISAN ist ein hoch konzentriertes fl\u00fcssiges Handsp\u00fclmittel mit hautsch\u00fctzenden Zus\u00e4tzen zur Reinigung von Geschirr, K\u00fcchenger\u00e4ten und K\u00fcchenmobiliar. Strahlender Glanz entsteht ohne abtrocknen. LISAN l\u00f6st Fette, Blut, Eiwei\u00dfreste und sonstige organische Ablagerungen und ist angenehm im Duft. VERARBEITUNGSHINWEISE LISAN dem Sp\u00fclwasser zugeben, Dosierung 1:500 oder entsprechend dem Verschmutzungsgrad. Dosierung bei fettverschmutzten Fliesen und Hartfl\u00e4chen: 1:10&#8230;<\/p>\n","protected":false},"featured_media":6003,"template":"","meta":[],"product_brand":[337],"product_cat":[354,357,366],"product_tag":[],"class_list":{"0":"post-6002","1":"product","2":"type-product","3":"status-publish","4":"has-post-thumbnail","6":"product_brand-flore-chemie","7":"product_cat-flore-chemie-produkte","8":"product_cat-hotel-und-gastronomiegewerbe","9":"product_cat-geschirreiniger","11":"first","12":"instock","13":"shipping-taxable","14":"purchasable","15":"product-type-variable","16":"has-default-attributes"},"_links":{"self":[{"href":"https:\/\/e-flore.store\/de\/wp-json\/wp\/v2\/product\/6002","targetHints":{"allow":["GET"]}}],"collection":[{"href":"https:\/\/e-flore.store\/de\/wp-json\/wp\/v2\/product"}],"about":[{"href":"https:\/\/e-flore.store\/de\/wp-json\/wp\/v2\/types\/product"}],"wp:featuredmedia":[{"embeddable":true,"href":"https:\/\/e-flore.store\/de\/wp-json\/wp\/v2\/media\/6003"}],"wp:attachment":[{"href":"https:\/\/e-flore.store\/de\/wp-json\/wp\/v2\/media?parent=6002"}],"wp:term":[{"taxonomy":"product_brand","embeddable":true,"href":"https:\/\/e-flore.store\/de\/wp-json\/wp\/v2\/product_brand?post=6002"},{"taxonomy":"product_cat","embeddable":true,"href":"https:\/\/e-flore.store\/de\/wp-json\/wp\/v2\/product_cat?post=6002"},{"taxonomy":"product_tag","embeddable":true,"href":"https:\/\/e-flore.store\/de\/wp-json\/wp\/v2\/product_tag?post=6002"}],"curies":[{"name":"wp","href":"https:\/\/api.w.org\/{rel}","templated":true}]}}