{"id":6020,"date":"2026-02-03T16:04:10","date_gmt":"2026-02-03T14:04:10","guid":{"rendered":"https:\/\/demo8.izveide.id.lv\/?post_type=product&#038;p=6020"},"modified":"2026-03-26T15:01:18","modified_gmt":"2026-03-26T13:01:18","slug":"florin-11","status":"publish","type":"product","link":"https:\/\/e-flore.store\/de\/produkt\/florin-11\/","title":{"rendered":"Florin 11"},"content":{"rendered":"<p><img decoding=\"async\" style=\"width: 100%; height: auto; display: block;\" src=\"\/wp-content\/uploads\/2026\/01\/0011-PARENT_desc.jpg\" \/><\/p>\n<div id=\"eflore-spacer-v55\" style=\"height: 0px; clear: both; width: 100%; display: block;\"><\/div>\n<p style=\"margin-bottom: 10px; margin-top: 30px;\"><strong>TEPPICHSHAMPOO<\/strong><\/p>\n<p style=\"margin-bottom: 10px; margin-top: 30px;\"><strong>FLORIN\u00ae 11<\/strong><\/p>\n<p style=\"margin-bottom: 8px; margin-top: 0px; line-height: 1.6;\">entfernt selbst st\u00e4rkste Verschmutzungen, verhindert eine schnelle Wiederanschmutzung und ist sowohl f\u00fcr die manuelle wie auch f\u00fcr die maschinelle Reinigung einsetzbar.<\/p>\n<p style=\"margin-bottom: 10px; margin-top: 30px;\"><strong>ANWENDUNGSBEREICHE<\/strong><\/p>\n<p style=\"margin-bottom: 8px; margin-top: 0px; line-height: 1.6;\">alle Teppichb\u00f6den und Polsterm\u00f6bel.<\/p>\n<p style=\"margin-bottom: 10px; margin-top: 30px;\"><strong>VERARBEITUNGSHINWEISE<\/strong><\/p>\n<p style=\"margin-bottom: 8px; margin-top: 0px; line-height: 1.6;\">FLORIN\u00ae 11 je nach Anwendungsbereich und Verschmutzungsgrad max. 1:10 mit Wasser verd\u00fcnnen, mit Schaumkanone oder Druckspr\u00fcher mit Sch\u00e4umerd\u00fcse aufsch\u00e4umen, Teppich einshampoonieren, trocknen lassen und absaugen.<\/p>\n<p style=\"margin-bottom: 10px; margin-top: 30px;\"><strong>WEITERER HINWEIS<\/strong><\/p>\n<p style=\"margin-bottom: 8px; margin-top: 0px; line-height: 1.6;\">Zum Erhalt der Produkteigenschaften FLORIN\u00ae 11 frostfrei lagern.<\/p>\n<p style=\"margin-bottom: 10px; margin-top: 30px;\"><strong>TECHNISCHE DATEN<\/strong><\/p>\n<p style=\"margin-bottom: 8px; margin-top: 0px; line-height: 1.6;\"><strong>Form<\/strong>: fl\u00fcssig<\/p>\n<p style=\"margin-bottom: 8px; margin-top: 0px; line-height: 1.6;\"><strong>Dichte (20 \u00b0C)<\/strong>: 1,01 g\/cm\u00b3<\/p>\n<p style=\"margin-bottom: 8px; margin-top: 0px; line-height: 1.6;\"><strong>pH-Wert (Konz.)<\/strong>: ca. 8,5<\/p>\n<p style=\"margin-bottom: 8px; margin-top: 0px; line-height: 1.6;\"><strong>INHALTSSTOFFE<\/strong>: Sodium Laureth-6 Carboxylate, Polyacrylate, Disodium hydrogen phosphate<\/p>\n","protected":false},"excerpt":{"rendered":"<p>TEPPICHSHAMPOO FLORIN\u00ae 11 entfernt selbst st\u00e4rkste Verschmutzungen, verhindert eine schnelle Wiederanschmutzung und ist sowohl f\u00fcr die manuelle wie auch f\u00fcr die maschinelle Reinigung einsetzbar. ANWENDUNGSBEREICHE alle Teppichb\u00f6den und Polsterm\u00f6bel. VERARBEITUNGSHINWEISE FLORIN\u00ae 11 je nach Anwendungsbereich und Verschmutzungsgrad max. 1:10 mit Wasser verd\u00fcnnen, mit Schaumkanone oder Druckspr\u00fcher mit Sch\u00e4umerd\u00fcse aufsch\u00e4umen, Teppich einshampoonieren, trocknen lassen und absaugen&#8230;.<\/p>\n","protected":false},"featured_media":6021,"template":"","meta":[],"product_brand":[337],"product_cat":[354,357,363],"product_tag":[],"class_list":{"0":"post-6020","1":"product","2":"type-product","3":"status-publish","4":"has-post-thumbnail","6":"product_brand-flore-chemie","7":"product_cat-flore-chemie-produkte","8":"product_cat-hotel-und-gastronomiegewerbe","9":"product_cat-boden-und-teppichboedenreiniger","11":"first","12":"instock","13":"shipping-taxable","14":"purchasable","15":"product-type-variable","16":"has-default-attributes"},"_links":{"self":[{"href":"https:\/\/e-flore.store\/de\/wp-json\/wp\/v2\/product\/6020","targetHints":{"allow":["GET"]}}],"collection":[{"href":"https:\/\/e-flore.store\/de\/wp-json\/wp\/v2\/product"}],"about":[{"href":"https:\/\/e-flore.store\/de\/wp-json\/wp\/v2\/types\/product"}],"wp:featuredmedia":[{"embeddable":true,"href":"https:\/\/e-flore.store\/de\/wp-json\/wp\/v2\/media\/6021"}],"wp:attachment":[{"href":"https:\/\/e-flore.store\/de\/wp-json\/wp\/v2\/media?parent=6020"}],"wp:term":[{"taxonomy":"product_brand","embeddable":true,"href":"https:\/\/e-flore.store\/de\/wp-json\/wp\/v2\/product_brand?post=6020"},{"taxonomy":"product_cat","embeddable":true,"href":"https:\/\/e-flore.store\/de\/wp-json\/wp\/v2\/product_cat?post=6020"},{"taxonomy":"product_tag","embeddable":true,"href":"https:\/\/e-flore.store\/de\/wp-json\/wp\/v2\/product_tag?post=6020"}],"curies":[{"name":"wp","href":"https:\/\/api.w.org\/{rel}","templated":true}]}}