{"id":6032,"date":"2026-02-03T16:04:12","date_gmt":"2026-02-03T14:04:12","guid":{"rendered":"https:\/\/demo8.izveide.id.lv\/?post_type=product&#038;p=6032"},"modified":"2026-03-26T15:01:07","modified_gmt":"2026-03-26T13:01:07","slug":"flor-acryl-wischpflege","status":"publish","type":"product","link":"https:\/\/e-flore.store\/de\/produkt\/flor-acryl-wischpflege\/","title":{"rendered":"Flor Acryl Wischpflege"},"content":{"rendered":"<p><img decoding=\"async\" style=\"width: 100%; height: auto; display: block;\" src=\"\/wp-content\/uploads\/2026\/01\/0142-PARENT_desc.jpg\" \/><\/p>\n<div id=\"eflore-spacer-v55\" style=\"height: 0px; clear: both; width: 100%; display: block;\"><\/div>\n<p style=\"margin-bottom: 10px; margin-top: 30px;\"><strong>FLOR\u00ae ACRYL WISCHPFLEGE<\/strong><\/p>\n<p style=\"margin-bottom: 8px; margin-top: 0px; line-height: 1.6;\">ist ein hochkonzentriertes acrylathaltiges Reinigungsmittel, das nach dem Auftragen einen gl\u00e4nzenden, rutschfesten Boden hinterl\u00e4sst und speziell auf die Pflege von B\u00f6den abgestimmt ist, die mit unserem Hochglanz-Universalversiegler FLOR\u00ae ACRYL SUPER (Prod.-Nr. 0192) behandelt wurden.<\/p>\n<p style=\"margin-bottom: 10px; margin-top: 30px;\"><strong>ANWENDUNGSBEREICHE<\/strong><\/p>\n<p style=\"margin-bottom: 8px; margin-top: 0px; line-height: 1.6;\">Hartb\u00f6den aller Art, insbesondere Steinb\u00f6den sowie versiegelte Parkettb\u00f6den<\/p>\n<p style=\"margin-bottom: 10px; margin-top: 30px;\"><strong>VERARBEITUNGSHINWEISE<\/strong><\/p>\n<p style=\"margin-bottom: 8px; margin-top: 0px; line-height: 1.6;\">FLOR\u00ae ACRYL WISCHPFLEGE ist je nach Verschmutzungsgrad 1:40 bis 1:200 mit Wasser zu verd\u00fcnnen.<\/p>\n<p style=\"margin-bottom: 10px; margin-top: 30px;\"><strong>WEITERER HINWEIS<\/strong><\/p>\n<p style=\"margin-bottom: 8px; margin-top: 0px; line-height: 1.6;\">Zum Erhalt der Produkteigenschaften FLOR\u00ae ACRYL WISCHPFLEGE frostfrei lagern.<\/p>\n<p style=\"margin-bottom: 10px; margin-top: 30px;\"><strong>TECHNISCHE DATEN<\/strong><\/p>\n<p style=\"margin-bottom: 8px; margin-top: 0px; line-height: 1.6;\"><strong>Form<\/strong>: fl\u00fcssig<\/p>\n<p style=\"margin-bottom: 8px; margin-top: 0px; line-height: 1.6;\"><strong>Dichte (20 \u00b0C)<\/strong>: 1,005 g\/cm\u00b3<\/p>\n<p style=\"margin-bottom: 8px; margin-top: 0px; line-height: 1.6;\"><strong>Siedebereich<\/strong>: &gt; 100 \u00b0C<\/p>\n<p style=\"margin-bottom: 8px; margin-top: 0px; line-height: 1.6;\"><strong>pH-Wert (Konz.)<\/strong>: 7<\/p>\n<p style=\"margin-bottom: 8px; margin-top: 0px; line-height: 1.6;\"><strong>INHALTSSTOFFE<\/strong>: Isopropanol, Sulfons\u00e4uren C13-17-sec-Alkan-Na-Salze, Isotridecanolethoxylat<\/p>\n","protected":false},"excerpt":{"rendered":"<p>FLOR\u00ae ACRYL WISCHPFLEGE ist ein hochkonzentriertes acrylathaltiges Reinigungsmittel, das nach dem Auftragen einen gl\u00e4nzenden, rutschfesten Boden hinterl\u00e4sst und speziell auf die Pflege von B\u00f6den abgestimmt ist, die mit unserem Hochglanz-Universalversiegler FLOR\u00ae ACRYL SUPER (Prod.-Nr. 0192) behandelt wurden. ANWENDUNGSBEREICHE Hartb\u00f6den aller Art, insbesondere Steinb\u00f6den sowie versiegelte Parkettb\u00f6den VERARBEITUNGSHINWEISE FLOR\u00ae ACRYL WISCHPFLEGE ist je nach Verschmutzungsgrad 1:40&#8230;<\/p>\n","protected":false},"featured_media":6033,"template":"","meta":[],"product_brand":[337],"product_cat":[354,357,363],"product_tag":[],"class_list":{"0":"post-6032","1":"product","2":"type-product","3":"status-publish","4":"has-post-thumbnail","6":"product_brand-flore-chemie","7":"product_cat-flore-chemie-produkte","8":"product_cat-hotel-und-gastronomiegewerbe","9":"product_cat-boden-und-teppichboedenreiniger","11":"first","12":"instock","13":"shipping-taxable","14":"purchasable","15":"product-type-variable","16":"has-default-attributes"},"_links":{"self":[{"href":"https:\/\/e-flore.store\/de\/wp-json\/wp\/v2\/product\/6032","targetHints":{"allow":["GET"]}}],"collection":[{"href":"https:\/\/e-flore.store\/de\/wp-json\/wp\/v2\/product"}],"about":[{"href":"https:\/\/e-flore.store\/de\/wp-json\/wp\/v2\/types\/product"}],"wp:featuredmedia":[{"embeddable":true,"href":"https:\/\/e-flore.store\/de\/wp-json\/wp\/v2\/media\/6033"}],"wp:attachment":[{"href":"https:\/\/e-flore.store\/de\/wp-json\/wp\/v2\/media?parent=6032"}],"wp:term":[{"taxonomy":"product_brand","embeddable":true,"href":"https:\/\/e-flore.store\/de\/wp-json\/wp\/v2\/product_brand?post=6032"},{"taxonomy":"product_cat","embeddable":true,"href":"https:\/\/e-flore.store\/de\/wp-json\/wp\/v2\/product_cat?post=6032"},{"taxonomy":"product_tag","embeddable":true,"href":"https:\/\/e-flore.store\/de\/wp-json\/wp\/v2\/product_tag?post=6032"}],"curies":[{"name":"wp","href":"https:\/\/api.w.org\/{rel}","templated":true}]}}