{"id":6038,"date":"2026-02-03T16:04:12","date_gmt":"2026-02-03T14:04:12","guid":{"rendered":"https:\/\/demo8.izveide.id.lv\/?post_type=product&#038;p=6038"},"modified":"2026-03-26T15:01:11","modified_gmt":"2026-03-26T13:01:11","slug":"sanox-spezial","status":"publish","type":"product","link":"https:\/\/e-flore.store\/de\/produkt\/sanox-spezial\/","title":{"rendered":"Sanox Spezial"},"content":{"rendered":"<p><img decoding=\"async\" style=\"width: 100%; height: auto; display: block;\" src=\"\/wp-content\/uploads\/2026\/01\/0499-PARENT_desc.jpg\" \/><\/p>\n<div id=\"eflore-spacer-v55\" style=\"height: 0px; clear: both; width: 100%; display: block;\"><\/div>\n<p style=\"margin-bottom: 10px; margin-top: 30px;\"><strong>SAURER SCHAUMREINIGER<\/strong><\/p>\n<p style=\"margin-bottom: 10px; margin-top: 30px;\"><strong>SANOX SPEZIAL<\/strong><\/p>\n<p style=\"margin-bottom: 8px; margin-top: 0px; line-height: 1.6;\">ist ein saurer Reiniger mit hohem Schaumverm\u00f6gen f\u00fcr den Einsatz in der Lebensmittelindustrie und in sanit\u00e4ren Anlagen. SANOX SPEZIAL l\u00f6st selbstt\u00e4tig Kalk, Wasser- und Urinstein, Rost- sowie Seifenreste mit hygienischer und desodorierender Reinigungsleistung und ist f\u00fcr die Grund- und Unterhaltsreinigung gleicherma\u00dfen geeignet. SANOX SPEZIAL greift Edelstahl nicht an und sch\u00fctzt die behandelten Bereiche vor Korrosion. SANOX SPEZIAL wurde speziell f\u00fcr den Einsatz mit der Schaumkanone entwickelt, ist aber auch manuell einsetzbar.<\/p>\n<p style=\"margin-bottom: 10px; margin-top: 30px;\"><strong>ANWENDUNGSBEREICHE<\/strong><\/p>\n<p style=\"margin-bottom: 8px; margin-top: 0px; line-height: 1.6;\">alle s\u00e4urebest\u00e4ndigen Oberfl\u00e4chen und Materialien in der Lebensmittelindustrie und in Nassraumbereichen<\/p>\n<p style=\"margin-bottom: 10px; margin-top: 30px;\"><strong>VERARBEITUNGSHINWEISE<\/strong><\/p>\n<p style=\"margin-bottom: 8px; margin-top: 0px; line-height: 1.6;\"><strong>Schaumkanone<\/strong>: Verd\u00fcnnung auf Stufe 2 oder 3 einstellen, einsch\u00e4umen und einwirken lassen, mit klarem Wasser absp\u00fclen. Stark saugende Fl\u00e4chen und Fugen mit Wasser vornetzen.<\/p>\n<p style=\"margin-bottom: 8px; margin-top: 0px; line-height: 1.6;\"><strong>Manueller Einsatz<\/strong>: Je nach Verschmutzung 200 ml bis 800 ml auf 8 l kaltes Wasser mit Schwamm, Lappen oder B\u00fcrste verteilen, kurz einwirken lassen, evtl. schrubben und mit klarem Wasser gut nachsp\u00fclen.<\/p>\n<p style=\"margin-bottom: 10px; margin-top: 30px;\"><strong>WEITERER HINWEIS<\/strong><\/p>\n<p style=\"margin-bottom: 8px; margin-top: 0px; line-height: 1.6;\">Zum Erhalt der Produkteigenschaften SANOX SPEZIAL frostfrei lagern. Ab einer Anwendungskonzentration von 1:10 ist SANOX SPEZIAL nicht mehr kennzeichnungspflichtig.<\/p>\n<p style=\"margin-bottom: 10px; margin-top: 30px;\"><strong>TECHNISCHE DATEN<\/strong><\/p>\n<p style=\"margin-bottom: 8px; margin-top: 0px; line-height: 1.6;\"><strong>Form<\/strong>: fl\u00fcssig<\/p>\n<p style=\"margin-bottom: 8px; margin-top: 0px; line-height: 1.6;\"><strong>Dichte (20\u00b0C)<\/strong>: 1,1 g\/cm\u00b3<\/p>\n<p style=\"margin-bottom: 8px; margin-top: 0px; line-height: 1.6;\"><strong>pH-Wert (Konz.)<\/strong>: 1<\/p>\n<p style=\"margin-bottom: 8px; margin-top: 0px; line-height: 1.6;\"><strong>INHALTSSTOFFE<\/strong>: nichtionische und kationische Tenside, S\u00e4uren, Alkohol, Parf\u00fcm und Farbstoff<\/p>\n","protected":false},"excerpt":{"rendered":"<p>SAURER SCHAUMREINIGER SANOX SPEZIAL ist ein saurer Reiniger mit hohem Schaumverm\u00f6gen f\u00fcr den Einsatz in der Lebensmittelindustrie und in sanit\u00e4ren Anlagen. SANOX SPEZIAL l\u00f6st selbstt\u00e4tig Kalk, Wasser- und Urinstein, Rost- sowie Seifenreste mit hygienischer und desodorierender Reinigungsleistung und ist f\u00fcr die Grund- und Unterhaltsreinigung gleicherma\u00dfen geeignet. SANOX SPEZIAL greift Edelstahl nicht an und sch\u00fctzt die&#8230;<\/p>\n","protected":false},"featured_media":6039,"template":"","meta":[],"product_brand":[337],"product_cat":[354,357,360],"product_tag":[],"class_list":{"0":"post-6038","1":"product","2":"type-product","3":"status-publish","4":"has-post-thumbnail","6":"product_brand-flore-chemie","7":"product_cat-flore-chemie-produkte","8":"product_cat-hotel-und-gastronomiegewerbe","9":"product_cat-allzweckreiniger-vollwaschmittel-wartungsmittel","11":"first","12":"instock","13":"shipping-taxable","14":"purchasable","15":"product-type-variable","16":"has-default-attributes"},"_links":{"self":[{"href":"https:\/\/e-flore.store\/de\/wp-json\/wp\/v2\/product\/6038","targetHints":{"allow":["GET"]}}],"collection":[{"href":"https:\/\/e-flore.store\/de\/wp-json\/wp\/v2\/product"}],"about":[{"href":"https:\/\/e-flore.store\/de\/wp-json\/wp\/v2\/types\/product"}],"wp:featuredmedia":[{"embeddable":true,"href":"https:\/\/e-flore.store\/de\/wp-json\/wp\/v2\/media\/6039"}],"wp:attachment":[{"href":"https:\/\/e-flore.store\/de\/wp-json\/wp\/v2\/media?parent=6038"}],"wp:term":[{"taxonomy":"product_brand","embeddable":true,"href":"https:\/\/e-flore.store\/de\/wp-json\/wp\/v2\/product_brand?post=6038"},{"taxonomy":"product_cat","embeddable":true,"href":"https:\/\/e-flore.store\/de\/wp-json\/wp\/v2\/product_cat?post=6038"},{"taxonomy":"product_tag","embeddable":true,"href":"https:\/\/e-flore.store\/de\/wp-json\/wp\/v2\/product_tag?post=6038"}],"curies":[{"name":"wp","href":"https:\/\/api.w.org\/{rel}","templated":true}]}}