{"id":6044,"date":"2026-02-03T16:04:13","date_gmt":"2026-02-03T14:04:13","guid":{"rendered":"https:\/\/demo8.izveide.id.lv\/?post_type=product&#038;p=6044"},"modified":"2026-03-26T15:01:02","modified_gmt":"2026-03-26T13:01:02","slug":"flamil-fettloeser","status":"publish","type":"product","link":"https:\/\/e-flore.store\/de\/produkt\/flamil-fettloeser\/","title":{"rendered":"Flamil Fettl\u00f6ser"},"content":{"rendered":"<p><img decoding=\"async\" style=\"width: 100%; height: auto; display: block;\" src=\"\/wp-content\/uploads\/2026\/01\/0485-PARENT_desc.jpg\" \/><\/p>\n<div id=\"eflore-spacer-v55\" style=\"height: 0px; clear: both; width: 100%; display: block;\"><\/div>\n<p style=\"margin-bottom: 10px; margin-top: 30px;\"><strong>FETT- und EIWEI\u00dfL\u00d6SER<\/strong><\/p>\n<p style=\"margin-bottom: 10px; margin-top: 30px;\"><strong>EIGENSCHAFTEN<\/strong><\/p>\n<p style=\"margin-bottom: 8px; margin-top: 0px; line-height: 1.6;\">&#8211; alkalischer K\u00fcchenreiniger<\/p>\n<p style=\"margin-bottom: 8px; margin-top: 0px; line-height: 1.6;\">&#8211; intensive Fett- und Eiwei\u00dfl\u00f6serkraft<\/p>\n<p style=\"margin-bottom: 8px; margin-top: 0px; line-height: 1.6;\">&#8211; kraftvoll, materialschonend, angenehm im Duft<\/p>\n<p style=\"margin-bottom: 8px; margin-top: 0px; line-height: 1.6;\">&#8211; gutes Trennverm\u00f6gen im Leicht\u00f6lab scheider<\/p>\n<p style=\"margin-bottom: 8px; margin-top: 0px; line-height: 1.6;\">&#8211; hinterl\u00e4sst streifenfreien Glanz<\/p>\n<p style=\"margin-bottom: 10px; margin-top: 30px;\"><strong>EINSATZGEBIETE<\/strong><\/p>\n<p style=\"margin-bottom: 8px; margin-top: 0px; line-height: 1.6;\">Alle alkalibest\u00e4ndigen Materialien, Oberfl\u00e4chen und Einrichtungsgegenst\u00e4nde im K\u00fcchen-bereich und in der Nahrungsmittel-industrie.<\/p>\n<p style=\"margin-bottom: 10px; margin-top: 30px;\"><strong>ANWENDUNG<\/strong><\/p>\n<p style=\"margin-bottom: 8px; margin-top: 0px; line-height: 1.6;\">Flamil Fettl\u00f6ser ist ein Konzentrat.<\/p>\n<p style=\"margin-bottom: 8px; margin-top: 0px; line-height: 1.6;\">&#8211; im Spr\u00fch-\/Schaumverfahren: 1:10 bis 1:50<\/p>\n<p style=\"margin-bottom: 8px; margin-top: 0px; line-height: 1.6;\">&#8211; im Wischverfahren: 1:100 bis 1:300<\/p>\n<p style=\"margin-bottom: 8px; margin-top: 0px; line-height: 1.6;\">&#8211; in HD-Ger\u00e4ten: 1:100 bis 1:500<\/p>\n<p style=\"margin-bottom: 8px; margin-top: 0px; line-height: 1.6;\">Das Produkt ca. 1 bis 5 Minute(n) einwirken lassen und den gel\u00f6sten Schmutz mittels Lappen, B\u00fcrste, Pinsel oder Wasserstrahl entfernen.<\/p>\n<p style=\"margin-bottom: 10px; margin-top: 30px;\"><strong>TECHNISCHE DATEN<\/strong><\/p>\n<p style=\"margin-bottom: 8px; margin-top: 0px; line-height: 1.6;\"><strong>Form<\/strong>: fl\u00fcssig<\/p>\n<p style=\"margin-bottom: 8px; margin-top: 0px; line-height: 1.6;\"><strong>Dichte (25\u00a0\u00b0<\/strong>C): ca. 1 g\/ml<\/p>\n<p style=\"margin-bottom: 8px; margin-top: 0px; line-height: 1.6;\"><strong>Siedebereich<\/strong>: ca. 100\u00a0\u00b0C<\/p>\n<p style=\"margin-bottom: 8px; margin-top: 0px; line-height: 1.6;\"><strong>pH-Wert (20\u00a0<\/strong>\u00b0<strong>C)<\/strong>:\u00a011,8 &#8211; 12,8<\/p>\n<p style=\"margin-bottom: 8px; margin-top: 0px; line-height: 1.6;\"><strong>Viskosit<\/strong>\u00e4t\u00a0(20\u00a0\u00b0<strong>C)<\/strong>: 10. mPas<\/p>\n<p style=\"margin-bottom: 8px; margin-top: 0px; line-height: 1.6;\"><strong>INHALTSSTOFFE<\/strong>:\u00a0anionische und nichtionische Tenside,\u00a0wasserl\u00f6sliche L\u00f6semittel, NTA, Korrosions- inhibitoren, anorganische Salze, Duftstoffe<\/p>\n","protected":false},"excerpt":{"rendered":"<p>FETT- und EIWEI\u00dfL\u00d6SER EIGENSCHAFTEN &#8211; alkalischer K\u00fcchenreiniger &#8211; intensive Fett- und Eiwei\u00dfl\u00f6serkraft &#8211; kraftvoll, materialschonend, angenehm im Duft &#8211; gutes Trennverm\u00f6gen im Leicht\u00f6lab scheider &#8211; hinterl\u00e4sst streifenfreien Glanz EINSATZGEBIETE Alle alkalibest\u00e4ndigen Materialien, Oberfl\u00e4chen und Einrichtungsgegenst\u00e4nde im K\u00fcchen-bereich und in der Nahrungsmittel-industrie. ANWENDUNG Flamil Fettl\u00f6ser ist ein Konzentrat. &#8211; im Spr\u00fch-\/Schaumverfahren: 1:10 bis 1:50 &#8211; im&#8230;<\/p>\n","protected":false},"featured_media":6045,"template":"","meta":[],"product_brand":[337],"product_cat":[354,357,360],"product_tag":[],"class_list":{"0":"post-6044","1":"product","2":"type-product","3":"status-publish","4":"has-post-thumbnail","6":"product_brand-flore-chemie","7":"product_cat-flore-chemie-produkte","8":"product_cat-hotel-und-gastronomiegewerbe","9":"product_cat-allzweckreiniger-vollwaschmittel-wartungsmittel","11":"first","12":"instock","13":"shipping-taxable","14":"purchasable","15":"product-type-variable","16":"has-default-attributes"},"_links":{"self":[{"href":"https:\/\/e-flore.store\/de\/wp-json\/wp\/v2\/product\/6044","targetHints":{"allow":["GET"]}}],"collection":[{"href":"https:\/\/e-flore.store\/de\/wp-json\/wp\/v2\/product"}],"about":[{"href":"https:\/\/e-flore.store\/de\/wp-json\/wp\/v2\/types\/product"}],"wp:featuredmedia":[{"embeddable":true,"href":"https:\/\/e-flore.store\/de\/wp-json\/wp\/v2\/media\/6045"}],"wp:attachment":[{"href":"https:\/\/e-flore.store\/de\/wp-json\/wp\/v2\/media?parent=6044"}],"wp:term":[{"taxonomy":"product_brand","embeddable":true,"href":"https:\/\/e-flore.store\/de\/wp-json\/wp\/v2\/product_brand?post=6044"},{"taxonomy":"product_cat","embeddable":true,"href":"https:\/\/e-flore.store\/de\/wp-json\/wp\/v2\/product_cat?post=6044"},{"taxonomy":"product_tag","embeddable":true,"href":"https:\/\/e-flore.store\/de\/wp-json\/wp\/v2\/product_tag?post=6044"}],"curies":[{"name":"wp","href":"https:\/\/api.w.org\/{rel}","templated":true}]}}