{"id":6050,"date":"2026-02-03T16:04:14","date_gmt":"2026-02-03T14:04:14","guid":{"rendered":"https:\/\/demo8.izveide.id.lv\/?post_type=product&#038;p=6050"},"modified":"2026-02-18T15:23:50","modified_gmt":"2026-02-18T13:23:50","slug":"flor-konz","status":"publish","type":"product","link":"https:\/\/e-flore.store\/de\/produkt\/flor-konz\/","title":{"rendered":"Flor Konz"},"content":{"rendered":"<p><img decoding=\"async\" style=\"width: 100%; height: auto; display: block;\" src=\"\/wp-content\/uploads\/2026\/01\/0045-PARENT_desc.jpg\" \/><\/p>\n<div id=\"eflore-spacer-v55\" style=\"height: 0px; clear: both; width: 100%; display: block;\"><\/div>\n<p style=\"margin-bottom: 10px; margin-top: 30px;\"><strong>NEUTRALER ALLZWECKREINIGER<\/strong><\/p>\n<p style=\"margin-bottom: 10px; margin-top: 30px;\"><strong>FLOR\u00ae KONZ<\/strong><\/p>\n<p style=\"margin-bottom: 8px; margin-top: 0px; line-height: 1.6;\">l\u00f6st Fett, \u00d6l, Staub, Wachs und andere Verschmutzungen, ist dabei hautfreundlich und frei von APEO, NTA und AOX. FLOR\u00ae KONZ enth\u00e4lt keine Seifen, S\u00e4uren, Ammoniak oder freie Alkalien und ist zur Reinigung aller abwaschbaren Fl\u00e4chen geeignet.<\/p>\n<p style=\"margin-bottom: 10px; margin-top: 30px;\"><strong>ANWENDUNGSBEREICHE<\/strong><\/p>\n<p style=\"margin-bottom: 8px; margin-top: 0px; line-height: 1.6;\">Fu\u00dfb\u00f6den aller Art, Fliesen, Marmor, PVC, Kunststein; wasserfeste Anstriche, abwaschbare Tapeten; lackierte Fl\u00e4chen wie T\u00fcren, Fensterrahmen, Deckenpaneelen; Holz, Leder- und Kunststoffbez\u00fcge, Spiegel- und Glasfl\u00e4chen, Keramik, Nasszellen, Duschen, WC, Badewannen.<\/p>\n<p style=\"margin-bottom: 10px; margin-top: 30px;\"><strong>VERARBEITUNGSHINWEISE<\/strong><\/p>\n<p style=\"margin-bottom: 8px; margin-top: 0px; line-height: 1.6;\">Je nach Anwendungsart und Verschmutzungsgrad wird das Konzentrat mit der 10- bis 500-fachen Menge Wasser verd\u00fcnnt und im Spr\u00fch-, Wisch- oder Tauchverfahren angewandt.<\/p>\n<p style=\"margin-bottom: 10px; margin-top: 30px;\"><strong>WEITERER HINWEIS<\/strong><\/p>\n<p style=\"margin-bottom: 8px; margin-top: 0px; line-height: 1.6;\">Zum Erhalt der Produkteigenschaften FLOR\u00ae KONZ frostfrei lagern. Ab einer Anwendungskonzentration von 1:5 ist FLOR\u00ae KONZ nicht mehr kennzeichnungspflichtig.<\/p>\n<p style=\"margin-bottom: 10px; margin-top: 30px;\"><strong>TECHNISCHE DATEN<\/strong><\/p>\n<p style=\"margin-bottom: 8px; margin-top: 0px; line-height: 1.6;\"><strong>Form<\/strong>: fl\u00fcssig<\/p>\n<p style=\"margin-bottom: 8px; margin-top: 0px; line-height: 1.6;\"><strong>Dichte (20 \u00b0C)<\/strong>: ca. 1,0 g\/ml<\/p>\n<p style=\"margin-bottom: 8px; margin-top: 0px; line-height: 1.6;\"><strong>pH-Wert (Konzentrat)<\/strong>: 6,5 &#8211; 7,0<\/p>\n<p style=\"margin-bottom: 8px; margin-top: 0px; line-height: 1.6;\"><strong>Siedepunkt<\/strong>: &gt; 100 \u00b0C dyn.<\/p>\n<p style=\"margin-bottom: 8px; margin-top: 0px; line-height: 1.6;\"><strong>Viskosit\u00e4t (20 \u00b0C)<\/strong>: ca. 300-600 mPas<\/p>\n<p style=\"margin-bottom: 8px; margin-top: 0px; line-height: 1.6;\"><strong>INHALTSSTOFFE<\/strong>: Anionische, nichtionische und amphotere Tenside, Duftstoffe, Konservierungsstoffe<\/p>\n","protected":false},"excerpt":{"rendered":"<p>NEUTRALER ALLZWECKREINIGER FLOR\u00ae KONZ l\u00f6st Fett, \u00d6l, Staub, Wachs und andere Verschmutzungen, ist dabei hautfreundlich und frei von APEO, NTA und AOX. FLOR\u00ae KONZ enth\u00e4lt keine Seifen, S\u00e4uren, Ammoniak oder freie Alkalien und ist zur Reinigung aller abwaschbaren Fl\u00e4chen geeignet. ANWENDUNGSBEREICHE Fu\u00dfb\u00f6den aller Art, Fliesen, Marmor, PVC, Kunststein; wasserfeste Anstriche, abwaschbare Tapeten; lackierte Fl\u00e4chen wie&#8230;<\/p>\n","protected":false},"featured_media":6051,"template":"","meta":[],"product_brand":[337],"product_cat":[360,354,357],"product_tag":[],"class_list":{"0":"post-6050","1":"product","2":"type-product","3":"status-publish","4":"has-post-thumbnail","6":"product_brand-flore-chemie","7":"product_cat-allzweckreiniger-vollwaschmittel-wartungsmittel","8":"product_cat-flore-chemie-produkte","9":"product_cat-hotel-und-gastronomiegewerbe","11":"first","12":"instock","13":"shipping-taxable","14":"purchasable","15":"product-type-variable","16":"has-default-attributes"},"_links":{"self":[{"href":"https:\/\/e-flore.store\/de\/wp-json\/wp\/v2\/product\/6050","targetHints":{"allow":["GET"]}}],"collection":[{"href":"https:\/\/e-flore.store\/de\/wp-json\/wp\/v2\/product"}],"about":[{"href":"https:\/\/e-flore.store\/de\/wp-json\/wp\/v2\/types\/product"}],"wp:featuredmedia":[{"embeddable":true,"href":"https:\/\/e-flore.store\/de\/wp-json\/wp\/v2\/media\/6051"}],"wp:attachment":[{"href":"https:\/\/e-flore.store\/de\/wp-json\/wp\/v2\/media?parent=6050"}],"wp:term":[{"taxonomy":"product_brand","embeddable":true,"href":"https:\/\/e-flore.store\/de\/wp-json\/wp\/v2\/product_brand?post=6050"},{"taxonomy":"product_cat","embeddable":true,"href":"https:\/\/e-flore.store\/de\/wp-json\/wp\/v2\/product_cat?post=6050"},{"taxonomy":"product_tag","embeddable":true,"href":"https:\/\/e-flore.store\/de\/wp-json\/wp\/v2\/product_tag?post=6050"}],"curies":[{"name":"wp","href":"https:\/\/api.w.org\/{rel}","templated":true}]}}