{"id":6056,"date":"2026-02-03T16:04:15","date_gmt":"2026-02-03T14:04:15","guid":{"rendered":"https:\/\/demo8.izveide.id.lv\/?post_type=product&#038;p=6056"},"modified":"2026-03-26T15:00:51","modified_gmt":"2026-03-26T13:00:51","slug":"smellex-plus-e","status":"publish","type":"product","link":"https:\/\/e-flore.store\/de\/produkt\/smellex-plus-e\/","title":{"rendered":"Smellex Plus E"},"content":{"rendered":"<p><img decoding=\"async\" style=\"width: 100%; height: auto; display: block;\" src=\"\/wp-content\/uploads\/2026\/01\/0186-PARENT_desc.jpg\" \/><\/p>\n<div id=\"eflore-spacer-v55\" style=\"height: 0px; clear: both; width: 100%; display: block;\"><\/div>\n<p style=\"margin-bottom: 10px; margin-top: 30px;\"><strong>SPEZIAL-FETT- und EIWEI\u00dfL\u00d6SER<\/strong><\/p>\n<p style=\"margin-bottom: 8px; margin-top: 0px; line-height: 1.6;\"><strong>Smellex\u00ae Plus E<\/strong> l\u00f6st selbstt\u00e4tig \u00d6le, Fette und Wachse der Nahrungsmittelproduktion. Zerst\u00f6rt Schwefelverbindungen, beseitigt F\u00e4ulnisgeruch. Die in Smellex\u00ae Plus E enthaltenen Enzyme k\u00f6nnen bei optimalen Bedingungen, wie mehreren Stunden Verweilzeit sowie Temperaturen von 25-37 \u00b0C, nat\u00fcrliche Fett- und Eiwei\u00dfverbindungen in kleinere, wasserl\u00f6sliche oder emulgierbare Molek\u00fcle spalten. Enth\u00e4lt L\u00f6semittel nativen Ursprungs. Reagiert leicht alkalisch.<\/p>\n<p style=\"margin-bottom: 10px; margin-top: 30px;\"><strong>ANWENDUNGSBEREICHE<\/strong><\/p>\n<p style=\"margin-bottom: 8px; margin-top: 0px; line-height: 1.6;\">K\u00fcchen, Metzgereien, Abflussrohre, Fettabscheider 1 , M\u00fcllcontainer, M\u00fclldeponien, etc.<\/p>\n<p style=\"margin-bottom: 10px; margin-top: 30px;\"><strong>VERARBEITUNGSHINWEISE<\/strong><\/p>\n<p style=\"margin-bottom: 8px; margin-top: 0px; line-height: 1.6;\">Smellex\u00ae Plus E wird im Spr\u00fch- oder Wischverfahren eingesetzt. Je nach Grad der Verschmutzung ist dem Konzentrat die 10- bis 100fache Menge an Wasser hinzuzuf\u00fcgen und bei Verwendung in HD-Ger\u00e4ten wird eine Verd\u00fcnnung von 1:100 bis 1:500 empfohlen. Smellex\u00ae Plus E vor Verwendung gut aufr\u00fchren und geschlossene R\u00e4ume sind gut durchzul\u00fcften.<\/p>\n<p style=\"margin-bottom: 10px; margin-top: 30px;\"><strong>WEITERE HINWEISE<\/strong><\/p>\n<p style=\"margin-bottom: 8px; margin-top: 0px; line-height: 1.6;\">Bei der Verwendung von Smellex\u00ae Plus E ist die DIN 4040 zu beachten. Zum Erhalt der Produkteigenschaften Smellex\u00ae Plus E frostfrei lagern. Optimale Lagerung bei Temperaturen zwischen 15-25 \u00b0C. Niedere Temperaturen beg\u00fcnstigen zeitweise eine nicht vermeidbare jedoch unproblematische Phasentrennung.<\/p>\n<p style=\"margin-bottom: 8px; margin-top: 0px; line-height: 1.6;\">Ab einer Anwendungskonzentration von 1:100 ist Smellex\u00ae Plus E nicht mehr kennzeichnungspflichtig.<\/p>\n<p style=\"margin-bottom: 10px; margin-top: 30px;\"><strong>TECHNISCHE DATEN<\/strong><\/p>\n<p style=\"margin-bottom: 8px; margin-top: 0px; line-height: 1.6;\"><strong>Form<\/strong>: fl\u00fcssig<\/p>\n<p style=\"margin-bottom: 8px; margin-top: 0px; line-height: 1.6;\"><strong>Dichte (20 \u00b0C)<\/strong>: 1,0 g\/ml<\/p>\n<p style=\"margin-bottom: 8px; margin-top: 0px; line-height: 1.6;\"><strong>pH-Wert (Konz)<\/strong>: 8,0 &#8211; 8,5<\/p>\n<p style=\"margin-bottom: 8px; margin-top: 0px; line-height: 1.6;\"><strong>Flammpunkt<\/strong>: 52 \u00b0C<\/p>\n<p style=\"margin-bottom: 8px; margin-top: 0px; line-height: 1.6;\"><strong>INHALTSSTOFFE<\/strong>: anionische und nichtionische Tenside, Citrusterpene, Enzyme, Protease und Lipase, Konservierungsmittel<\/p>\n","protected":false},"excerpt":{"rendered":"<p>SPEZIAL-FETT- und EIWEI\u00dfL\u00d6SER Smellex\u00ae Plus E l\u00f6st selbstt\u00e4tig \u00d6le, Fette und Wachse der Nahrungsmittelproduktion. Zerst\u00f6rt Schwefelverbindungen, beseitigt F\u00e4ulnisgeruch. Die in Smellex\u00ae Plus E enthaltenen Enzyme k\u00f6nnen bei optimalen Bedingungen, wie mehreren Stunden Verweilzeit sowie Temperaturen von 25-37 \u00b0C, nat\u00fcrliche Fett- und Eiwei\u00dfverbindungen in kleinere, wasserl\u00f6sliche oder emulgierbare Molek\u00fcle spalten. Enth\u00e4lt L\u00f6semittel nativen Ursprungs. Reagiert leicht&#8230;<\/p>\n","protected":false},"featured_media":6057,"template":"","meta":[],"product_brand":[337],"product_cat":[354,357,360],"product_tag":[],"class_list":{"0":"post-6056","1":"product","2":"type-product","3":"status-publish","4":"has-post-thumbnail","6":"product_brand-flore-chemie","7":"product_cat-flore-chemie-produkte","8":"product_cat-hotel-und-gastronomiegewerbe","9":"product_cat-allzweckreiniger-vollwaschmittel-wartungsmittel","11":"first","12":"instock","13":"shipping-taxable","14":"purchasable","15":"product-type-variable","16":"has-default-attributes"},"_links":{"self":[{"href":"https:\/\/e-flore.store\/de\/wp-json\/wp\/v2\/product\/6056","targetHints":{"allow":["GET"]}}],"collection":[{"href":"https:\/\/e-flore.store\/de\/wp-json\/wp\/v2\/product"}],"about":[{"href":"https:\/\/e-flore.store\/de\/wp-json\/wp\/v2\/types\/product"}],"wp:featuredmedia":[{"embeddable":true,"href":"https:\/\/e-flore.store\/de\/wp-json\/wp\/v2\/media\/6057"}],"wp:attachment":[{"href":"https:\/\/e-flore.store\/de\/wp-json\/wp\/v2\/media?parent=6056"}],"wp:term":[{"taxonomy":"product_brand","embeddable":true,"href":"https:\/\/e-flore.store\/de\/wp-json\/wp\/v2\/product_brand?post=6056"},{"taxonomy":"product_cat","embeddable":true,"href":"https:\/\/e-flore.store\/de\/wp-json\/wp\/v2\/product_cat?post=6056"},{"taxonomy":"product_tag","embeddable":true,"href":"https:\/\/e-flore.store\/de\/wp-json\/wp\/v2\/product_tag?post=6056"}],"curies":[{"name":"wp","href":"https:\/\/api.w.org\/{rel}","templated":true}]}}