{"id":6062,"date":"2026-02-03T16:04:19","date_gmt":"2026-02-03T14:04:19","guid":{"rendered":"https:\/\/demo8.izveide.id.lv\/?post_type=product&#038;p=6062"},"modified":"2026-02-18T15:25:34","modified_gmt":"2026-02-18T13:25:34","slug":"florin-wh-ultra","status":"publish","type":"product","link":"https:\/\/e-flore.store\/de\/produkt\/florin-wh-ultra\/","title":{"rendered":"Florin WH Ultra"},"content":{"rendered":"<p><img decoding=\"async\" style=\"width: 100%; height: auto; display: block;\" src=\"\/wp-content\/uploads\/2026\/01\/0568-PARENT_desc.jpg\" \/><\/p>\n<div id=\"eflore-spacer-v55\" style=\"height: 0px; clear: both; width: 100%; display: block;\"><\/div>\n<p style=\"margin-bottom: 10px; margin-top: 30px;\"><strong>STARK\u00a0SAURER SPEZIALREINIGER<\/strong><\/p>\n<p style=\"margin-bottom: 10px; margin-top: 30px;\"><strong>FLORIN\u00ae WH ULTRA<\/strong><\/p>\n<p style=\"margin-bottom: 8px; margin-top: 0px; line-height: 1.6;\">ist ein stark saurer Industriereiniger, der schnell und sicher Kalk- und Fettr\u00fcckst\u00e4nde, mineralische Ablagerungen sowie Flugrost und Bremsstaub von s\u00e4urefesten Hartfl\u00e4chen entfernt. Auch extremste Verschmutzungen werden wirksam eliminiert von FLORIN\u00ae WH ULTRA, das dabei frei von freier Flusss\u00e4ure ist.<\/p>\n<p style=\"margin-bottom: 10px; margin-top: 30px;\"><strong>ANWENDUNGSBEREICHE<\/strong><\/p>\n<p style=\"margin-bottom: 8px; margin-top: 0px; line-height: 1.6;\">Waschhallen, Fabrikationshallen, Werkst\u00e4tten, Industrieb\u00f6den, Fliesen, Fassaden.<\/p>\n<p style=\"margin-bottom: 10px; margin-top: 30px;\"><strong>VERARBEITUNGSHINWEISE<\/strong><\/p>\n<p style=\"margin-bottom: 8px; margin-top: 0px; line-height: 1.6;\">Vor Anwendung auf Fl\u00e4chen, bei denen Ungewissheit bzgl. der Materialvertr\u00e4glichkeit besteht, bitte Vortest an verdeckter Stelle durchf\u00fchren! Nicht auf Edelstahl anwenden! S\u00e4urehaltig &#8211; nicht auf hei\u00dfe Fl\u00e4chen auftragen. Immer das Produkt zum Wasser geben, nie umgekehrt. FLORIN\u00ae WH ULTRA mit kaltem Wasser 1:3 bis 1:20 verd\u00fcnnen und mit Schrubber, B\u00fcrste oder kr\u00e4ftigem Strahl eines Druckspr\u00fchger\u00e4tes auftragen, nicht vernebeln. Nach kurzer Einwirkzeit gr\u00fcndlich mit kaltem Wasser absp\u00fclen.<\/p>\n<p style=\"margin-bottom: 10px; margin-top: 30px;\"><strong>WEITERE HINWEISE<\/strong><\/p>\n<p style=\"margin-bottom: 8px; margin-top: 0px; line-height: 1.6;\">Zum Erhalt der Produkteigenschaften FLORIN\u00ae WH ULTRA frostfrei lagern.<\/p>\n<p style=\"margin-bottom: 8px; margin-top: 0px; line-height: 1.6;\">Ab einer Anwendungskonzentration von 1:50 ist FLORIN\u00ae WH ULTRA nicht mehr kennzeichnungspflichtig.<\/p>\n<p style=\"margin-bottom: 10px; margin-top: 30px;\"><strong>TECHNISCHE DATEN<\/strong><\/p>\n<p style=\"margin-bottom: 8px; margin-top: 0px; line-height: 1.6;\"><strong>Form<\/strong>: fl\u00fcssig<\/p>\n<p style=\"margin-bottom: 8px; margin-top: 0px; line-height: 1.6;\"><strong>Dichte (20 \u00b0C)<\/strong>: 1,15 g\/ml<\/p>\n<p style=\"margin-bottom: 8px; margin-top: 0px; line-height: 1.6;\"><strong>pH-Wert (1%)<\/strong>: 1 &#8211; 2<\/p>\n<p style=\"margin-bottom: 8px; margin-top: 0px; line-height: 1.6;\"><strong>INHALTSSTOFFE<\/strong>: anorganische S\u00e4uren, Fluorid, L\u00f6severmittler, Tenside<\/p>\n","protected":false},"excerpt":{"rendered":"<p>STARK\u00a0SAURER SPEZIALREINIGER FLORIN\u00ae WH ULTRA ist ein stark saurer Industriereiniger, der schnell und sicher Kalk- und Fettr\u00fcckst\u00e4nde, mineralische Ablagerungen sowie Flugrost und Bremsstaub von s\u00e4urefesten Hartfl\u00e4chen entfernt. Auch extremste Verschmutzungen werden wirksam eliminiert von FLORIN\u00ae WH ULTRA, das dabei frei von freier Flusss\u00e4ure ist. ANWENDUNGSBEREICHE Waschhallen, Fabrikationshallen, Werkst\u00e4tten, Industrieb\u00f6den, Fliesen, Fassaden. VERARBEITUNGSHINWEISE Vor Anwendung auf&#8230;<\/p>\n","protected":false},"featured_media":6063,"template":"","meta":[],"product_brand":[337],"product_cat":[354,357,360],"product_tag":[],"class_list":{"0":"post-6062","1":"product","2":"type-product","3":"status-publish","4":"has-post-thumbnail","6":"product_brand-flore-chemie","7":"product_cat-flore-chemie-produkte","8":"product_cat-hotel-und-gastronomiegewerbe","9":"product_cat-allzweckreiniger-vollwaschmittel-wartungsmittel","11":"first","12":"instock","13":"shipping-taxable","14":"purchasable","15":"product-type-variable","16":"has-default-attributes"},"_links":{"self":[{"href":"https:\/\/e-flore.store\/de\/wp-json\/wp\/v2\/product\/6062","targetHints":{"allow":["GET"]}}],"collection":[{"href":"https:\/\/e-flore.store\/de\/wp-json\/wp\/v2\/product"}],"about":[{"href":"https:\/\/e-flore.store\/de\/wp-json\/wp\/v2\/types\/product"}],"wp:featuredmedia":[{"embeddable":true,"href":"https:\/\/e-flore.store\/de\/wp-json\/wp\/v2\/media\/6063"}],"wp:attachment":[{"href":"https:\/\/e-flore.store\/de\/wp-json\/wp\/v2\/media?parent=6062"}],"wp:term":[{"taxonomy":"product_brand","embeddable":true,"href":"https:\/\/e-flore.store\/de\/wp-json\/wp\/v2\/product_brand?post=6062"},{"taxonomy":"product_cat","embeddable":true,"href":"https:\/\/e-flore.store\/de\/wp-json\/wp\/v2\/product_cat?post=6062"},{"taxonomy":"product_tag","embeddable":true,"href":"https:\/\/e-flore.store\/de\/wp-json\/wp\/v2\/product_tag?post=6062"}],"curies":[{"name":"wp","href":"https:\/\/api.w.org\/{rel}","templated":true}]}}