{"id":6068,"date":"2026-02-03T16:04:19","date_gmt":"2026-02-03T14:04:19","guid":{"rendered":"https:\/\/demo8.izveide.id.lv\/?post_type=product&#038;p=6068"},"modified":"2026-03-26T15:00:46","modified_gmt":"2026-03-26T13:00:46","slug":"florin-wh-super","status":"publish","type":"product","link":"https:\/\/e-flore.store\/de\/produkt\/florin-wh-super\/","title":{"rendered":"Florin WH Super"},"content":{"rendered":"<p><img decoding=\"async\" style=\"width: 100%; height: auto; display: block;\" src=\"\/wp-content\/uploads\/2026\/01\/0166-PARENT_desc.jpg\" \/><\/p>\n<div id=\"eflore-spacer-v55\" style=\"height: 0px; clear: both; width: 100%; display: block;\"><\/div>\n<p style=\"margin-bottom: 10px; margin-top: 30px;\"><strong>SPEZIALREINIGER\u00a0F\u00dcR WASCHHALLEN<\/strong><\/p>\n<p style=\"margin-bottom: 10px; margin-top: 30px;\"><strong>FLORIN\u00ae WH SUPER<\/strong><\/p>\n<p style=\"margin-bottom: 8px; margin-top: 0px; line-height: 1.6;\">ist ein saurer, flusss\u00e4urefreier Industriereiniger. FLORIN\u00ae WH SUPER entfernt schnell und sicher Kalk-Fett-Verbindungen, mineralische Ablagerungen, Flugrost und Bremsstaub von s\u00e4urefesten Hartfl\u00e4chen.<\/p>\n<p style=\"margin-bottom: 10px; margin-top: 30px;\"><strong>ANWENDUNGSBEREICHE<\/strong><\/p>\n<p style=\"margin-bottom: 8px; margin-top: 0px; line-height: 1.6;\">Waschhallen, Tankstellen, Autowerkst\u00e4tten, Industriebetriebe, Speditionsunternehmen.<\/p>\n<p style=\"margin-bottom: 10px; margin-top: 30px;\"><strong>VERARBEITUNGSHINWEISE<\/strong><\/p>\n<p style=\"margin-bottom: 8px; margin-top: 0px; line-height: 1.6;\">Zur Grundreinigung Florin\u00ae WH Super konzentriert oder bis zu einer Verd\u00fcnnung von 1:5 mit kaltem Wasser verwenden. Zur Nachfolgereinigung FLORIN\u00ae WH SUPER mit einer Verd\u00fcnnung 1:10 bis 1:20 mit kaltem Wasser anwenden. Produkt aufspr\u00fchen oder mit B\u00fcrste auftragen, nicht vernebeln. Danach mit HD-Ger\u00e4t oder hartem Wasserstrahl abwaschen.<\/p>\n<p style=\"margin-bottom: 10px; margin-top: 30px;\"><strong>WEITERE HINWEISE<\/strong><\/p>\n<p style=\"margin-bottom: 8px; margin-top: 0px; line-height: 1.6;\">Vor Anwendung auf Fl\u00e4chen bei denen Ungewissheit bzgl. der Materialvertr\u00e4glichkeit besteht, Vortest an verdeckter Stelle durchf\u00fchren! Nicht auf Edelstahl anwenden! S\u00e4urehaltig &#8211; nicht auf hei\u00dfe Fl\u00e4chen auftragen. Immer das Produkt zum Wasser geben, nie umgekehrt. Ab einer Anwendungskonzentration von 1:30 ist FLORIN\u00ae WH SUPER nicht mehr kennzeichnungspflichtig.<\/p>\n<p style=\"margin-bottom: 10px; margin-top: 30px;\"><strong>TECHNISCHE DATEN<\/strong><\/p>\n<p style=\"margin-bottom: 8px; margin-top: 0px; line-height: 1.6;\"><strong>Form<\/strong>: fl\u00fcssig<\/p>\n<p style=\"margin-bottom: 8px; margin-top: 0px; line-height: 1.6;\"><strong>Dichte (20 \u00b0C)<\/strong>: 1,2 g\/ml<\/p>\n<p style=\"margin-bottom: 8px; margin-top: 0px; line-height: 1.6;\"><strong>pH-Wert (1%)<\/strong>: 1<\/p>\n<p style=\"margin-bottom: 8px; margin-top: 0px; line-height: 1.6;\"><strong>INHALTSSTOFFE<\/strong>: anorganische S\u00e4uren, nichtionische Tenside, Hilfs-, Duftund Farbstoffe<\/p>\n","protected":false},"excerpt":{"rendered":"<p>SPEZIALREINIGER\u00a0F\u00dcR WASCHHALLEN FLORIN\u00ae WH SUPER ist ein saurer, flusss\u00e4urefreier Industriereiniger. FLORIN\u00ae WH SUPER entfernt schnell und sicher Kalk-Fett-Verbindungen, mineralische Ablagerungen, Flugrost und Bremsstaub von s\u00e4urefesten Hartfl\u00e4chen. ANWENDUNGSBEREICHE Waschhallen, Tankstellen, Autowerkst\u00e4tten, Industriebetriebe, Speditionsunternehmen. VERARBEITUNGSHINWEISE Zur Grundreinigung Florin\u00ae WH Super konzentriert oder bis zu einer Verd\u00fcnnung von 1:5 mit kaltem Wasser verwenden. Zur Nachfolgereinigung FLORIN\u00ae WH SUPER&#8230;<\/p>\n","protected":false},"featured_media":6069,"template":"","meta":[],"product_brand":[337],"product_cat":[354,357,360],"product_tag":[],"class_list":{"0":"post-6068","1":"product","2":"type-product","3":"status-publish","4":"has-post-thumbnail","6":"product_brand-flore-chemie","7":"product_cat-flore-chemie-produkte","8":"product_cat-hotel-und-gastronomiegewerbe","9":"product_cat-allzweckreiniger-vollwaschmittel-wartungsmittel","11":"first","12":"instock","13":"shipping-taxable","14":"purchasable","15":"product-type-variable","16":"has-default-attributes"},"_links":{"self":[{"href":"https:\/\/e-flore.store\/de\/wp-json\/wp\/v2\/product\/6068","targetHints":{"allow":["GET"]}}],"collection":[{"href":"https:\/\/e-flore.store\/de\/wp-json\/wp\/v2\/product"}],"about":[{"href":"https:\/\/e-flore.store\/de\/wp-json\/wp\/v2\/types\/product"}],"wp:featuredmedia":[{"embeddable":true,"href":"https:\/\/e-flore.store\/de\/wp-json\/wp\/v2\/media\/6069"}],"wp:attachment":[{"href":"https:\/\/e-flore.store\/de\/wp-json\/wp\/v2\/media?parent=6068"}],"wp:term":[{"taxonomy":"product_brand","embeddable":true,"href":"https:\/\/e-flore.store\/de\/wp-json\/wp\/v2\/product_brand?post=6068"},{"taxonomy":"product_cat","embeddable":true,"href":"https:\/\/e-flore.store\/de\/wp-json\/wp\/v2\/product_cat?post=6068"},{"taxonomy":"product_tag","embeddable":true,"href":"https:\/\/e-flore.store\/de\/wp-json\/wp\/v2\/product_tag?post=6068"}],"curies":[{"name":"wp","href":"https:\/\/api.w.org\/{rel}","templated":true}]}}