{"id":6074,"date":"2026-02-03T16:04:20","date_gmt":"2026-02-03T14:04:20","guid":{"rendered":"https:\/\/demo8.izveide.id.lv\/?post_type=product&#038;p=6074"},"modified":"2026-02-18T15:26:44","modified_gmt":"2026-02-18T13:26:44","slug":"alk-cachemire","status":"publish","type":"product","link":"https:\/\/e-flore.store\/de\/produkt\/alk-cachemire\/","title":{"rendered":"ALK CACHEMIRE"},"content":{"rendered":"<p><img decoding=\"async\" style=\"width: 100%; height: auto; display: block;\" src=\"\/wp-content\/uploads\/2026\/01\/P006-PARENT_desc.jpg\" \/><\/p>\n<div id=\"eflore-spacer-v55\" style=\"height: 0px; clear: both; width: 100%; display: block;\"><\/div>\n<p style=\"margin-bottom: 10px; margin-top: 30px;\"><strong>FL\u00dcSSIGWASCHMITTEL ZUM WASCHEN VON WOLLE UND EMPFINDLICHEN STOFFEN<\/strong><\/p>\n<p style=\"margin-bottom: 10px; margin-top: 30px;\"><strong>Hauptmerkmale<\/strong><\/p>\n<p style=\"margin-bottom: 8px; margin-top: 0px; line-height: 1.6;\">Neutrales Fl\u00fcssigwaschmittel mit Blumenduft f\u00fcr die Hand- und Maschinenw\u00e4sche von Feinw\u00e4sche, Wollkleidung etc. Das Produkt ist reich an speziellen Tensiden, komplett mit Additiven und optischen Aufhellern, die hervorragende Reinigungsergebnisse erzielen, ohne die Fasern zu besch\u00e4digen oder zu verfilzen.<\/p>\n<p style=\"margin-bottom: 10px; margin-top: 30px;\"><strong>Anwendungsbereiche<\/strong><\/p>\n<p style=\"margin-bottom: 8px; margin-top: 0px; line-height: 1.6;\">W\u00e4sche waschen<\/p>\n<p style=\"margin-bottom: 10px; margin-top: 30px;\"><strong>Benutzerhinweise<\/strong><\/p>\n<p style=\"margin-bottom: 8px; margin-top: 0px; line-height: 1.6;\">Die angegebenen Dosierungen gelten f\u00fcr das Waschen in mittelhartem Wasser (10-20 \u00b0F) und pro kg Trockenw\u00e4sche.<\/p>\n<table style=\"width: 100%; border-collapse: collapse; margin-bottom: 8px;\">\n<thead>\n<tr style=\"background-color: #f9f9f9;\">\n<th style=\"padding: 8px; border: 1px solid #ddd; text-align: left;\">Art der Verschmutzung<\/th>\n<th style=\"padding: 8px; border: 1px solid #ddd; text-align: left;\">Dosis<\/th>\n<th style=\"padding: 8px; border: 1px solid #ddd; text-align: left;\">Art der Verschmutzung<\/th>\n<th style=\"padding: 8px; border: 1px solid #ddd; text-align: left;\">Dosis<\/th>\n<\/tr>\n<\/thead>\n<tbody>\n<tr>\n<td style=\"padding: 8px; border: 1px solid #ddd;\">Licht<\/td>\n<td style=\"padding: 8px; border: 1px solid #ddd;\">5 &#8211; 10 g\/kg Trockenw\u00e4sche<\/td>\n<td style=\"padding: 8px; border: 1px solid #ddd;\">Schwer<\/td>\n<td style=\"padding: 8px; border: 1px solid #ddd;\">15 &#8211; 20 g\/kg Trockenw\u00e4sche<\/td>\n<\/tr>\n<tr>\n<td style=\"padding: 8px; border: 1px solid #ddd;\">Medium<\/td>\n<td style=\"padding: 8px; border: 1px solid #ddd;\">10 \u2013 15 g\/kg Trockenw\u00e4sche<\/td>\n<td style=\"padding: 8px; border: 1px solid #ddd;\">Einweichen<\/td>\n<td style=\"padding: 8px; border: 1px solid #ddd;\">5 \u2013 10 g\/kg Trockenw\u00e4sche<\/td>\n<\/tr>\n<\/tbody>\n<\/table>\n<p style=\"margin-bottom: 8px; margin-top: 0px; line-height: 1.6;\"><strong>HANDW\u00c4SCHE:<\/strong> Lassen Sie die W\u00e4sche mindestens 5 Minuten einweichen, fahren Sie mit dem Waschen fort und sp\u00fclen Sie sie gr\u00fcndlich mit kaltem Wasser aus.<\/p>\n<p style=\"margin-bottom: 8px; margin-top: 0px; line-height: 1.6;\"><strong>WASCHEN IN DER WASCHMASCHINE:<\/strong> Geben Sie das Produkt in die daf\u00fcr vorgesehene Kammer und f\u00fchren Sie den Waschgang f\u00fcr empfindliche Kleidungsst\u00fccke durch. Befolgen Sie dabei die Bedienungsanleitung der Waschmaschine.<\/p>\n<p style=\"margin-bottom: 10px; margin-top: 30px;\"><strong>Chemisch-physikalische technische Daten<\/strong><\/p>\n<p style=\"margin-bottom: 8px; margin-top: 0px; line-height: 1.6;\"><strong>Aussehen:<\/strong> klare Fl\u00fcssigkeit<\/p>\n<p style=\"margin-bottom: 8px; margin-top: 0px; line-height: 1.6;\"><strong>Farbe:<\/strong> rosa<\/p>\n<p style=\"margin-bottom: 8px; margin-top: 0px; line-height: 1.6;\"><strong>Geruch:<\/strong> Blumenduft<\/p>\n<p style=\"margin-bottom: 8px; margin-top: 0px; line-height: 1.6;\"><strong>Dichte:<\/strong> 1,00 +\/- 0,02 bei 20 \u00b0C<\/p>\n<p style=\"margin-bottom: 8px; margin-top: 0px; line-height: 1.6;\"><strong>pH:<\/strong> 8,37 +\/- 0,5<\/p>\n<p style=\"margin-bottom: 8px; margin-top: 0px; line-height: 1.6;\"><strong>Tenside:<\/strong> anionisch, nichtionisch<\/p>\n<p style=\"margin-bottom: 8px; margin-top: 0px; line-height: 1.6;\"><strong>Biologische Abbaubarkeit:<\/strong> \u00fcber 90 %<\/p>\n<p style=\"margin-bottom: 8px; margin-top: 0px; line-height: 1.6;\"><strong>Achtung!<\/strong> Lesen Sie vor Gebrauch das Sicherheitsdatenblatt sorgf\u00e4ltig durch.<\/p>\n","protected":false},"excerpt":{"rendered":"<p>FL\u00dcSSIGWASCHMITTEL ZUM WASCHEN VON WOLLE UND EMPFINDLICHEN STOFFEN Hauptmerkmale Neutrales Fl\u00fcssigwaschmittel mit Blumenduft f\u00fcr die Hand- und Maschinenw\u00e4sche von Feinw\u00e4sche, Wollkleidung etc. Das Produkt ist reich an speziellen Tensiden, komplett mit Additiven und optischen Aufhellern, die hervorragende Reinigungsergebnisse erzielen, ohne die Fasern zu besch\u00e4digen oder zu verfilzen. Anwendungsbereiche W\u00e4sche waschen Benutzerhinweise Die angegebenen Dosierungen gelten&#8230;<\/p>\n","protected":false},"featured_media":6075,"template":"","meta":[],"product_brand":[342],"product_cat":[354,357,360],"product_tag":[],"class_list":{"0":"post-6074","1":"product","2":"type-product","3":"status-publish","4":"has-post-thumbnail","6":"product_brand-serpento-future-chemicals","7":"product_cat-flore-chemie-produkte","8":"product_cat-hotel-und-gastronomiegewerbe","9":"product_cat-allzweckreiniger-vollwaschmittel-wartungsmittel","11":"first","12":"instock","13":"shipping-taxable","14":"purchasable","15":"product-type-variable","16":"has-default-attributes"},"_links":{"self":[{"href":"https:\/\/e-flore.store\/de\/wp-json\/wp\/v2\/product\/6074","targetHints":{"allow":["GET"]}}],"collection":[{"href":"https:\/\/e-flore.store\/de\/wp-json\/wp\/v2\/product"}],"about":[{"href":"https:\/\/e-flore.store\/de\/wp-json\/wp\/v2\/types\/product"}],"wp:featuredmedia":[{"embeddable":true,"href":"https:\/\/e-flore.store\/de\/wp-json\/wp\/v2\/media\/6075"}],"wp:attachment":[{"href":"https:\/\/e-flore.store\/de\/wp-json\/wp\/v2\/media?parent=6074"}],"wp:term":[{"taxonomy":"product_brand","embeddable":true,"href":"https:\/\/e-flore.store\/de\/wp-json\/wp\/v2\/product_brand?post=6074"},{"taxonomy":"product_cat","embeddable":true,"href":"https:\/\/e-flore.store\/de\/wp-json\/wp\/v2\/product_cat?post=6074"},{"taxonomy":"product_tag","embeddable":true,"href":"https:\/\/e-flore.store\/de\/wp-json\/wp\/v2\/product_tag?post=6074"}],"curies":[{"name":"wp","href":"https:\/\/api.w.org\/{rel}","templated":true}]}}