{"id":6078,"date":"2026-02-03T16:04:21","date_gmt":"2026-02-03T14:04:21","guid":{"rendered":"https:\/\/demo8.izveide.id.lv\/?post_type=product&#038;p=6078"},"modified":"2026-03-26T15:00:36","modified_gmt":"2026-03-26T13:00:36","slug":"florin-s-plus","status":"publish","type":"product","link":"https:\/\/e-flore.store\/de\/produkt\/florin-s-plus\/","title":{"rendered":"Florin S Plus"},"content":{"rendered":"<p><img decoding=\"async\" style=\"width: 100%; height: auto; display: block;\" src=\"\/wp-content\/uploads\/2026\/01\/0014-PARENT_desc.jpg\" \/><\/p>\n<div id=\"eflore-spacer-v55\" style=\"height: 0px; clear: both; width: 100%; display: block;\"><\/div>\n<p style=\"margin-bottom: 8px; margin-top: 0px; line-height: 1.6;\"><strong>KALK- UND EIWEI\u00dfL\u00d6SER\u00a0F\u00dcR\u00a0DEN GESAMTEN K\u00dcCHEN- UND SANIT\u00c4RBEREICH<\/strong><\/p>\n<p style=\"margin-bottom: 10px; margin-top: 30px;\"><strong>FLORIN\u00ae S PLUS<\/strong><\/p>\n<p style=\"margin-bottom: 8px; margin-top: 0px; line-height: 1.6;\">l\u00f6st streifenfrei kombinierte Kalk-, Fett- und Eiwei\u00dfr\u00fcckst\u00e4nde in einem Arbeitsgang und hinterl\u00e4sst keine Wasserr\u00e4nder. M\u00fchelos werden Mineral- und Urinsteinablagerungen sowie Rost von Anlagen und Objekten verschiedenster Art entfernt. FLORIN\u00ae S PLUS greift bei bestimmungsgem\u00e4\u00dfer Anwendung Metalle, Chrom, Edelstahl, Gummi und Dichtungsmassen nicht an und ist eine Alternative zu schwefel- und salzs\u00e4urehaltigen Reinigern. Bei regelm\u00e4\u00dfiger Anwendung verl\u00e4ngert es die Lebensdauer von Anlagen und Apparaten. FLORIN\u00ae S PLUS ist frei von AOX, EDTA und NTA. Bei sachgem\u00e4\u00dfer Anwendung auch f\u00fcr den Lebensmittelbereich wie B\u00e4ckereien, Metzgereien, K\u00fcchen, Molkereien, Schlachth\u00f6fe, Bauereien etc. geeignet.<\/p>\n<p style=\"margin-bottom: 10px; margin-top: 30px;\"><strong>ANWENDUNGSBEREICHE<\/strong><\/p>\n<p style=\"margin-bottom: 8px; margin-top: 0px; line-height: 1.6;\">alle Fl\u00e4chen, die regelm\u00e4\u00dfig von Kalk-, Fett- und Eiwei\u00dfr\u00fcckst\u00e4nden befreit werden m\u00fcssen.<\/p>\n<p style=\"margin-bottom: 10px; margin-top: 30px;\"><strong>VERARBEITUNGSHINWEISE<\/strong><\/p>\n<p style=\"margin-bottom: 8px; margin-top: 0px; line-height: 1.6;\">Die Verd\u00fcnnung des Konzentrates richtet sich nach dem Einsatzbereich und Verschmutzungsgrad. Verarbeitung im Tauch- und Wischverfahren (1:10 bis 1:100), mittels Druckspr\u00fcher (konzentrierten Strahl verwenden!) oder Schaumkanone. Nach Anwendung im Lebensmittelbereich hinreichend mit Trinkwasser, ansonsten mit klarem Wasser sp\u00fclen.<\/p>\n<p style=\"margin-bottom: 10px; margin-top: 30px;\"><strong>WEITERE HINWEISE<\/strong><\/p>\n<p style=\"margin-bottom: 8px; margin-top: 0px; line-height: 1.6;\">Direkter Kontakt mit Lebensmitteln und lebensmittelf\u00fchrenden Gegenst\u00e4nden ist zu vermeiden! Vor dem Einsatz auf nicht genannten Materialien Vortest an verdeckter Stelle durchf\u00fchren. Zum Erhalt der Produkteigenschaften FLORIN\u00ae S PLUS frostfrei lagern.<\/p>\n<p style=\"margin-bottom: 10px; margin-top: 30px;\"><strong>TECHNISCHE DATEN<\/strong><\/p>\n<p style=\"margin-bottom: 8px; margin-top: 0px; line-height: 1.6;\"><strong>Form<\/strong>: fl\u00fcssig<\/p>\n<p style=\"margin-bottom: 8px; margin-top: 0px; line-height: 1.6;\"><strong>Dichte (20 \u00b0C)<\/strong>: 1,08 g\/cm\u00b3<\/p>\n<p style=\"margin-bottom: 8px; margin-top: 0px; line-height: 1.6;\"><strong>pH-Wert (2%)<\/strong>: 1-2<\/p>\n<p style=\"margin-bottom: 8px; margin-top: 0px; line-height: 1.6;\"><strong>INHALTSSTOFFE<\/strong>: Phosphors\u00e4ure, Amidosulfons\u00e4ure, kationische undnichtionische Tenside, Farb-, Duft- und Hilfsstoffe<\/p>\n","protected":false},"excerpt":{"rendered":"<p>KALK- UND EIWEI\u00dfL\u00d6SER\u00a0F\u00dcR\u00a0DEN GESAMTEN K\u00dcCHEN- UND SANIT\u00c4RBEREICH FLORIN\u00ae S PLUS l\u00f6st streifenfrei kombinierte Kalk-, Fett- und Eiwei\u00dfr\u00fcckst\u00e4nde in einem Arbeitsgang und hinterl\u00e4sst keine Wasserr\u00e4nder. M\u00fchelos werden Mineral- und Urinsteinablagerungen sowie Rost von Anlagen und Objekten verschiedenster Art entfernt. FLORIN\u00ae S PLUS greift bei bestimmungsgem\u00e4\u00dfer Anwendung Metalle, Chrom, Edelstahl, Gummi und Dichtungsmassen nicht an und ist&#8230;<\/p>\n","protected":false},"featured_media":6079,"template":"","meta":[],"product_brand":[337],"product_cat":[360,354,357],"product_tag":[],"class_list":{"0":"post-6078","1":"product","2":"type-product","3":"status-publish","4":"has-post-thumbnail","6":"product_brand-flore-chemie","7":"product_cat-allzweckreiniger-vollwaschmittel-wartungsmittel","8":"product_cat-flore-chemie-produkte","9":"product_cat-hotel-und-gastronomiegewerbe","11":"first","12":"instock","13":"shipping-taxable","14":"purchasable","15":"product-type-variable","16":"has-default-attributes"},"_links":{"self":[{"href":"https:\/\/e-flore.store\/de\/wp-json\/wp\/v2\/product\/6078","targetHints":{"allow":["GET"]}}],"collection":[{"href":"https:\/\/e-flore.store\/de\/wp-json\/wp\/v2\/product"}],"about":[{"href":"https:\/\/e-flore.store\/de\/wp-json\/wp\/v2\/types\/product"}],"wp:featuredmedia":[{"embeddable":true,"href":"https:\/\/e-flore.store\/de\/wp-json\/wp\/v2\/media\/6079"}],"wp:attachment":[{"href":"https:\/\/e-flore.store\/de\/wp-json\/wp\/v2\/media?parent=6078"}],"wp:term":[{"taxonomy":"product_brand","embeddable":true,"href":"https:\/\/e-flore.store\/de\/wp-json\/wp\/v2\/product_brand?post=6078"},{"taxonomy":"product_cat","embeddable":true,"href":"https:\/\/e-flore.store\/de\/wp-json\/wp\/v2\/product_cat?post=6078"},{"taxonomy":"product_tag","embeddable":true,"href":"https:\/\/e-flore.store\/de\/wp-json\/wp\/v2\/product_tag?post=6078"}],"curies":[{"name":"wp","href":"https:\/\/api.w.org\/{rel}","templated":true}]}}