{"id":6088,"date":"2026-02-03T14:04:22","date_gmt":"2026-02-03T14:04:22","guid":{"rendered":"https:\/\/demo8.izveide.id.lv\/?post_type=product&#038;p=6088"},"modified":"2026-02-19T10:36:44","modified_gmt":"2026-02-19T08:36:44","slug":"alk-candor-bq","status":"publish","type":"product","link":"https:\/\/e-flore.store\/de\/produkt\/alk-candor-bq\/","title":{"rendered":"ALK CANDOR BQ"},"content":{"rendered":"<p><img decoding=\"async\" style=\"display: block; margin-left: auto; margin-right: auto; width: 100%; height: auto;\" src=\"\/wp-content\/uploads\/2026\/02\/ALK-CANDOR-BQ-code-P004_P004-PARENT_desc.jpg\" \/><\/p>\n<p style=\"margin-bottom: 10px; margin-top: 30px;\"><strong>FL\u00dcSSIGWASCHMITTEL ZUM WASCHEN IN WASCHMASCHINEN<\/strong><\/p>\n<p style=\"margin-bottom: 10px; margin-top: 30px;\"><strong>Hauptmerkmale<\/strong><\/p>\n<p style=\"margin-bottom: 8px; margin-top: 0px; line-height: 1.6;\">Fl\u00fcssigwaschmittel f\u00fcr die Waschmaschine. Die Formel mit blumigem Duft enth\u00e4lt Seifen und ausgew\u00e4hlte Inhaltsstoffe, anionische und nichtionische Tenside, optische Aufheller, Stellmittel, Schaumregler usw. Die Zusammensetzung des Produkts wurde optimiert, um eine hohe Waschleistung bei geringer Umweltbelastung zu erzielen. Das Produkt enth\u00e4lt keine Phosphate, L\u00f6sungsmittel und Oxidationsmittel.<\/p>\n<p style=\"margin-bottom: 10px; margin-top: 30px;\"><strong>Anwendungsbereiche<\/strong><\/p>\n<p style=\"margin-bottom: 8px; margin-top: 0px; line-height: 1.6;\">W\u00e4sche waschen.<\/p>\n<p style=\"margin-bottom: 10px; margin-top: 30px;\"><strong>Benutzerhinweise<\/strong><\/p>\n<p style=\"margin-bottom: 8px; margin-top: 0px; line-height: 1.6;\">Empfohlene Dosierungen f\u00fcr das Waschen in Waschmaschinen pro kg Trockenw\u00e4sche:<\/p>\n<table style=\"width: 100%; border-collapse: collapse; margin-bottom: 8px;\">\n<tbody>\n<tr>\n<td style=\"border: 1px solid #ddd; padding: 8px;\"><strong>W\u00c4SCHEREI<\/strong><\/td>\n<td style=\"border: 1px solid #ddd; padding: 8px;\"><strong>LEICHT VERSCHMUTZT<\/strong><\/td>\n<td style=\"border: 1px solid #ddd; padding: 8px;\"><strong>MITTELSCHMUTZIG<\/strong><\/td>\n<td style=\"border: 1px solid #ddd; padding: 8px;\"><strong>SEHR VERSCHMUTZT<\/strong><\/td>\n<\/tr>\n<tr>\n<td style=\"border: 1px solid #ddd; padding: 8px;\">Weiches Wasser (0\u201315 \u00b0F)<\/td>\n<td style=\"border: 1px solid #ddd; padding: 8px;\">10 ml<\/td>\n<td style=\"border: 1px solid #ddd; padding: 8px;\">13 ml<\/td>\n<td style=\"border: 1px solid #ddd; padding: 8px;\">16 ml<\/td>\n<\/tr>\n<tr>\n<td style=\"border: 1px solid #ddd; padding: 8px;\">M\u00e4\u00dfig hartes Wasser (&gt;15\u201325 \u00b0F)<\/td>\n<td style=\"border: 1px solid #ddd; padding: 8px;\">13 ml<\/td>\n<td style=\"border: 1px solid #ddd; padding: 8px;\">16 ml<\/td>\n<td style=\"border: 1px solid #ddd; padding: 8px;\">20 ml<\/td>\n<\/tr>\n<tr>\n<td style=\"border: 1px solid #ddd; padding: 8px;\">Hartes Wasser (&gt;25 \u00b0F)<\/td>\n<td style=\"border: 1px solid #ddd; padding: 8px;\">16 ml<\/td>\n<td style=\"border: 1px solid #ddd; padding: 8px;\">20 ml<\/td>\n<td style=\"border: 1px solid #ddd; padding: 8px;\">25 ml<\/td>\n<\/tr>\n<\/tbody>\n<\/table>\n<p style=\"margin-bottom: 8px; margin-top: 0px; line-height: 1.6;\">Bei Waschmaschinen mit externer Dosierautomatik den Ansaugschlauch in den Produkttank stecken und die Dosierpumpe je kg Trockenw\u00e4sche je nach Verschmutzungsgrad, Wasserh\u00e4rte und Waschprogramm regulieren.<\/p>\n<p style=\"margin-bottom: 8px; margin-top: 0px; line-height: 1.6;\">Bei Waschmaschinen ohne externe Dosiervorrichtungen geben Sie das Produkt in die daf\u00fcr vorgesehene kleine Kammer und f\u00fchren das Waschprogramm ohne Vorw\u00e4sche und gem\u00e4\u00df der Bedienungsanleitung der Maschine durch.<\/p>\n<p style=\"margin-bottom: 8px; margin-top: 0px; line-height: 1.6;\">Bei Verwendung einer Dosierkugel geben Sie die Produktmenge hinein, legen Sie die Kugel direkt in die Trommel der Waschmaschine, in die Mitte der W\u00e4scheladung, und f\u00fchren Sie das Waschprogramm ohne Vorw\u00e4sche durch. Bei Waschmaschinen mit integriertem W\u00e4schetrockner entfernen Sie die Kugel vor dem Trockengang.<\/p>\n<p style=\"margin-bottom: 8px; margin-top: 0px; line-height: 1.6;\">Bei hartn\u00e4ckigen Flecken (\u00d6l, So\u00dfe, Wein, Kaffee usw.) auf empfindlicher Kleidung das Produkt direkt auf den Fleck auftragen und anschlie\u00dfend wie gewohnt waschen. Bei Handw\u00e4sche 80\u2013100 ml des Produkts in 10 Liter Wasser verd\u00fcnnen, die Kleidung darin etwa eine Stunde einweichen lassen, anschlie\u00dfend waschen und gr\u00fcndlich aussp\u00fclen.<\/p>\n<p style=\"margin-bottom: 10px; margin-top: 30px;\"><strong>Chemisch-physikalische technische Daten<\/strong><\/p>\n<p style=\"margin-bottom: 8px; margin-top: 0px; line-height: 1.6;\"><strong>Aussehen<\/strong>: fl\u00fcssig<\/p>\n<p style=\"margin-bottom: 8px; margin-top: 0px; line-height: 1.6;\"><strong>Farbe<\/strong>: opaleszierendes Orange<\/p>\n<p style=\"margin-bottom: 8px; margin-top: 0px; line-height: 1.6;\"><strong>Geruch<\/strong>: blumiger Duft<\/p>\n<p style=\"margin-bottom: 8px; margin-top: 0px; line-height: 1.6;\"><strong>Dichte<\/strong>: 1,030 bei 20 \u00b0C<\/p>\n<p style=\"margin-bottom: 8px; margin-top: 0px; line-height: 1.6;\"><strong>pH<\/strong>: 9,7 +\/- 0,5<\/p>\n<p style=\"margin-bottom: 8px; margin-top: 0px; line-height: 1.6;\"><strong>Tenside<\/strong>: anionisch, nichtionisch<\/p>\n<p style=\"margin-bottom: 8px; margin-top: 0px; line-height: 1.6;\"><strong>Biologische Abbaubarkeit<\/strong>: \u00fcber 90 %<\/p>\n<p style=\"margin-bottom: 8px; margin-top: 0px; line-height: 1.6;\"><strong>Achtung!<\/strong> Lesen Sie vor Gebrauch das Sicherheitsdatenblatt sorgf\u00e4ltig durch.<\/p>\n","protected":false},"excerpt":{"rendered":"<p>FL\u00dcSSIGWASCHMITTEL ZUM WASCHEN IN WASCHMASCHINEN Hauptmerkmale Fl\u00fcssigwaschmittel f\u00fcr die Waschmaschine. Die Formel mit blumigem Duft enth\u00e4lt Seifen und ausgew\u00e4hlte Inhaltsstoffe, anionische und nichtionische Tenside, optische Aufheller, Stellmittel, Schaumregler usw. Die Zusammensetzung des Produkts wurde optimiert, um eine hohe Waschleistung bei geringer Umweltbelastung zu erzielen. Das Produkt enth\u00e4lt keine Phosphate, L\u00f6sungsmittel und Oxidationsmittel. Anwendungsbereiche W\u00e4sche waschen&#8230;.<\/p>\n","protected":false},"featured_media":6089,"template":"","meta":[],"product_brand":[342],"product_cat":[354,357,360],"product_tag":[],"class_list":{"0":"post-6088","1":"product","2":"type-product","3":"status-publish","4":"has-post-thumbnail","6":"product_brand-serpento-future-chemicals","7":"product_cat-flore-chemie-produkte","8":"product_cat-hotel-und-gastronomiegewerbe","9":"product_cat-allzweckreiniger-vollwaschmittel-wartungsmittel","11":"first","12":"instock","13":"shipping-taxable","14":"purchasable","15":"product-type-variable","16":"has-default-attributes"},"_links":{"self":[{"href":"https:\/\/e-flore.store\/de\/wp-json\/wp\/v2\/product\/6088","targetHints":{"allow":["GET"]}}],"collection":[{"href":"https:\/\/e-flore.store\/de\/wp-json\/wp\/v2\/product"}],"about":[{"href":"https:\/\/e-flore.store\/de\/wp-json\/wp\/v2\/types\/product"}],"wp:featuredmedia":[{"embeddable":true,"href":"https:\/\/e-flore.store\/de\/wp-json\/wp\/v2\/media\/6089"}],"wp:attachment":[{"href":"https:\/\/e-flore.store\/de\/wp-json\/wp\/v2\/media?parent=6088"}],"wp:term":[{"taxonomy":"product_brand","embeddable":true,"href":"https:\/\/e-flore.store\/de\/wp-json\/wp\/v2\/product_brand?post=6088"},{"taxonomy":"product_cat","embeddable":true,"href":"https:\/\/e-flore.store\/de\/wp-json\/wp\/v2\/product_cat?post=6088"},{"taxonomy":"product_tag","embeddable":true,"href":"https:\/\/e-flore.store\/de\/wp-json\/wp\/v2\/product_tag?post=6088"}],"curies":[{"name":"wp","href":"https:\/\/api.w.org\/{rel}","templated":true}]}}